{"id":4466,"date":"2025-01-16T09:18:40","date_gmt":"2025-01-16T08:18:40","guid":{"rendered":"https:\/\/crm.lafabrikk.dev\/ihre-branche\/marine\/"},"modified":"2025-01-29T14:17:40","modified_gmt":"2025-01-29T13:17:40","slug":"marine","status":"publish","type":"page","link":"https:\/\/www.cordm.com\/de\/ihre-branche\/marine\/","title":{"rendered":"Marine"},"content":{"rendered":"\n<p>Unser breites Angebot von Getrieben ist speziell auf die Anforderungen des direkten Propellerantriebs zugeschnitten und gew\u00e4hrleistet eine effiziente, zuverl\u00e4ssige und dauerhafte Navigation auf See. Wir wissen, dass in der Schifffahrtsindustrie jedes Element der Antriebskette perfekt funktionieren muss. Deshalb werden unsere Getriebe mit besonderem Augenmerk auf Pr\u00e4zision und Leistung hergestellt, um die strengsten Anforderungen der Branche zu erf\u00fcllen.<br>\u00a0Anforderungen der Branche zu erf\u00fcllen. Mit unseren L\u00f6sungen k\u00f6nnen Sie mit Zuversicht segeln, w\u00e4hrend Sie gleichzeitig die Leistung optimieren und den \u00f6kologischen Fu\u00dfabdruck Ihres Schiffsbetriebs reduzieren.<\/p>\n\n\n\n<p>Unsere Getriebe sind f\u00fcr eine optimale Kraft\u00fcbertragung ausgelegt und gew\u00e4hrleisten nicht nur eine hochpr\u00e4zise Man\u00f6vrierf\u00e4higkeit, sondern auch eine hohe Geschwindigkeit und eine un\u00fcbertroffene Zuverl\u00e4ssigkeit. Ob f\u00fcr Handelsschiffe,<br>\u00a0Ob f\u00fcr Handelsschiffe, Forschungsschiffe oder F\u00e4hren, unsere mechanischen Antriebssysteme sind perfekt auf jeden Schiffstyp abgestimmt und erm\u00f6glichen es Ihnen, au\u00dfergew\u00f6hnliche Antriebsleistungen bei minimalem Kraftstoffverbrauch zu gew\u00e4hrleisten. Diese Energieeffizienz ist unerl\u00e4sslich, um die Betriebskosten zu senken und gleichzeitig die immer strengeren Umweltnormen im maritimen Sektor einzuhalten.<\/p>\n\n\n\n<p>Wenn Sie Cordm w\u00e4hlen, entscheiden Sie sich f\u00fcr ein mechanisches Getriebe, das viele spezifische Vorteile f\u00fcr die Schifffahrt bietet. Da die Sicherheit auf See oberste Priorit\u00e4t hat, sind unsere Getriebe so konzipiert, dass sie unter extremen Betriebsbedingungen, bei denen das Verschlei\u00df- und Ausfallrisiko auf ein Minimum reduziert werden muss, maximale Zuverl\u00e4ssigkeit gew\u00e4hrleisten. Ihr robustes Design und ihre fortschrittliche Technologie gew\u00e4hrleisten eine h\u00f6here Widerstandsf\u00e4higkeit gegen\u00fcber schweren Lasten, Vibrationen und Temperaturschwankungen und bieten gleichzeitig eine bemerkenswerte Langlebigkeit. Dies reduziert die Wartungs- und Reparaturkosten und verl\u00e4ngert die Lebensdauer Ihrer Antriebsausr\u00fcstung.<\/p>\n\n\n\n<p>Dar\u00fcber hinaus gew\u00e4hrleisten die Qualit\u00e4t der Fertigung und die f\u00fcr unsere Getriebe verwendeten Werkstoffe eine lange Lebensdauer, selbst in rauen und anspruchsvollen Meeresumgebungen. Ob auf hoher See oder bei komplexen Man\u00f6vern im Hafen, unsere Getriebe liefern eine stabile, zuverl\u00e4ssige Leistung und tragen so zum sicheren Betrieb und zur Effizienz von Schiffen w\u00e4hrend ihres gesamten Lebenszyklus bei.<\/p>\n\n\n\n<p>Au\u00dferdem bieten wir ma\u00dfgeschneiderte L\u00f6sungen an, die auf die spezifischen Anforderungen jedes Schiffstyps und jeder Mission abgestimmt sind. Ganz gleich, ob Sie die Man\u00f6vrierf\u00e4higkeit Ihrer F\u00e4hren verbessern oder den Antrieb Ihrer Forschungsschiffe optimieren m\u00f6chten, unsere Expertenteams stehen Ihnen zur Seite, um ma\u00dfgeschneiderte Antriebssysteme zu entwickeln, die Ihre technischen Anforderungen erf\u00fcllen und gleichzeitig die Energieeffizienz und Sicherheit maximieren.<br>Cordm hat es sich zur Aufgabe gemacht, Ihnen Schiffsgetriebe h\u00f6chster Qualit\u00e4t zu liefern, die die Leistung, Sicherheit und Rentabilit\u00e4t Ihres Betriebs verbessern sollen. Wenn Sie auf der Suche nach zuverl\u00e4ssigen, leistungsstarken L\u00f6sungen f\u00fcr Ihren Bedarf an direkten Propellerantrieben sind, wenden Sie sich bitte an uns. Unsere Erfahrung und unser Know-how in der Schifffahrt stellen sicher, dass Sie die richtigen, langlebigen L\u00f6sungen f\u00fcr die Herausforderungen und Anforderungen der modernen Schifffahrtsindustrie erhalten.<\/p>\n","protected":false},"excerpt":{"rendered":"<p>Unser breites Angebot von Getrieben ist speziell auf die Anforderungen des direkten Propellerantriebs zugeschnitten und gew\u00e4hrleistet eine effiziente, zuverl\u00e4ssige und dauerhafte Navigation auf See. Wir wissen, dass in der Schifffahrtsindustrie jedes Element der Antriebskette perfekt funktionieren muss. Deshalb werden unsere Getriebe mit besonderem Augenmerk auf Pr\u00e4zision und Leistung hergestellt, um die strengsten Anforderungen der Branche [&hellip;]<\/p>\n","protected":false},"author":1,"featured_media":0,"parent":4064,"menu_order":0,"comment_status":"closed","ping_status":"closed","template":"","meta":{"_acf_changed":false,"footnotes":""},"class_list":["post-4466","page","type-page","status-publish","hentry"],"acf":[],"yoast_head":"<!-- This site is optimized with the Yoast SEO plugin v27.5 - https:\/\/yoast.com\/product\/yoast-seo-wordpress\/ -->\n<title>Marine - CORDM Gears<\/title>\n<meta name=\"robots\" content=\"index, follow, max-snippet:-1, max-image-preview:large, max-video-preview:-1\" \/>\n<link rel=\"canonical\" href=\"https:\/\/www.cordm.com\/de\/ihre-branche\/marine\/\" \/>\n<meta property=\"og:locale\" content=\"de_DE\" \/>\n<meta property=\"og:type\" content=\"article\" \/>\n<meta property=\"og:title\" content=\"Marine - CORDM Gears\" \/>\n<meta property=\"og:description\" content=\"Unser breites Angebot von Getrieben ist speziell auf die Anforderungen des direkten Propellerantriebs zugeschnitten und gew\u00e4hrleistet eine effiziente, zuverl\u00e4ssige und dauerhafte Navigation auf See. Wir wissen, dass in der Schifffahrtsindustrie jedes Element der Antriebskette perfekt funktionieren muss. Deshalb werden unsere Getriebe mit besonderem Augenmerk auf Pr\u00e4zision und Leistung hergestellt, um die strengsten Anforderungen der Branche [&hellip;]\" \/>\n<meta property=\"og:url\" content=\"https:\/\/www.cordm.com\/de\/ihre-branche\/marine\/\" \/>\n<meta property=\"og:site_name\" content=\"CORDM Gears\" \/>\n<meta property=\"article:modified_time\" content=\"2025-01-29T13:17:40+00:00\" \/>\n<meta name=\"twitter:card\" content=\"summary_large_image\" \/>\n<meta name=\"twitter:label1\" content=\"Gesch\u00e4tzte Lesezeit\" \/>\n\t<meta name=\"twitter:data1\" content=\"3\u00a0Minuten\" \/>\n<script type=\"application\/ld+json\" class=\"yoast-schema-graph\">{\"@context\":\"https:\\\/\\\/schema.org\",\"@graph\":[{\"@type\":\"WebPage\",\"@id\":\"https:\\\/\\\/www.cordm.com\\\/de\\\/ihre-branche\\\/marine\\\/\",\"url\":\"https:\\\/\\\/www.cordm.com\\\/de\\\/ihre-branche\\\/marine\\\/\",\"name\":\"Marine - CORDM Gears\",\"isPartOf\":{\"@id\":\"https:\\\/\\\/www.cordm.com\\\/de\\\/#website\"},\"datePublished\":\"2025-01-16T08:18:40+00:00\",\"dateModified\":\"2025-01-29T13:17:40+00:00\",\"breadcrumb\":{\"@id\":\"https:\\\/\\\/www.cordm.com\\\/de\\\/ihre-branche\\\/marine\\\/#breadcrumb\"},\"inLanguage\":\"de\",\"potentialAction\":[{\"@type\":\"ReadAction\",\"target\":[\"https:\\\/\\\/www.cordm.com\\\/de\\\/ihre-branche\\\/marine\\\/\"]}]},{\"@type\":\"BreadcrumbList\",\"@id\":\"https:\\\/\\\/www.cordm.com\\\/de\\\/ihre-branche\\\/marine\\\/#breadcrumb\",\"itemListElement\":[{\"@type\":\"ListItem\",\"position\":1,\"name\":\"CORDM Gears\",\"item\":\"https:\\\/\\\/www.cordm.com\\\/de\\\/\"},{\"@type\":\"ListItem\",\"position\":2,\"name\":\"Ihre Branche\",\"item\":\"https:\\\/\\\/www.cordm.com\\\/de\\\/ihre-branche\\\/\"},{\"@type\":\"ListItem\",\"position\":3,\"name\":\"Marine\"}]},{\"@type\":\"WebSite\",\"@id\":\"https:\\\/\\\/www.cordm.com\\\/de\\\/#website\",\"url\":\"https:\\\/\\\/www.cordm.com\\\/de\\\/\",\"name\":\"CORDM Gears\",\"description\":\"\",\"publisher\":{\"@id\":\"https:\\\/\\\/www.cordm.com\\\/de\\\/#organization\"},\"potentialAction\":[{\"@type\":\"SearchAction\",\"target\":{\"@type\":\"EntryPoint\",\"urlTemplate\":\"https:\\\/\\\/www.cordm.com\\\/de\\\/?s={search_term_string}\"},\"query-input\":{\"@type\":\"PropertyValueSpecification\",\"valueRequired\":true,\"valueName\":\"search_term_string\"}}],\"inLanguage\":\"de\"},{\"@type\":\"Organization\",\"@id\":\"https:\\\/\\\/www.cordm.com\\\/de\\\/#organization\",\"name\":\"CORDM Gears\",\"url\":\"https:\\\/\\\/www.cordm.com\\\/de\\\/\",\"logo\":{\"@type\":\"ImageObject\",\"inLanguage\":\"de\",\"@id\":\"https:\\\/\\\/www.cordm.com\\\/de\\\/#\\\/schema\\\/logo\\\/image\\\/\",\"url\":\"https:\\\/\\\/www.cordm.com\\\/wp-content\\\/uploads\\\/2024\\\/10\\\/cordm_logo.png\",\"contentUrl\":\"https:\\\/\\\/www.cordm.com\\\/wp-content\\\/uploads\\\/2024\\\/10\\\/cordm_logo.png\",\"width\":332,\"height\":98,\"caption\":\"CORDM Gears\"},\"image\":{\"@id\":\"https:\\\/\\\/www.cordm.com\\\/de\\\/#\\\/schema\\\/logo\\\/image\\\/\"}}]}<\/script>\n<!-- \/ Yoast SEO plugin. -->","yoast_head_json":{"title":"Marine - CORDM Gears","robots":{"index":"index","follow":"follow","max-snippet":"max-snippet:-1","max-image-preview":"max-image-preview:large","max-video-preview":"max-video-preview:-1"},"canonical":"https:\/\/www.cordm.com\/de\/ihre-branche\/marine\/","og_locale":"de_DE","og_type":"article","og_title":"Marine - CORDM Gears","og_description":"Unser breites Angebot von Getrieben ist speziell auf die Anforderungen des direkten Propellerantriebs zugeschnitten und gew\u00e4hrleistet eine effiziente, zuverl\u00e4ssige und dauerhafte Navigation auf See. Wir wissen, dass in der Schifffahrtsindustrie jedes Element der Antriebskette perfekt funktionieren muss. Deshalb werden unsere Getriebe mit besonderem Augenmerk auf Pr\u00e4zision und Leistung hergestellt, um die strengsten Anforderungen der Branche [&hellip;]","og_url":"https:\/\/www.cordm.com\/de\/ihre-branche\/marine\/","og_site_name":"CORDM Gears","article_modified_time":"2025-01-29T13:17:40+00:00","twitter_card":"summary_large_image","twitter_misc":{"Gesch\u00e4tzte Lesezeit":"3\u00a0Minuten"},"schema":{"@context":"https:\/\/schema.org","@graph":[{"@type":"WebPage","@id":"https:\/\/www.cordm.com\/de\/ihre-branche\/marine\/","url":"https:\/\/www.cordm.com\/de\/ihre-branche\/marine\/","name":"Marine - CORDM Gears","isPartOf":{"@id":"https:\/\/www.cordm.com\/de\/#website"},"datePublished":"2025-01-16T08:18:40+00:00","dateModified":"2025-01-29T13:17:40+00:00","breadcrumb":{"@id":"https:\/\/www.cordm.com\/de\/ihre-branche\/marine\/#breadcrumb"},"inLanguage":"de","potentialAction":[{"@type":"ReadAction","target":["https:\/\/www.cordm.com\/de\/ihre-branche\/marine\/"]}]},{"@type":"BreadcrumbList","@id":"https:\/\/www.cordm.com\/de\/ihre-branche\/marine\/#breadcrumb","itemListElement":[{"@type":"ListItem","position":1,"name":"CORDM Gears","item":"https:\/\/www.cordm.com\/de\/"},{"@type":"ListItem","position":2,"name":"Ihre Branche","item":"https:\/\/www.cordm.com\/de\/ihre-branche\/"},{"@type":"ListItem","position":3,"name":"Marine"}]},{"@type":"WebSite","@id":"https:\/\/www.cordm.com\/de\/#website","url":"https:\/\/www.cordm.com\/de\/","name":"CORDM Gears","description":"","publisher":{"@id":"https:\/\/www.cordm.com\/de\/#organization"},"potentialAction":[{"@type":"SearchAction","target":{"@type":"EntryPoint","urlTemplate":"https:\/\/www.cordm.com\/de\/?s={search_term_string}"},"query-input":{"@type":"PropertyValueSpecification","valueRequired":true,"valueName":"search_term_string"}}],"inLanguage":"de"},{"@type":"Organization","@id":"https:\/\/www.cordm.com\/de\/#organization","name":"CORDM Gears","url":"https:\/\/www.cordm.com\/de\/","logo":{"@type":"ImageObject","inLanguage":"de","@id":"https:\/\/www.cordm.com\/de\/#\/schema\/logo\/image\/","url":"https:\/\/www.cordm.com\/wp-content\/uploads\/2024\/10\/cordm_logo.png","contentUrl":"https:\/\/www.cordm.com\/wp-content\/uploads\/2024\/10\/cordm_logo.png","width":332,"height":98,"caption":"CORDM Gears"},"image":{"@id":"https:\/\/www.cordm.com\/de\/#\/schema\/logo\/image\/"}}]}},"_links":{"self":[{"href":"https:\/\/www.cordm.com\/de\/wp-json\/wp\/v2\/pages\/4466","targetHints":{"allow":["GET"]}}],"collection":[{"href":"https:\/\/www.cordm.com\/de\/wp-json\/wp\/v2\/pages"}],"about":[{"href":"https:\/\/www.cordm.com\/de\/wp-json\/wp\/v2\/types\/page"}],"author":[{"embeddable":true,"href":"https:\/\/www.cordm.com\/de\/wp-json\/wp\/v2\/users\/1"}],"replies":[{"embeddable":true,"href":"https:\/\/www.cordm.com\/de\/wp-json\/wp\/v2\/comments?post=4466"}],"version-history":[{"count":2,"href":"https:\/\/www.cordm.com\/de\/wp-json\/wp\/v2\/pages\/4466\/revisions"}],"predecessor-version":[{"id":4472,"href":"https:\/\/www.cordm.com\/de\/wp-json\/wp\/v2\/pages\/4466\/revisions\/4472"}],"up":[{"embeddable":true,"href":"https:\/\/www.cordm.com\/de\/wp-json\/wp\/v2\/pages\/4064"}],"wp:attachment":[{"href":"https:\/\/www.cordm.com\/de\/wp-json\/wp\/v2\/media?parent=4466"}],"curies":[{"name":"wp","href":"https:\/\/api.w.org\/{rel}","templated":true}]}}