{"id":4459,"date":"2025-01-16T09:18:27","date_gmt":"2025-01-16T08:18:27","guid":{"rendered":"https:\/\/crm.lafabrikk.dev\/ihre-branche\/transport-ferroviaire\/"},"modified":"2025-01-29T14:12:13","modified_gmt":"2025-01-29T13:12:13","slug":"bahnindustrie","status":"publish","type":"page","link":"https:\/\/www.cordm.com\/de\/ihre-branche\/bahnindustrie\/","title":{"rendered":"Bahnindustrie"},"content":{"rendered":"\n<p>Um eine wesentliche Rolle in der modernen Mobilit\u00e4t zu spielen, bietet Cordm ein fortschrittliches Know-how in der Herstellung von mechanischen Getrieben und Zahnr\u00e4dern, kritischen Komponenten f\u00fcr die wichtigsten Hersteller von Schienenfahrzeugen, seien es U-Bahnen, Hochgeschwindigkeitsz\u00fcge oder G\u00fcterz\u00fcge. Dank seiner langj\u00e4hrigen Erfahrung und seines fortschrittlichen technologischen Know-hows ist Cordm ein wichtiger Akteur in diesem Sektor und tr\u00e4gt aktiv dazu bei, die Leistung und Sicherheit von Schienenverkehrssystemen weltweit zu optimieren.<\/p>\n\n\n\n<p>Bei U-Bahn-Systemen sind Zuverl\u00e4ssigkeit und Leistung Grundvoraussetzungen, um einen regelm\u00e4\u00dfigen und st\u00f6rungsfreien Betrieb zu gew\u00e4hrleisten. U-Bahnen, die oft intensiven Arbeitszyklen und unterschiedlichen Betriebsbedingungen ausgesetzt sind, erfordern besonders zuverl\u00e4ssige Komponenten. Deshalb werden unsere Getriebe speziell f\u00fcr eine au\u00dfergew\u00f6hnliche Haltbarkeit und einen geringen Wartungsaufwand hergestellt. Durch die Verwendung hochwertiger Materialien und modernster Fertigungsverfahren gew\u00e4hrleisten unsere Getriebe einen reibungslosen und st\u00f6rungsfreien Betrieb, auch unter schweren Bedingungen. Diese Zuverl\u00e4ssigkeit optimiert nicht nur die Leistung der Metros, sondern verl\u00e4ngert auch ihre Lebensdauer und reduziert gleichzeitig die Wartungs- und Betriebskosten f\u00fcr die Betreiber.<\/p>\n\n\n\n<p>Wenn es um Hochgeschwindigkeitsz\u00fcge geht, sind hohe Geschwindigkeit und Sicherheit wesentliche Kriterien, die streng abgewogen werden m\u00fcssen. Um den strengen Leistungsanforderungen von Hochgeschwindigkeitsz\u00fcgen gerecht zu werden, sind unsere Getriebe so konzipiert, dass sie eine optimale Kraft\u00fcbertragung bei gleichzeitiger Minimierung von Verschlei\u00df und Vibrationen gew\u00e4hrleisten. Diese Getriebe werden strengen Tests und Qualit\u00e4tskontrollen unterzogen, um sicherzustellen, dass sie allen internationalen Normen und Zertifizierungen entsprechen, die in der Bahnindustrie gelten. Die erzielten Ergebnisse garantieren hohe Leistungen und maximale Sicherheit, auch bei extremen Geschwindigkeiten.<\/p>\n\n\n\n<p>Unser Engagement f\u00fcr Innovation und st\u00e4ndige Forschung erm\u00f6glicht es uns, immer leistungsf\u00e4higere L\u00f6sungen anzubieten, die an die sich wandelnden Bed\u00fcrfnisse der Eisenbahnindustrie angepasst sind, in einem Umfeld, in dem Zuverl\u00e4ssigkeit, Sicherheit und Langlebigkeit mehr denn je an erster Stelle stehen. Cordm ist daher der bevorzugte Partner von Herstellern und Eisenbahnverkehrsunternehmen, der sowohl die Qualit\u00e4t der Produkte als auch einen hervorragenden Service gew\u00e4hrleistet.<\/p>\n\n\n\n<p><\/p>\n","protected":false},"excerpt":{"rendered":"<p>Um eine wesentliche Rolle in der modernen Mobilit\u00e4t zu spielen, bietet Cordm ein fortschrittliches Know-how in der Herstellung von mechanischen Getrieben und Zahnr\u00e4dern, kritischen Komponenten f\u00fcr die wichtigsten Hersteller von Schienenfahrzeugen, seien es U-Bahnen, Hochgeschwindigkeitsz\u00fcge oder G\u00fcterz\u00fcge. Dank seiner langj\u00e4hrigen Erfahrung und seines fortschrittlichen technologischen Know-hows ist Cordm ein wichtiger Akteur in diesem Sektor und [&hellip;]<\/p>\n","protected":false},"author":1,"featured_media":0,"parent":4064,"menu_order":0,"comment_status":"closed","ping_status":"closed","template":"","meta":{"_acf_changed":false,"footnotes":""},"class_list":["post-4459","page","type-page","status-publish","hentry"],"acf":[],"yoast_head":"<!-- This site is optimized with the Yoast SEO plugin v27.5 - https:\/\/yoast.com\/product\/yoast-seo-wordpress\/ -->\n<title>Bahnindustrie - CORDM Gears<\/title>\n<meta name=\"robots\" content=\"index, follow, max-snippet:-1, max-image-preview:large, max-video-preview:-1\" \/>\n<link rel=\"canonical\" href=\"https:\/\/www.cordm.com\/de\/ihre-branche\/bahnindustrie\/\" \/>\n<meta property=\"og:locale\" content=\"de_DE\" \/>\n<meta property=\"og:type\" content=\"article\" \/>\n<meta property=\"og:title\" content=\"Bahnindustrie - CORDM Gears\" \/>\n<meta property=\"og:description\" content=\"Um eine wesentliche Rolle in der modernen Mobilit\u00e4t zu spielen, bietet Cordm ein fortschrittliches Know-how in der Herstellung von mechanischen Getrieben und Zahnr\u00e4dern, kritischen Komponenten f\u00fcr die wichtigsten Hersteller von Schienenfahrzeugen, seien es U-Bahnen, Hochgeschwindigkeitsz\u00fcge oder G\u00fcterz\u00fcge. Dank seiner langj\u00e4hrigen Erfahrung und seines fortschrittlichen technologischen Know-hows ist Cordm ein wichtiger Akteur in diesem Sektor und [&hellip;]\" \/>\n<meta property=\"og:url\" content=\"https:\/\/www.cordm.com\/de\/ihre-branche\/bahnindustrie\/\" \/>\n<meta property=\"og:site_name\" content=\"CORDM Gears\" \/>\n<meta property=\"article:modified_time\" content=\"2025-01-29T13:12:13+00:00\" \/>\n<meta name=\"twitter:card\" content=\"summary_large_image\" \/>\n<meta name=\"twitter:label1\" content=\"Gesch\u00e4tzte Lesezeit\" \/>\n\t<meta name=\"twitter:data1\" content=\"2\u00a0Minuten\" \/>\n<script type=\"application\/ld+json\" class=\"yoast-schema-graph\">{\"@context\":\"https:\\\/\\\/schema.org\",\"@graph\":[{\"@type\":\"WebPage\",\"@id\":\"https:\\\/\\\/www.cordm.com\\\/de\\\/ihre-branche\\\/bahnindustrie\\\/\",\"url\":\"https:\\\/\\\/www.cordm.com\\\/de\\\/ihre-branche\\\/bahnindustrie\\\/\",\"name\":\"Bahnindustrie - CORDM Gears\",\"isPartOf\":{\"@id\":\"https:\\\/\\\/www.cordm.com\\\/de\\\/#website\"},\"datePublished\":\"2025-01-16T08:18:27+00:00\",\"dateModified\":\"2025-01-29T13:12:13+00:00\",\"breadcrumb\":{\"@id\":\"https:\\\/\\\/www.cordm.com\\\/de\\\/ihre-branche\\\/bahnindustrie\\\/#breadcrumb\"},\"inLanguage\":\"de\",\"potentialAction\":[{\"@type\":\"ReadAction\",\"target\":[\"https:\\\/\\\/www.cordm.com\\\/de\\\/ihre-branche\\\/bahnindustrie\\\/\"]}]},{\"@type\":\"BreadcrumbList\",\"@id\":\"https:\\\/\\\/www.cordm.com\\\/de\\\/ihre-branche\\\/bahnindustrie\\\/#breadcrumb\",\"itemListElement\":[{\"@type\":\"ListItem\",\"position\":1,\"name\":\"CORDM Gears\",\"item\":\"https:\\\/\\\/www.cordm.com\\\/de\\\/\"},{\"@type\":\"ListItem\",\"position\":2,\"name\":\"Ihre Branche\",\"item\":\"https:\\\/\\\/www.cordm.com\\\/de\\\/ihre-branche\\\/\"},{\"@type\":\"ListItem\",\"position\":3,\"name\":\"Bahnindustrie\"}]},{\"@type\":\"WebSite\",\"@id\":\"https:\\\/\\\/www.cordm.com\\\/de\\\/#website\",\"url\":\"https:\\\/\\\/www.cordm.com\\\/de\\\/\",\"name\":\"CORDM Gears\",\"description\":\"\",\"publisher\":{\"@id\":\"https:\\\/\\\/www.cordm.com\\\/de\\\/#organization\"},\"potentialAction\":[{\"@type\":\"SearchAction\",\"target\":{\"@type\":\"EntryPoint\",\"urlTemplate\":\"https:\\\/\\\/www.cordm.com\\\/de\\\/?s={search_term_string}\"},\"query-input\":{\"@type\":\"PropertyValueSpecification\",\"valueRequired\":true,\"valueName\":\"search_term_string\"}}],\"inLanguage\":\"de\"},{\"@type\":\"Organization\",\"@id\":\"https:\\\/\\\/www.cordm.com\\\/de\\\/#organization\",\"name\":\"CORDM Gears\",\"url\":\"https:\\\/\\\/www.cordm.com\\\/de\\\/\",\"logo\":{\"@type\":\"ImageObject\",\"inLanguage\":\"de\",\"@id\":\"https:\\\/\\\/www.cordm.com\\\/de\\\/#\\\/schema\\\/logo\\\/image\\\/\",\"url\":\"https:\\\/\\\/www.cordm.com\\\/wp-content\\\/uploads\\\/2024\\\/10\\\/cordm_logo.png\",\"contentUrl\":\"https:\\\/\\\/www.cordm.com\\\/wp-content\\\/uploads\\\/2024\\\/10\\\/cordm_logo.png\",\"width\":332,\"height\":98,\"caption\":\"CORDM Gears\"},\"image\":{\"@id\":\"https:\\\/\\\/www.cordm.com\\\/de\\\/#\\\/schema\\\/logo\\\/image\\\/\"}}]}<\/script>\n<!-- \/ Yoast SEO plugin. -->","yoast_head_json":{"title":"Bahnindustrie - CORDM Gears","robots":{"index":"index","follow":"follow","max-snippet":"max-snippet:-1","max-image-preview":"max-image-preview:large","max-video-preview":"max-video-preview:-1"},"canonical":"https:\/\/www.cordm.com\/de\/ihre-branche\/bahnindustrie\/","og_locale":"de_DE","og_type":"article","og_title":"Bahnindustrie - CORDM Gears","og_description":"Um eine wesentliche Rolle in der modernen Mobilit\u00e4t zu spielen, bietet Cordm ein fortschrittliches Know-how in der Herstellung von mechanischen Getrieben und Zahnr\u00e4dern, kritischen Komponenten f\u00fcr die wichtigsten Hersteller von Schienenfahrzeugen, seien es U-Bahnen, Hochgeschwindigkeitsz\u00fcge oder G\u00fcterz\u00fcge. Dank seiner langj\u00e4hrigen Erfahrung und seines fortschrittlichen technologischen Know-hows ist Cordm ein wichtiger Akteur in diesem Sektor und [&hellip;]","og_url":"https:\/\/www.cordm.com\/de\/ihre-branche\/bahnindustrie\/","og_site_name":"CORDM Gears","article_modified_time":"2025-01-29T13:12:13+00:00","twitter_card":"summary_large_image","twitter_misc":{"Gesch\u00e4tzte Lesezeit":"2\u00a0Minuten"},"schema":{"@context":"https:\/\/schema.org","@graph":[{"@type":"WebPage","@id":"https:\/\/www.cordm.com\/de\/ihre-branche\/bahnindustrie\/","url":"https:\/\/www.cordm.com\/de\/ihre-branche\/bahnindustrie\/","name":"Bahnindustrie - CORDM Gears","isPartOf":{"@id":"https:\/\/www.cordm.com\/de\/#website"},"datePublished":"2025-01-16T08:18:27+00:00","dateModified":"2025-01-29T13:12:13+00:00","breadcrumb":{"@id":"https:\/\/www.cordm.com\/de\/ihre-branche\/bahnindustrie\/#breadcrumb"},"inLanguage":"de","potentialAction":[{"@type":"ReadAction","target":["https:\/\/www.cordm.com\/de\/ihre-branche\/bahnindustrie\/"]}]},{"@type":"BreadcrumbList","@id":"https:\/\/www.cordm.com\/de\/ihre-branche\/bahnindustrie\/#breadcrumb","itemListElement":[{"@type":"ListItem","position":1,"name":"CORDM Gears","item":"https:\/\/www.cordm.com\/de\/"},{"@type":"ListItem","position":2,"name":"Ihre Branche","item":"https:\/\/www.cordm.com\/de\/ihre-branche\/"},{"@type":"ListItem","position":3,"name":"Bahnindustrie"}]},{"@type":"WebSite","@id":"https:\/\/www.cordm.com\/de\/#website","url":"https:\/\/www.cordm.com\/de\/","name":"CORDM Gears","description":"","publisher":{"@id":"https:\/\/www.cordm.com\/de\/#organization"},"potentialAction":[{"@type":"SearchAction","target":{"@type":"EntryPoint","urlTemplate":"https:\/\/www.cordm.com\/de\/?s={search_term_string}"},"query-input":{"@type":"PropertyValueSpecification","valueRequired":true,"valueName":"search_term_string"}}],"inLanguage":"de"},{"@type":"Organization","@id":"https:\/\/www.cordm.com\/de\/#organization","name":"CORDM Gears","url":"https:\/\/www.cordm.com\/de\/","logo":{"@type":"ImageObject","inLanguage":"de","@id":"https:\/\/www.cordm.com\/de\/#\/schema\/logo\/image\/","url":"https:\/\/www.cordm.com\/wp-content\/uploads\/2024\/10\/cordm_logo.png","contentUrl":"https:\/\/www.cordm.com\/wp-content\/uploads\/2024\/10\/cordm_logo.png","width":332,"height":98,"caption":"CORDM Gears"},"image":{"@id":"https:\/\/www.cordm.com\/de\/#\/schema\/logo\/image\/"}}]}},"_links":{"self":[{"href":"https:\/\/www.cordm.com\/de\/wp-json\/wp\/v2\/pages\/4459","targetHints":{"allow":["GET"]}}],"collection":[{"href":"https:\/\/www.cordm.com\/de\/wp-json\/wp\/v2\/pages"}],"about":[{"href":"https:\/\/www.cordm.com\/de\/wp-json\/wp\/v2\/types\/page"}],"author":[{"embeddable":true,"href":"https:\/\/www.cordm.com\/de\/wp-json\/wp\/v2\/users\/1"}],"replies":[{"embeddable":true,"href":"https:\/\/www.cordm.com\/de\/wp-json\/wp\/v2\/comments?post=4459"}],"version-history":[{"count":1,"href":"https:\/\/www.cordm.com\/de\/wp-json\/wp\/v2\/pages\/4459\/revisions"}],"predecessor-version":[{"id":4464,"href":"https:\/\/www.cordm.com\/de\/wp-json\/wp\/v2\/pages\/4459\/revisions\/4464"}],"up":[{"embeddable":true,"href":"https:\/\/www.cordm.com\/de\/wp-json\/wp\/v2\/pages\/4064"}],"wp:attachment":[{"href":"https:\/\/www.cordm.com\/de\/wp-json\/wp\/v2\/media?parent=4459"}],"curies":[{"name":"wp","href":"https:\/\/api.w.org\/{rel}","templated":true}]}}