{"id":4078,"date":"2024-11-22T11:29:27","date_gmt":"2024-11-22T10:29:27","guid":{"rendered":"https:\/\/crm.lafabrikk.dev\/meuse-attractivite\/"},"modified":"2024-12-18T10:18:40","modified_gmt":"2024-12-18T09:18:40","slug":"die-maas","status":"publish","type":"page","link":"https:\/\/www.cordm.com\/de\/die-maas\/","title":{"rendered":"Die MAAS"},"content":{"rendered":"\n<p><\/p>\n\n\n\n<div class=\"wp-block-columns are-vertically-aligned-center is-layout-flex wp-container-core-columns-is-layout-9d6595d7 wp-block-columns-is-layout-flex\">\n<div class=\"wp-block-column is-vertically-aligned-center is-layout-flow wp-block-column-is-layout-flow\"><div class=\"wp-block-image\">\n<figure class=\"aligncenter size-full\"><img loading=\"lazy\" decoding=\"async\" width=\"1000\" height=\"669\" alt=\"\" src=\"https:\/\/crm.lafabrikk.dev\/wp-content\/uploads\/2024\/11\/cordm-meuse-attractivite.jpg\"  class=\"wp-image-3583\" srcset=\"https:\/\/www.cordm.com\/wp-content\/uploads\/2024\/11\/cordm-meuse-attractivite.jpg 1000w, https:\/\/www.cordm.com\/wp-content\/uploads\/2024\/11\/cordm-meuse-attractivite-300x201.jpg 300w, https:\/\/www.cordm.com\/wp-content\/uploads\/2024\/11\/cordm-meuse-attractivite-768x514.jpg 768w\" sizes=\"auto, (max-width: 1000px) 100vw, 1000px\" \/><\/figure>\n<\/div><\/div>\n\n\n\n<div class=\"wp-block-column is-vertically-aligned-center is-layout-flow wp-block-column-is-layout-flow\">\n<p>Auf halbem Weg zwischen Paris und Stra\u00dfburg, an der Grenze zu Belgien und Champagne-Ardenne gelegen, hat die Maas viel zu bieten. Ihren Namen hat sie von dem Fluss, der sie von S\u00fcden nach Norden durchflie\u00dft: die Maas!<\/p>\n\n\n\n<p>Auf einer Strecke von 950 km durchquert der Fluss Frankreich, Belgien und die Niederlande, bevor er in die Nordsee m\u00fcndet.<\/p>\n\n\n\n<p>Die Maas ist Teil der historischen und kulturellen Region Lothringen und geh\u00f6rt heute zur Verwaltungsregion Grand Est.<\/p>\n\n\n\n<p>La Meuse in 2 Minuten, sehr nah an den gro\u00dfen St\u00e4dten:<\/p>\n\n\n\n<ul class=\"wp-block-list\">\n<li>TGV-Bahnhof &#8222;MEUSE TGV&#8220; &#8211; 1 Stunde von Paris Gare de l&#8217;Est, 1 Stunde 10 Minuten vom Flughafen CDG, 1 Stunde von Stra\u00dfburg.<\/li>\n\n\n\n<li>A4 Autobahn &#8211; 3 Stunden von Paris, 2 Stunden 30 Minuten von Stra\u00dfburg, 1 Stunde von Metz, 1 Stunde 20 Minuten von Reims.<\/li>\n<\/ul>\n<\/div>\n<\/div>\n\n\n\n<h2 class=\"wp-block-heading\">Ein ideales Lebensumfeld f\u00fcr ein Gleichgewicht zwischen Stadt und Land<\/h2>\n\n\n\n<p>St\u00e4dte im menschlichen Ma\u00dfstab: Pr\u00e4fektur: Bar-le-Duc, Landratsamt: Verdun, Commercy, usw.<\/p>\n\n\n\n<p>Sie werden die Landschaften, die Natur, die ausgedehnten W\u00e4lder, die Geschichte und die Gastronomie der Region lieben.<\/p>\n\n\n\n<h2 class=\"wp-block-heading\">Entdecken Sie die Maas anhand einer interaktiven Karte<\/h2>\n\n\n\n<div class=\"wp-block-buttons is-content-justification-center is-layout-flex wp-container-core-buttons-is-layout-16018d1d wp-block-buttons-is-layout-flex\">\n<div class=\"wp-block-button\"><a class=\"wp-block-button__link wp-element-button\" href=\"https:\/\/lameuse.maplab.app\/\" target=\"_blank\" rel=\" noreferrer noopener nofollow\">Greifen Sie auf die Karte zu<\/a><\/div>\n<\/div>\n\n\n\n<p><strong>Kontakt<\/strong><\/p>\n\n\n\n<ul class=\"wp-block-list\">\n<li>Nehmen Sie Kontakt mit der Agentur Meuse Attractivit\u00e9 auf<br>Tel : +33 3 29 45 78 40 Website : www.lameuse.fr Mail : contact@lameuse.fr<\/li>\n<\/ul>\n\n\n\n<p><strong>Unterkunft<\/strong> f\u00fcr Praktikanten ist verf\u00fcgbar. Z\u00f6gern Sie nicht, eine der folgenden Organisationen zu kontaktieren:<\/p>\n\n\n\n<ul class=\"wp-block-list\">\n<li>Plateforme Loj&#8217;Toit\/MISSION LOCALE NORD MEUSIEN | MISSION LOCALE DU NORD MEUSIEN | DORA<\/li>\n\n\n\n<li>Foyer Jeunes Travailleurs Bar-le-Duc et Antenne de Verdun :<br>tel : +33 3 29 79 17 26 site : https:\/\/aj-habitatjeunes.fr\/ mail : aj.habitatjeunes@gmail.com &#8211;<br>Verantwortlicher : Monsieur KRAJECSKI<\/li>\n\n\n\n<li>Action Logement : https:\/\/www.actionlogement.fr\/ service client au 0970 800 800 du lundi au vendredi de 9h \u00e0 18h.<\/li>\n\n\n\n<li>AFPA : Ansprechpartnerin: Frau Estelle RONDEAU<br>tel : +33 6 77 84 65 82 mail : estelle.rondeau@afpa.fr<\/li>\n<\/ul>\n\n\n\n<p> Link zum Unterst\u00fctzungsdienst : <a href=\"https:\/\/www.lameuse.fr\/je-reste\/la-conciergerie-meuse\" target=\"_blank\" rel=\"noreferrer noopener nofollow\">https:\/\/www.lameuse.fr\/je-reste\/la-conciergerie-meuse<\/a><\/p>\n\n\n\n<p><em>Bis bald, in MEUSE!<\/em><\/p>\n\n\n\n<p><\/p>\n","protected":false},"excerpt":{"rendered":"<p>Auf halbem Weg zwischen Paris und Stra\u00dfburg, an der Grenze zu Belgien und Champagne-Ardenne gelegen, hat die Maas viel zu bieten. Ihren Namen hat sie von dem Fluss, der sie von S\u00fcden nach Norden durchflie\u00dft: die Maas! Auf einer Strecke von 950 km durchquert der Fluss Frankreich, Belgien und die Niederlande, bevor er in die [&hellip;]<\/p>\n","protected":false},"author":1,"featured_media":0,"parent":0,"menu_order":0,"comment_status":"closed","ping_status":"closed","template":"","meta":{"_acf_changed":false,"footnotes":""},"class_list":["post-4078","page","type-page","status-publish","hentry"],"acf":[],"yoast_head":"<!-- This site is optimized with the Yoast SEO plugin v27.0 - https:\/\/yoast.com\/product\/yoast-seo-wordpress\/ -->\n<title>Die MAAS - CORDM Gears<\/title>\n<meta name=\"robots\" content=\"index, follow, max-snippet:-1, max-image-preview:large, max-video-preview:-1\" \/>\n<link rel=\"canonical\" href=\"https:\/\/www.cordm.com\/de\/die-maas\/\" \/>\n<meta property=\"og:locale\" content=\"de_DE\" \/>\n<meta property=\"og:type\" content=\"article\" \/>\n<meta property=\"og:title\" content=\"Die MAAS - CORDM Gears\" \/>\n<meta property=\"og:description\" content=\"Auf halbem Weg zwischen Paris und Stra\u00dfburg, an der Grenze zu Belgien und Champagne-Ardenne gelegen, hat die Maas viel zu bieten. Ihren Namen hat sie von dem Fluss, der sie von S\u00fcden nach Norden durchflie\u00dft: die Maas! Auf einer Strecke von 950 km durchquert der Fluss Frankreich, Belgien und die Niederlande, bevor er in die [&hellip;]\" \/>\n<meta property=\"og:url\" content=\"https:\/\/www.cordm.com\/de\/die-maas\/\" \/>\n<meta property=\"og:site_name\" content=\"CORDM Gears\" \/>\n<meta property=\"article:modified_time\" content=\"2024-12-18T09:18:40+00:00\" \/>\n<meta property=\"og:image\" content=\"https:\/\/crm.lafabrikk.dev\/wp-content\/uploads\/2024\/11\/cordm-meuse-attractivite.jpg\" \/>\n<meta name=\"twitter:card\" content=\"summary_large_image\" \/>\n<meta name=\"twitter:label1\" content=\"Gesch\u00e4tzte Lesezeit\" \/>\n\t<meta name=\"twitter:data1\" content=\"2\u00a0Minuten\" \/>\n<script type=\"application\/ld+json\" class=\"yoast-schema-graph\">{\"@context\":\"https:\/\/schema.org\",\"@graph\":[{\"@type\":\"WebPage\",\"@id\":\"https:\/\/www.cordm.com\/de\/die-maas\/\",\"url\":\"https:\/\/www.cordm.com\/de\/die-maas\/\",\"name\":\"Die MAAS - CORDM Gears\",\"isPartOf\":{\"@id\":\"https:\/\/www.cordm.com\/de\/#website\"},\"primaryImageOfPage\":{\"@id\":\"https:\/\/www.cordm.com\/de\/die-maas\/#primaryimage\"},\"image\":{\"@id\":\"https:\/\/www.cordm.com\/de\/die-maas\/#primaryimage\"},\"thumbnailUrl\":\"https:\/\/crm.lafabrikk.dev\/wp-content\/uploads\/2024\/11\/cordm-meuse-attractivite.jpg\",\"datePublished\":\"2024-11-22T10:29:27+00:00\",\"dateModified\":\"2024-12-18T09:18:40+00:00\",\"breadcrumb\":{\"@id\":\"https:\/\/www.cordm.com\/de\/die-maas\/#breadcrumb\"},\"inLanguage\":\"de\",\"potentialAction\":[{\"@type\":\"ReadAction\",\"target\":[\"https:\/\/www.cordm.com\/de\/die-maas\/\"]}]},{\"@type\":\"ImageObject\",\"inLanguage\":\"de\",\"@id\":\"https:\/\/www.cordm.com\/de\/die-maas\/#primaryimage\",\"url\":\"https:\/\/crm.lafabrikk.dev\/wp-content\/uploads\/2024\/11\/cordm-meuse-attractivite.jpg\",\"contentUrl\":\"https:\/\/crm.lafabrikk.dev\/wp-content\/uploads\/2024\/11\/cordm-meuse-attractivite.jpg\"},{\"@type\":\"BreadcrumbList\",\"@id\":\"https:\/\/www.cordm.com\/de\/die-maas\/#breadcrumb\",\"itemListElement\":[{\"@type\":\"ListItem\",\"position\":1,\"name\":\"CORDM Gears\",\"item\":\"https:\/\/www.cordm.com\/de\/\"},{\"@type\":\"ListItem\",\"position\":2,\"name\":\"Die MAAS\"}]},{\"@type\":\"WebSite\",\"@id\":\"https:\/\/www.cordm.com\/de\/#website\",\"url\":\"https:\/\/www.cordm.com\/de\/\",\"name\":\"CORDM Gears\",\"description\":\"\",\"publisher\":{\"@id\":\"https:\/\/www.cordm.com\/de\/#organization\"},\"potentialAction\":[{\"@type\":\"SearchAction\",\"target\":{\"@type\":\"EntryPoint\",\"urlTemplate\":\"https:\/\/www.cordm.com\/de\/?s={search_term_string}\"},\"query-input\":{\"@type\":\"PropertyValueSpecification\",\"valueRequired\":true,\"valueName\":\"search_term_string\"}}],\"inLanguage\":\"de\"},{\"@type\":\"Organization\",\"@id\":\"https:\/\/www.cordm.com\/de\/#organization\",\"name\":\"CORDM Gears\",\"url\":\"https:\/\/www.cordm.com\/de\/\",\"logo\":{\"@type\":\"ImageObject\",\"inLanguage\":\"de\",\"@id\":\"https:\/\/www.cordm.com\/de\/#\/schema\/logo\/image\/\",\"url\":\"https:\/\/www.cordm.com\/wp-content\/uploads\/2024\/10\/cordm_logo.png\",\"contentUrl\":\"https:\/\/www.cordm.com\/wp-content\/uploads\/2024\/10\/cordm_logo.png\",\"width\":332,\"height\":98,\"caption\":\"CORDM Gears\"},\"image\":{\"@id\":\"https:\/\/www.cordm.com\/de\/#\/schema\/logo\/image\/\"}}]}<\/script>\n<!-- \/ Yoast SEO plugin. -->","yoast_head_json":{"title":"Die MAAS - CORDM Gears","robots":{"index":"index","follow":"follow","max-snippet":"max-snippet:-1","max-image-preview":"max-image-preview:large","max-video-preview":"max-video-preview:-1"},"canonical":"https:\/\/www.cordm.com\/de\/die-maas\/","og_locale":"de_DE","og_type":"article","og_title":"Die MAAS - CORDM Gears","og_description":"Auf halbem Weg zwischen Paris und Stra\u00dfburg, an der Grenze zu Belgien und Champagne-Ardenne gelegen, hat die Maas viel zu bieten. Ihren Namen hat sie von dem Fluss, der sie von S\u00fcden nach Norden durchflie\u00dft: die Maas! Auf einer Strecke von 950 km durchquert der Fluss Frankreich, Belgien und die Niederlande, bevor er in die [&hellip;]","og_url":"https:\/\/www.cordm.com\/de\/die-maas\/","og_site_name":"CORDM Gears","article_modified_time":"2024-12-18T09:18:40+00:00","og_image":[{"url":"https:\/\/crm.lafabrikk.dev\/wp-content\/uploads\/2024\/11\/cordm-meuse-attractivite.jpg","type":"","width":"","height":""}],"twitter_card":"summary_large_image","twitter_misc":{"Gesch\u00e4tzte Lesezeit":"2\u00a0Minuten"},"schema":{"@context":"https:\/\/schema.org","@graph":[{"@type":"WebPage","@id":"https:\/\/www.cordm.com\/de\/die-maas\/","url":"https:\/\/www.cordm.com\/de\/die-maas\/","name":"Die MAAS - CORDM Gears","isPartOf":{"@id":"https:\/\/www.cordm.com\/de\/#website"},"primaryImageOfPage":{"@id":"https:\/\/www.cordm.com\/de\/die-maas\/#primaryimage"},"image":{"@id":"https:\/\/www.cordm.com\/de\/die-maas\/#primaryimage"},"thumbnailUrl":"https:\/\/crm.lafabrikk.dev\/wp-content\/uploads\/2024\/11\/cordm-meuse-attractivite.jpg","datePublished":"2024-11-22T10:29:27+00:00","dateModified":"2024-12-18T09:18:40+00:00","breadcrumb":{"@id":"https:\/\/www.cordm.com\/de\/die-maas\/#breadcrumb"},"inLanguage":"de","potentialAction":[{"@type":"ReadAction","target":["https:\/\/www.cordm.com\/de\/die-maas\/"]}]},{"@type":"ImageObject","inLanguage":"de","@id":"https:\/\/www.cordm.com\/de\/die-maas\/#primaryimage","url":"https:\/\/crm.lafabrikk.dev\/wp-content\/uploads\/2024\/11\/cordm-meuse-attractivite.jpg","contentUrl":"https:\/\/crm.lafabrikk.dev\/wp-content\/uploads\/2024\/11\/cordm-meuse-attractivite.jpg"},{"@type":"BreadcrumbList","@id":"https:\/\/www.cordm.com\/de\/die-maas\/#breadcrumb","itemListElement":[{"@type":"ListItem","position":1,"name":"CORDM Gears","item":"https:\/\/www.cordm.com\/de\/"},{"@type":"ListItem","position":2,"name":"Die MAAS"}]},{"@type":"WebSite","@id":"https:\/\/www.cordm.com\/de\/#website","url":"https:\/\/www.cordm.com\/de\/","name":"CORDM Gears","description":"","publisher":{"@id":"https:\/\/www.cordm.com\/de\/#organization"},"potentialAction":[{"@type":"SearchAction","target":{"@type":"EntryPoint","urlTemplate":"https:\/\/www.cordm.com\/de\/?s={search_term_string}"},"query-input":{"@type":"PropertyValueSpecification","valueRequired":true,"valueName":"search_term_string"}}],"inLanguage":"de"},{"@type":"Organization","@id":"https:\/\/www.cordm.com\/de\/#organization","name":"CORDM Gears","url":"https:\/\/www.cordm.com\/de\/","logo":{"@type":"ImageObject","inLanguage":"de","@id":"https:\/\/www.cordm.com\/de\/#\/schema\/logo\/image\/","url":"https:\/\/www.cordm.com\/wp-content\/uploads\/2024\/10\/cordm_logo.png","contentUrl":"https:\/\/www.cordm.com\/wp-content\/uploads\/2024\/10\/cordm_logo.png","width":332,"height":98,"caption":"CORDM Gears"},"image":{"@id":"https:\/\/www.cordm.com\/de\/#\/schema\/logo\/image\/"}}]}},"_links":{"self":[{"href":"https:\/\/www.cordm.com\/de\/wp-json\/wp\/v2\/pages\/4078","targetHints":{"allow":["GET"]}}],"collection":[{"href":"https:\/\/www.cordm.com\/de\/wp-json\/wp\/v2\/pages"}],"about":[{"href":"https:\/\/www.cordm.com\/de\/wp-json\/wp\/v2\/types\/page"}],"author":[{"embeddable":true,"href":"https:\/\/www.cordm.com\/de\/wp-json\/wp\/v2\/users\/1"}],"replies":[{"embeddable":true,"href":"https:\/\/www.cordm.com\/de\/wp-json\/wp\/v2\/comments?post=4078"}],"version-history":[{"count":5,"href":"https:\/\/www.cordm.com\/de\/wp-json\/wp\/v2\/pages\/4078\/revisions"}],"predecessor-version":[{"id":4091,"href":"https:\/\/www.cordm.com\/de\/wp-json\/wp\/v2\/pages\/4078\/revisions\/4091"}],"wp:attachment":[{"href":"https:\/\/www.cordm.com\/de\/wp-json\/wp\/v2\/media?parent=4078"}],"curies":[{"name":"wp","href":"https:\/\/api.w.org\/{rel}","templated":true}]}}