{"id":4064,"date":"2024-11-22T11:14:30","date_gmt":"2024-11-22T10:14:30","guid":{"rendered":"https:\/\/crm.lafabrikk.dev\/industries\/"},"modified":"2025-01-29T14:27:02","modified_gmt":"2025-01-29T13:27:02","slug":"ihre-branche","status":"publish","type":"page","link":"https:\/\/www.cordm.com\/de\/ihre-branche\/","title":{"rendered":"Ihre Branche"},"content":{"rendered":"\n<p>CORDM ist ein Spezialist f\u00fcr die komplette Herstellung oder Bearbeitung von hochpr\u00e4zisen Metallzahnr\u00e4dern bis 1600 mm Durchmesser Modul 40 &#8211; W\u00e4lzfr\u00e4squalit\u00e4t 8 ISO 1328 bis 4 ISO 1328 f\u00fcr geschliffene Zahnr\u00e4der.<\/p>\n\n\n\n<p>CORDM stellt alle Arten von Zahnr\u00e4dern her (Stirnr\u00e4der, Schr\u00e4gverzahnungen, Keilverzahnungen, geradlinige Kegelr\u00e4der, Spiralkegelr\u00e4der, Zahnstangen).<\/p>\n\n\n\n<p>Unsere Getriebe werden in allen Branchen eingesetzt, darunter im Schienenverkehr (U-Bahnen, Hochgeschwindigkeitsz\u00fcge, G\u00fcterverkehr), im Energiesektor (Windenergie, Erd\u00f6l, Kernenergie), in der Stahlindustrie (Papier-, Zement-, Stahl- und Zuckerfabriken), in der Infrastruktur, im Zerkleinerungs-, Berg- und Tunnelbau, in der Hebezeugindustrie und in der Schifffahrt (direkter Propellerantrieb).<\/p>\n\n\n\n<p>Wir arbeiten direkt mit Herstellern von Spezialmaschinen und -ausr\u00fcstungen zusammen. Au\u00dferdem stehen wir in Kontakt mit den Konstruktionsb\u00fcros, Wiederverk\u00e4ufern, Anwendern und Wartungsbetrieben einiger der gr\u00f6\u00dften Bauunternehmen der Welt.<\/p>\n\n\n\n<p>Nach der Herstellung f\u00fchren wir au\u00dferdem eine dreidimensionale Inspektion und verschiedene zerst\u00f6rungsfreie Pr\u00fcfungen an Ihren Getrieben durch, um deren einwandfreie Qualit\u00e4t zu gew\u00e4hrleisten. Unsere Produktkontrolle ist unabh\u00e4ngig von der Produktion. Zusammen mit Ihren Teilen wird ein vollst\u00e4ndiges Qualit\u00e4tsdossier geliefert.<\/p>\n\n\n\n  <div id=\"bloc-textestylise-block_23164108e500f88452d4c54cf53e0a2d\" class=\"bloc_enfants\">\n            <a href=\"https:\/\/www.cordm.com\/de\/ihre-branche\/bahnindustrie\/\" class=\"enfant\">\n          <div class=\"enfant-img\">\n            <img decoding=\"async\" alt=\"\" src=\"https:\/\/www.cordm.com\/wp-content\/uploads\/2025\/01\/cordm_industrie_ferroviaire.jpg\" loading=\"lazy\" \/>\n          <\/div>\n          <div class=\"enfant-parent\">\n            Ihre Branche          <\/div>\n          <h3 class=\"enfant-titre\">\n            Bahnindustrie          <\/h3>\n          <div class=\"enfant-btn\"><svg xmlns=\"http:\/\/www.w3.org\/2000\/svg\" width=\"29.25\" height=\"36.312\" viewBox=\"0 0 29.25 36.312\"><path d=\"M17.209,0V26.534L1.049,15.761,0,17.336,17.868,29.25h.575L36.313,17.336l-1.05-1.574L19.1,26.534V0Z\" transform=\"translate(0 36.313) rotate(-90)\"\/><\/svg><\/div>\n        <\/a>\n              <a href=\"https:\/\/www.cordm.com\/de\/ihre-branche\/marine\/\" class=\"enfant\">\n          <div class=\"enfant-img\">\n            <img decoding=\"async\" alt=\"\" src=\"https:\/\/www.cordm.com\/wp-content\/uploads\/2025\/01\/cordm_industrie_marine.jpg\" loading=\"lazy\" \/>\n          <\/div>\n          <div class=\"enfant-parent\">\n            Ihre Branche          <\/div>\n          <h3 class=\"enfant-titre\">\n            Marine          <\/h3>\n          <div class=\"enfant-btn\"><svg xmlns=\"http:\/\/www.w3.org\/2000\/svg\" width=\"29.25\" height=\"36.312\" viewBox=\"0 0 29.25 36.312\"><path d=\"M17.209,0V26.534L1.049,15.761,0,17.336,17.868,29.25h.575L36.313,17.336l-1.05-1.574L19.1,26.534V0Z\" transform=\"translate(0 36.313) rotate(-90)\"\/><\/svg><\/div>\n        <\/a>\n              <a href=\"https:\/\/www.cordm.com\/de\/ihre-branche\/erneuerbare-energien\/\" class=\"enfant\">\n          <div class=\"enfant-img\">\n            <img decoding=\"async\" alt=\"\" src=\"https:\/\/www.cordm.com\/wp-content\/uploads\/2025\/01\/Groupe-1387.jpg\" loading=\"lazy\" \/>\n          <\/div>\n          <div class=\"enfant-parent\">\n            Ihre Branche          <\/div>\n          <h3 class=\"enfant-titre\">\n            Erneuerbare Energien          <\/h3>\n          <div class=\"enfant-btn\"><svg xmlns=\"http:\/\/www.w3.org\/2000\/svg\" width=\"29.25\" height=\"36.312\" viewBox=\"0 0 29.25 36.312\"><path d=\"M17.209,0V26.534L1.049,15.761,0,17.336,17.868,29.25h.575L36.313,17.336l-1.05-1.574L19.1,26.534V0Z\" transform=\"translate(0 36.313) rotate(-90)\"\/><\/svg><\/div>\n        <\/a>\n              <a href=\"https:\/\/www.cordm.com\/de\/ihre-branche\/mahlwerke-und-bergbau\/\" class=\"enfant\">\n          <div class=\"enfant-img\">\n            <img decoding=\"async\" alt=\"\" src=\"https:\/\/www.cordm.com\/wp-content\/uploads\/2025\/01\/cordm_industrie_mine.jpg\" loading=\"lazy\" \/>\n          <\/div>\n          <div class=\"enfant-parent\">\n            Ihre Branche          <\/div>\n          <h3 class=\"enfant-titre\">\n            Mahlwerke und Bergbau          <\/h3>\n          <div class=\"enfant-btn\"><svg xmlns=\"http:\/\/www.w3.org\/2000\/svg\" width=\"29.25\" height=\"36.312\" viewBox=\"0 0 29.25 36.312\"><path d=\"M17.209,0V26.534L1.049,15.761,0,17.336,17.868,29.25h.575L36.313,17.336l-1.05-1.574L19.1,26.534V0Z\" transform=\"translate(0 36.313) rotate(-90)\"\/><\/svg><\/div>\n        <\/a>\n              <a href=\"https:\/\/www.cordm.com\/de\/ihre-branche\/stahlindustrie\/\" class=\"enfant\">\n          <div class=\"enfant-img\">\n            <img decoding=\"async\" alt=\"\" src=\"https:\/\/www.cordm.com\/wp-content\/uploads\/2025\/01\/cordm_industrie_siderurgie.jpg\" loading=\"lazy\" \/>\n          <\/div>\n          <div class=\"enfant-parent\">\n            Ihre Branche          <\/div>\n          <h3 class=\"enfant-titre\">\n            Stahlindustrie          <\/h3>\n          <div class=\"enfant-btn\"><svg xmlns=\"http:\/\/www.w3.org\/2000\/svg\" width=\"29.25\" height=\"36.312\" viewBox=\"0 0 29.25 36.312\"><path d=\"M17.209,0V26.534L1.049,15.761,0,17.336,17.868,29.25h.575L36.313,17.336l-1.05-1.574L19.1,26.534V0Z\" transform=\"translate(0 36.313) rotate(-90)\"\/><\/svg><\/div>\n        <\/a>\n        <\/div>\n  ","protected":false},"excerpt":{"rendered":"<p>CORDM ist ein Spezialist f\u00fcr die komplette Herstellung oder Bearbeitung von hochpr\u00e4zisen Metallzahnr\u00e4dern bis 1600 mm Durchmesser Modul 40 &#8211; W\u00e4lzfr\u00e4squalit\u00e4t 8 ISO 1328 bis 4 ISO 1328 f\u00fcr geschliffene Zahnr\u00e4der. CORDM stellt alle Arten von Zahnr\u00e4dern her (Stirnr\u00e4der, Schr\u00e4gverzahnungen, Keilverzahnungen, geradlinige Kegelr\u00e4der, Spiralkegelr\u00e4der, Zahnstangen). Unsere Getriebe werden in allen Branchen eingesetzt, darunter im Schienenverkehr [&hellip;]<\/p>\n","protected":false},"author":1,"featured_media":0,"parent":0,"menu_order":0,"comment_status":"closed","ping_status":"closed","template":"","meta":{"_acf_changed":false,"footnotes":""},"class_list":["post-4064","page","type-page","status-publish","hentry"],"acf":[],"yoast_head":"<!-- This site is optimized with the Yoast SEO plugin v27.5 - https:\/\/yoast.com\/product\/yoast-seo-wordpress\/ -->\n<title>Ihre Branche - CORDM Gears<\/title>\n<meta name=\"robots\" content=\"index, follow, max-snippet:-1, max-image-preview:large, max-video-preview:-1\" \/>\n<link rel=\"canonical\" href=\"https:\/\/www.cordm.com\/de\/ihre-branche\/\" \/>\n<meta property=\"og:locale\" content=\"de_DE\" \/>\n<meta property=\"og:type\" content=\"article\" \/>\n<meta property=\"og:title\" content=\"Ihre Branche - CORDM Gears\" \/>\n<meta property=\"og:description\" content=\"CORDM ist ein Spezialist f\u00fcr die komplette Herstellung oder Bearbeitung von hochpr\u00e4zisen Metallzahnr\u00e4dern bis 1600 mm Durchmesser Modul 40 &#8211; W\u00e4lzfr\u00e4squalit\u00e4t 8 ISO 1328 bis 4 ISO 1328 f\u00fcr geschliffene Zahnr\u00e4der. CORDM stellt alle Arten von Zahnr\u00e4dern her (Stirnr\u00e4der, Schr\u00e4gverzahnungen, Keilverzahnungen, geradlinige Kegelr\u00e4der, Spiralkegelr\u00e4der, Zahnstangen). Unsere Getriebe werden in allen Branchen eingesetzt, darunter im Schienenverkehr [&hellip;]\" \/>\n<meta property=\"og:url\" content=\"https:\/\/www.cordm.com\/de\/ihre-branche\/\" \/>\n<meta property=\"og:site_name\" content=\"CORDM Gears\" \/>\n<meta property=\"article:modified_time\" content=\"2025-01-29T13:27:02+00:00\" \/>\n<meta name=\"twitter:card\" content=\"summary_large_image\" \/>\n<meta name=\"twitter:label1\" content=\"Gesch\u00e4tzte Lesezeit\" \/>\n\t<meta name=\"twitter:data1\" content=\"1\u00a0Minute\" \/>\n<script type=\"application\/ld+json\" class=\"yoast-schema-graph\">{\"@context\":\"https:\\\/\\\/schema.org\",\"@graph\":[{\"@type\":\"WebPage\",\"@id\":\"https:\\\/\\\/www.cordm.com\\\/de\\\/ihre-branche\\\/\",\"url\":\"https:\\\/\\\/www.cordm.com\\\/de\\\/ihre-branche\\\/\",\"name\":\"Ihre Branche - CORDM Gears\",\"isPartOf\":{\"@id\":\"https:\\\/\\\/www.cordm.com\\\/de\\\/#website\"},\"datePublished\":\"2024-11-22T10:14:30+00:00\",\"dateModified\":\"2025-01-29T13:27:02+00:00\",\"breadcrumb\":{\"@id\":\"https:\\\/\\\/www.cordm.com\\\/de\\\/ihre-branche\\\/#breadcrumb\"},\"inLanguage\":\"de\",\"potentialAction\":[{\"@type\":\"ReadAction\",\"target\":[\"https:\\\/\\\/www.cordm.com\\\/de\\\/ihre-branche\\\/\"]}]},{\"@type\":\"BreadcrumbList\",\"@id\":\"https:\\\/\\\/www.cordm.com\\\/de\\\/ihre-branche\\\/#breadcrumb\",\"itemListElement\":[{\"@type\":\"ListItem\",\"position\":1,\"name\":\"CORDM Gears\",\"item\":\"https:\\\/\\\/www.cordm.com\\\/de\\\/\"},{\"@type\":\"ListItem\",\"position\":2,\"name\":\"Ihre Branche\"}]},{\"@type\":\"WebSite\",\"@id\":\"https:\\\/\\\/www.cordm.com\\\/de\\\/#website\",\"url\":\"https:\\\/\\\/www.cordm.com\\\/de\\\/\",\"name\":\"CORDM Gears\",\"description\":\"\",\"publisher\":{\"@id\":\"https:\\\/\\\/www.cordm.com\\\/de\\\/#organization\"},\"potentialAction\":[{\"@type\":\"SearchAction\",\"target\":{\"@type\":\"EntryPoint\",\"urlTemplate\":\"https:\\\/\\\/www.cordm.com\\\/de\\\/?s={search_term_string}\"},\"query-input\":{\"@type\":\"PropertyValueSpecification\",\"valueRequired\":true,\"valueName\":\"search_term_string\"}}],\"inLanguage\":\"de\"},{\"@type\":\"Organization\",\"@id\":\"https:\\\/\\\/www.cordm.com\\\/de\\\/#organization\",\"name\":\"CORDM Gears\",\"url\":\"https:\\\/\\\/www.cordm.com\\\/de\\\/\",\"logo\":{\"@type\":\"ImageObject\",\"inLanguage\":\"de\",\"@id\":\"https:\\\/\\\/www.cordm.com\\\/de\\\/#\\\/schema\\\/logo\\\/image\\\/\",\"url\":\"https:\\\/\\\/www.cordm.com\\\/wp-content\\\/uploads\\\/2024\\\/10\\\/cordm_logo.png\",\"contentUrl\":\"https:\\\/\\\/www.cordm.com\\\/wp-content\\\/uploads\\\/2024\\\/10\\\/cordm_logo.png\",\"width\":332,\"height\":98,\"caption\":\"CORDM Gears\"},\"image\":{\"@id\":\"https:\\\/\\\/www.cordm.com\\\/de\\\/#\\\/schema\\\/logo\\\/image\\\/\"}}]}<\/script>\n<!-- \/ Yoast SEO plugin. -->","yoast_head_json":{"title":"Ihre Branche - CORDM Gears","robots":{"index":"index","follow":"follow","max-snippet":"max-snippet:-1","max-image-preview":"max-image-preview:large","max-video-preview":"max-video-preview:-1"},"canonical":"https:\/\/www.cordm.com\/de\/ihre-branche\/","og_locale":"de_DE","og_type":"article","og_title":"Ihre Branche - CORDM Gears","og_description":"CORDM ist ein Spezialist f\u00fcr die komplette Herstellung oder Bearbeitung von hochpr\u00e4zisen Metallzahnr\u00e4dern bis 1600 mm Durchmesser Modul 40 &#8211; W\u00e4lzfr\u00e4squalit\u00e4t 8 ISO 1328 bis 4 ISO 1328 f\u00fcr geschliffene Zahnr\u00e4der. CORDM stellt alle Arten von Zahnr\u00e4dern her (Stirnr\u00e4der, Schr\u00e4gverzahnungen, Keilverzahnungen, geradlinige Kegelr\u00e4der, Spiralkegelr\u00e4der, Zahnstangen). Unsere Getriebe werden in allen Branchen eingesetzt, darunter im Schienenverkehr [&hellip;]","og_url":"https:\/\/www.cordm.com\/de\/ihre-branche\/","og_site_name":"CORDM Gears","article_modified_time":"2025-01-29T13:27:02+00:00","twitter_card":"summary_large_image","twitter_misc":{"Gesch\u00e4tzte Lesezeit":"1\u00a0Minute"},"schema":{"@context":"https:\/\/schema.org","@graph":[{"@type":"WebPage","@id":"https:\/\/www.cordm.com\/de\/ihre-branche\/","url":"https:\/\/www.cordm.com\/de\/ihre-branche\/","name":"Ihre Branche - CORDM Gears","isPartOf":{"@id":"https:\/\/www.cordm.com\/de\/#website"},"datePublished":"2024-11-22T10:14:30+00:00","dateModified":"2025-01-29T13:27:02+00:00","breadcrumb":{"@id":"https:\/\/www.cordm.com\/de\/ihre-branche\/#breadcrumb"},"inLanguage":"de","potentialAction":[{"@type":"ReadAction","target":["https:\/\/www.cordm.com\/de\/ihre-branche\/"]}]},{"@type":"BreadcrumbList","@id":"https:\/\/www.cordm.com\/de\/ihre-branche\/#breadcrumb","itemListElement":[{"@type":"ListItem","position":1,"name":"CORDM Gears","item":"https:\/\/www.cordm.com\/de\/"},{"@type":"ListItem","position":2,"name":"Ihre Branche"}]},{"@type":"WebSite","@id":"https:\/\/www.cordm.com\/de\/#website","url":"https:\/\/www.cordm.com\/de\/","name":"CORDM Gears","description":"","publisher":{"@id":"https:\/\/www.cordm.com\/de\/#organization"},"potentialAction":[{"@type":"SearchAction","target":{"@type":"EntryPoint","urlTemplate":"https:\/\/www.cordm.com\/de\/?s={search_term_string}"},"query-input":{"@type":"PropertyValueSpecification","valueRequired":true,"valueName":"search_term_string"}}],"inLanguage":"de"},{"@type":"Organization","@id":"https:\/\/www.cordm.com\/de\/#organization","name":"CORDM Gears","url":"https:\/\/www.cordm.com\/de\/","logo":{"@type":"ImageObject","inLanguage":"de","@id":"https:\/\/www.cordm.com\/de\/#\/schema\/logo\/image\/","url":"https:\/\/www.cordm.com\/wp-content\/uploads\/2024\/10\/cordm_logo.png","contentUrl":"https:\/\/www.cordm.com\/wp-content\/uploads\/2024\/10\/cordm_logo.png","width":332,"height":98,"caption":"CORDM Gears"},"image":{"@id":"https:\/\/www.cordm.com\/de\/#\/schema\/logo\/image\/"}}]}},"_links":{"self":[{"href":"https:\/\/www.cordm.com\/de\/wp-json\/wp\/v2\/pages\/4064","targetHints":{"allow":["GET"]}}],"collection":[{"href":"https:\/\/www.cordm.com\/de\/wp-json\/wp\/v2\/pages"}],"about":[{"href":"https:\/\/www.cordm.com\/de\/wp-json\/wp\/v2\/types\/page"}],"author":[{"embeddable":true,"href":"https:\/\/www.cordm.com\/de\/wp-json\/wp\/v2\/users\/1"}],"replies":[{"embeddable":true,"href":"https:\/\/www.cordm.com\/de\/wp-json\/wp\/v2\/comments?post=4064"}],"version-history":[{"count":3,"href":"https:\/\/www.cordm.com\/de\/wp-json\/wp\/v2\/pages\/4064\/revisions"}],"predecessor-version":[{"id":4493,"href":"https:\/\/www.cordm.com\/de\/wp-json\/wp\/v2\/pages\/4064\/revisions\/4493"}],"wp:attachment":[{"href":"https:\/\/www.cordm.com\/de\/wp-json\/wp\/v2\/media?parent=4064"}],"curies":[{"name":"wp","href":"https:\/\/api.w.org\/{rel}","templated":true}]}}