{"id":4044,"date":"2024-11-22T11:10:34","date_gmt":"2024-11-22T10:10:34","guid":{"rendered":"https:\/\/crm.lafabrikk.dev\/dienstleistungen\/qualitaetskontrolle\/controles-non-destructifs\/"},"modified":"2024-12-17T15:06:28","modified_gmt":"2024-12-17T14:06:28","slug":"controles-non-destructifs","status":"publish","type":"page","link":"https:\/\/www.cordm.com\/de\/dienstleistungen\/qualitaetskontrolle\/controles-non-destructifs\/","title":{"rendered":"Zerstorungsfreie Kontrolle"},"content":{"rendered":"\n<p>Unter zerst\u00f6rungsfreier Pr\u00fcfung versteht man alle Pr\u00fcfverfahren, mit denen die Eigenschaften eines Teils \u00fcberpr\u00fcft werden k\u00f6nnen, ohne es zu zerst\u00f6ren.<\/p>\n\n\n\n<p>Unsere Pr\u00fcfer sind f\u00fcr die Durchf\u00fchrung dieser Pr\u00fcfungen qualifiziert und ausger\u00fcstet:<\/p>\n\n\n\n<ul class=\"wp-block-list\">\n<li>Risspr\u00fcfung (MT) => COFREND Stufe I und II<br>Bei dieser Pr\u00fcfung wird ein starker Magnetfluss auf der Oberfl\u00e4che eines ferromagnetischen Materials erzeugt. Oberfl\u00e4chenfehler werden durch die Ablenkung des Magnetflusses aufgedeckt, der Partikel eines farbigen Entwicklers anzieht.<br>Mit dieser Pr\u00fcfung k\u00f6nnen Oberfl\u00e4chenfehler (z. B. Risse) sichtbar gemacht werden.<\/li>\n\n\n\n<li>Ultraschallpr\u00fcfung (UT) => COFREND Stufe I und II<br>Bei dieser Pr\u00fcfung wird das Teil mit Ultraschallwellen durchschallt. Bei inneren Defekten werden die Wellen zum Empf\u00e4nger zur\u00fcckgeworfen. Die Signale k\u00f6nnen interpretiert werden, um den Fehler zu lokalisieren und seine relativen Abmessungen zu bestimmen.<br>Diese Pr\u00fcfung kann zur Charakterisierung von inneren Defekten im Material verwendet werden.<\/li>\n<\/ul>\n\n\n\n<ul class=\"wp-block-list\">\n<li>Schleifbrandpr\u00fcfung<br>Bei diesem Test wird gepr\u00fcft, ob an einsatzgeh\u00e4rteten Teilen Schleifverbrennungen vorhanden sind. Die Teile werden in verschiedene S\u00e4ureb\u00e4der getaucht, um eventuelle Farbunterschiede auf den Oberfl\u00e4chen sichtbar zu machen. Diese Verbrennungen werden durch die Erhitzung beim Schleifen der Z\u00e4hne verursacht (mehrere Faktoren) und entsprechen einem H\u00e4rteabfall, der zu Abplatzungen w\u00e4hrend des Betriebs oder sogar zum Bruch der Z\u00e4hne f\u00fchren kann.<\/li>\n<\/ul>\n","protected":false},"excerpt":{"rendered":"<p>Unter zerst\u00f6rungsfreier Pr\u00fcfung versteht man alle Pr\u00fcfverfahren, mit denen die Eigenschaften eines Teils \u00fcberpr\u00fcft werden k\u00f6nnen, ohne es zu zerst\u00f6ren. Unsere Pr\u00fcfer sind f\u00fcr die Durchf\u00fchrung dieser Pr\u00fcfungen qualifiziert und ausger\u00fcstet:<\/p>\n","protected":false},"author":1,"featured_media":0,"parent":3714,"menu_order":0,"comment_status":"closed","ping_status":"closed","template":"","meta":{"_acf_changed":false,"footnotes":""},"class_list":["post-4044","page","type-page","status-publish","hentry"],"acf":[],"yoast_head":"<!-- This site is optimized with the Yoast SEO plugin v27.0 - https:\/\/yoast.com\/product\/yoast-seo-wordpress\/ -->\n<title>Contr\u00f4les non destructifs d\u2019engrenages : contr\u00f4le engrenage - Cordm<\/title>\n<meta name=\"description\" content=\"Notre soci\u00e9t\u00e9 d\u2019engrenages CORDM vous propose diff\u00e9rents contr\u00f4les non destructifs de tous vos engrenages afin de vous assurer de leur parfaite qualit\u00e9.\" \/>\n<meta name=\"robots\" content=\"index, follow, max-snippet:-1, max-image-preview:large, max-video-preview:-1\" \/>\n<link rel=\"canonical\" href=\"https:\/\/www.cordm.com\/de\/dienstleistungen\/qualitaetskontrolle\/controles-non-destructifs\/\" \/>\n<meta property=\"og:locale\" content=\"de_DE\" \/>\n<meta property=\"og:type\" content=\"article\" \/>\n<meta property=\"og:title\" content=\"Contr\u00f4les non destructifs d\u2019engrenages : contr\u00f4le engrenage - Cordm\" \/>\n<meta property=\"og:description\" content=\"Notre soci\u00e9t\u00e9 d\u2019engrenages CORDM vous propose diff\u00e9rents contr\u00f4les non destructifs de tous vos engrenages afin de vous assurer de leur parfaite qualit\u00e9.\" \/>\n<meta property=\"og:url\" content=\"https:\/\/www.cordm.com\/de\/dienstleistungen\/qualitaetskontrolle\/controles-non-destructifs\/\" \/>\n<meta property=\"og:site_name\" content=\"CORDM Gears\" \/>\n<meta property=\"article:modified_time\" content=\"2024-12-17T14:06:28+00:00\" \/>\n<meta name=\"twitter:card\" content=\"summary_large_image\" \/>\n<meta name=\"twitter:label1\" content=\"Gesch\u00e4tzte Lesezeit\" \/>\n\t<meta name=\"twitter:data1\" content=\"1\u00a0Minute\" \/>\n<script type=\"application\/ld+json\" class=\"yoast-schema-graph\">{\"@context\":\"https:\/\/schema.org\",\"@graph\":[{\"@type\":\"WebPage\",\"@id\":\"https:\/\/www.cordm.com\/de\/dienstleistungen\/qualitaetskontrolle\/controles-non-destructifs\/\",\"url\":\"https:\/\/www.cordm.com\/de\/dienstleistungen\/qualitaetskontrolle\/controles-non-destructifs\/\",\"name\":\"Contr\u00f4les non destructifs d\u2019engrenages : contr\u00f4le engrenage - Cordm\",\"isPartOf\":{\"@id\":\"https:\/\/www.cordm.com\/de\/#website\"},\"datePublished\":\"2024-11-22T10:10:34+00:00\",\"dateModified\":\"2024-12-17T14:06:28+00:00\",\"description\":\"Notre soci\u00e9t\u00e9 d\u2019engrenages CORDM vous propose diff\u00e9rents contr\u00f4les non destructifs de tous vos engrenages afin de vous assurer de leur parfaite qualit\u00e9.\",\"breadcrumb\":{\"@id\":\"https:\/\/www.cordm.com\/de\/dienstleistungen\/qualitaetskontrolle\/controles-non-destructifs\/#breadcrumb\"},\"inLanguage\":\"de\",\"potentialAction\":[{\"@type\":\"ReadAction\",\"target\":[\"https:\/\/www.cordm.com\/de\/dienstleistungen\/qualitaetskontrolle\/controles-non-destructifs\/\"]}]},{\"@type\":\"BreadcrumbList\",\"@id\":\"https:\/\/www.cordm.com\/de\/dienstleistungen\/qualitaetskontrolle\/controles-non-destructifs\/#breadcrumb\",\"itemListElement\":[{\"@type\":\"ListItem\",\"position\":1,\"name\":\"CORDM Gears\",\"item\":\"https:\/\/www.cordm.com\/de\/\"},{\"@type\":\"ListItem\",\"position\":2,\"name\":\"Dienstleistungen\",\"item\":\"https:\/\/www.cordm.com\/de\/dienstleistungen\/\"},{\"@type\":\"ListItem\",\"position\":3,\"name\":\"Qualit\u00e4tskontrolle\",\"item\":\"https:\/\/www.cordm.com\/de\/dienstleistungen\/qualitaetskontrolle\/\"},{\"@type\":\"ListItem\",\"position\":4,\"name\":\"Zerstorungsfreie Kontrolle\"}]},{\"@type\":\"WebSite\",\"@id\":\"https:\/\/www.cordm.com\/de\/#website\",\"url\":\"https:\/\/www.cordm.com\/de\/\",\"name\":\"CORDM Gears\",\"description\":\"\",\"publisher\":{\"@id\":\"https:\/\/www.cordm.com\/de\/#organization\"},\"potentialAction\":[{\"@type\":\"SearchAction\",\"target\":{\"@type\":\"EntryPoint\",\"urlTemplate\":\"https:\/\/www.cordm.com\/de\/?s={search_term_string}\"},\"query-input\":{\"@type\":\"PropertyValueSpecification\",\"valueRequired\":true,\"valueName\":\"search_term_string\"}}],\"inLanguage\":\"de\"},{\"@type\":\"Organization\",\"@id\":\"https:\/\/www.cordm.com\/de\/#organization\",\"name\":\"CORDM Gears\",\"url\":\"https:\/\/www.cordm.com\/de\/\",\"logo\":{\"@type\":\"ImageObject\",\"inLanguage\":\"de\",\"@id\":\"https:\/\/www.cordm.com\/de\/#\/schema\/logo\/image\/\",\"url\":\"https:\/\/www.cordm.com\/wp-content\/uploads\/2024\/10\/cordm_logo.png\",\"contentUrl\":\"https:\/\/www.cordm.com\/wp-content\/uploads\/2024\/10\/cordm_logo.png\",\"width\":332,\"height\":98,\"caption\":\"CORDM Gears\"},\"image\":{\"@id\":\"https:\/\/www.cordm.com\/de\/#\/schema\/logo\/image\/\"}}]}<\/script>\n<!-- \/ Yoast SEO plugin. -->","yoast_head_json":{"title":"Contr\u00f4les non destructifs d\u2019engrenages : contr\u00f4le engrenage - Cordm","description":"Notre soci\u00e9t\u00e9 d\u2019engrenages CORDM vous propose diff\u00e9rents contr\u00f4les non destructifs de tous vos engrenages afin de vous assurer de leur parfaite qualit\u00e9.","robots":{"index":"index","follow":"follow","max-snippet":"max-snippet:-1","max-image-preview":"max-image-preview:large","max-video-preview":"max-video-preview:-1"},"canonical":"https:\/\/www.cordm.com\/de\/dienstleistungen\/qualitaetskontrolle\/controles-non-destructifs\/","og_locale":"de_DE","og_type":"article","og_title":"Contr\u00f4les non destructifs d\u2019engrenages : contr\u00f4le engrenage - Cordm","og_description":"Notre soci\u00e9t\u00e9 d\u2019engrenages CORDM vous propose diff\u00e9rents contr\u00f4les non destructifs de tous vos engrenages afin de vous assurer de leur parfaite qualit\u00e9.","og_url":"https:\/\/www.cordm.com\/de\/dienstleistungen\/qualitaetskontrolle\/controles-non-destructifs\/","og_site_name":"CORDM Gears","article_modified_time":"2024-12-17T14:06:28+00:00","twitter_card":"summary_large_image","twitter_misc":{"Gesch\u00e4tzte Lesezeit":"1\u00a0Minute"},"schema":{"@context":"https:\/\/schema.org","@graph":[{"@type":"WebPage","@id":"https:\/\/www.cordm.com\/de\/dienstleistungen\/qualitaetskontrolle\/controles-non-destructifs\/","url":"https:\/\/www.cordm.com\/de\/dienstleistungen\/qualitaetskontrolle\/controles-non-destructifs\/","name":"Contr\u00f4les non destructifs d\u2019engrenages : contr\u00f4le engrenage - Cordm","isPartOf":{"@id":"https:\/\/www.cordm.com\/de\/#website"},"datePublished":"2024-11-22T10:10:34+00:00","dateModified":"2024-12-17T14:06:28+00:00","description":"Notre soci\u00e9t\u00e9 d\u2019engrenages CORDM vous propose diff\u00e9rents contr\u00f4les non destructifs de tous vos engrenages afin de vous assurer de leur parfaite qualit\u00e9.","breadcrumb":{"@id":"https:\/\/www.cordm.com\/de\/dienstleistungen\/qualitaetskontrolle\/controles-non-destructifs\/#breadcrumb"},"inLanguage":"de","potentialAction":[{"@type":"ReadAction","target":["https:\/\/www.cordm.com\/de\/dienstleistungen\/qualitaetskontrolle\/controles-non-destructifs\/"]}]},{"@type":"BreadcrumbList","@id":"https:\/\/www.cordm.com\/de\/dienstleistungen\/qualitaetskontrolle\/controles-non-destructifs\/#breadcrumb","itemListElement":[{"@type":"ListItem","position":1,"name":"CORDM Gears","item":"https:\/\/www.cordm.com\/de\/"},{"@type":"ListItem","position":2,"name":"Dienstleistungen","item":"https:\/\/www.cordm.com\/de\/dienstleistungen\/"},{"@type":"ListItem","position":3,"name":"Qualit\u00e4tskontrolle","item":"https:\/\/www.cordm.com\/de\/dienstleistungen\/qualitaetskontrolle\/"},{"@type":"ListItem","position":4,"name":"Zerstorungsfreie Kontrolle"}]},{"@type":"WebSite","@id":"https:\/\/www.cordm.com\/de\/#website","url":"https:\/\/www.cordm.com\/de\/","name":"CORDM Gears","description":"","publisher":{"@id":"https:\/\/www.cordm.com\/de\/#organization"},"potentialAction":[{"@type":"SearchAction","target":{"@type":"EntryPoint","urlTemplate":"https:\/\/www.cordm.com\/de\/?s={search_term_string}"},"query-input":{"@type":"PropertyValueSpecification","valueRequired":true,"valueName":"search_term_string"}}],"inLanguage":"de"},{"@type":"Organization","@id":"https:\/\/www.cordm.com\/de\/#organization","name":"CORDM Gears","url":"https:\/\/www.cordm.com\/de\/","logo":{"@type":"ImageObject","inLanguage":"de","@id":"https:\/\/www.cordm.com\/de\/#\/schema\/logo\/image\/","url":"https:\/\/www.cordm.com\/wp-content\/uploads\/2024\/10\/cordm_logo.png","contentUrl":"https:\/\/www.cordm.com\/wp-content\/uploads\/2024\/10\/cordm_logo.png","width":332,"height":98,"caption":"CORDM Gears"},"image":{"@id":"https:\/\/www.cordm.com\/de\/#\/schema\/logo\/image\/"}}]}},"_links":{"self":[{"href":"https:\/\/www.cordm.com\/de\/wp-json\/wp\/v2\/pages\/4044","targetHints":{"allow":["GET"]}}],"collection":[{"href":"https:\/\/www.cordm.com\/de\/wp-json\/wp\/v2\/pages"}],"about":[{"href":"https:\/\/www.cordm.com\/de\/wp-json\/wp\/v2\/types\/page"}],"author":[{"embeddable":true,"href":"https:\/\/www.cordm.com\/de\/wp-json\/wp\/v2\/users\/1"}],"replies":[{"embeddable":true,"href":"https:\/\/www.cordm.com\/de\/wp-json\/wp\/v2\/comments?post=4044"}],"version-history":[{"count":2,"href":"https:\/\/www.cordm.com\/de\/wp-json\/wp\/v2\/pages\/4044\/revisions"}],"predecessor-version":[{"id":4050,"href":"https:\/\/www.cordm.com\/de\/wp-json\/wp\/v2\/pages\/4044\/revisions\/4050"}],"up":[{"embeddable":true,"href":"https:\/\/www.cordm.com\/de\/wp-json\/wp\/v2\/pages\/3714"}],"wp:attachment":[{"href":"https:\/\/www.cordm.com\/de\/wp-json\/wp\/v2\/media?parent=4044"}],"curies":[{"name":"wp","href":"https:\/\/api.w.org\/{rel}","templated":true}]}}