{"id":4037,"date":"2024-11-22T11:06:10","date_gmt":"2024-11-22T10:06:10","guid":{"rendered":"https:\/\/crm.lafabrikk.dev\/dienstleistungen\/unsere-werkstatt\/reparation-reducteur-mecanique\/"},"modified":"2024-12-17T15:00:30","modified_gmt":"2024-12-17T14:00:30","slug":"getriebereparatur","status":"publish","type":"page","link":"https:\/\/www.cordm.com\/de\/dienstleistungen\/unsere-werkstatt\/getriebereparatur\/","title":{"rendered":"Getriebereparatur"},"content":{"rendered":"\n<p>Dank umfangreicher Investitionen in die Ausr\u00fcstung (Waschmaschine, Sandstrahl- und Lackierkabinen, Lagerheizungen, hydraulische Pressen bis zu 250 t, Vakuumpr\u00fcfstand, Laufkr\u00e4ne bis zu 20 t usw.) und eines Erweiterungsbaus von 1.000 m\u00b2, der ausschlie\u00dflich der Wartung gewidmet ist, k\u00f6nnen wir an unserem Standort in Verdun die Reparatur von Planetengetrieben, Stirnradgetrieben oder Zahnradgetrieben, Winkelgetrieben oder Spezialgetrieben aller Marken durchf\u00fchren.<\/p>\n\n\n\n<p>Nach Erhalt Ihrer Ausr\u00fcstung wird eine systematische Untersuchung durchgef\u00fchrt, die zu einem Bericht und anschlie\u00dfend zu einem detaillierten Kostenvoranschlag f\u00fchrt, der Folgendes umfasst:<\/p>\n\n\n\n<p>-Reinigung, \u00d6ffnen des Getriebes und Analyse eventueller M\u00e4ngel,<br>-detaillierte Untersuchung aller Teile,<br>-zerst\u00f6rungsfreie Pr\u00fcfung der Verzahnung (Risspr\u00fcfung)<br>-dreidimensionale Inspektion Ihrer Geh\u00e4use und Zahnr\u00e4der<br>-Austausch von beweglichen oder defekten Teilen<br>-systematischer Austausch von Lagern und Dichtungsringen,<br>-Wiederzusammenbau und Einstellung der Spiele<br>-Pr\u00fcfung von Getrieben auf einem Leerlaufpr\u00fcfstand<br>-Lakierung<\/p>\n\n\n\n<p>In Absprache mit dem Kunden k\u00f6nnen wir auch Verbesserungen an diesen Getrieben vorschlagen.<\/p>\n","protected":false},"excerpt":{"rendered":"<p>Dank umfangreicher Investitionen in die Ausr\u00fcstung (Waschmaschine, Sandstrahl- und Lackierkabinen, Lagerheizungen, hydraulische Pressen bis zu 250 t, Vakuumpr\u00fcfstand, Laufkr\u00e4ne bis zu 20 t usw.) und eines Erweiterungsbaus von 1.000 m\u00b2, der ausschlie\u00dflich der Wartung gewidmet ist, k\u00f6nnen wir an unserem Standort in Verdun die Reparatur von Planetengetrieben, Stirnradgetrieben oder Zahnradgetrieben, Winkelgetrieben oder Spezialgetrieben aller Marken [&hellip;]<\/p>\n","protected":false},"author":1,"featured_media":0,"parent":3713,"menu_order":0,"comment_status":"closed","ping_status":"closed","template":"","meta":{"_acf_changed":false,"footnotes":""},"class_list":["post-4037","page","type-page","status-publish","hentry"],"acf":[],"yoast_head":"<!-- This site is optimized with the Yoast SEO plugin v27.5 - https:\/\/yoast.com\/product\/yoast-seo-wordpress\/ -->\n<title>Getriebereparatur - CORDM Gears<\/title>\n<meta name=\"robots\" content=\"index, follow, max-snippet:-1, max-image-preview:large, max-video-preview:-1\" \/>\n<link rel=\"canonical\" href=\"https:\/\/www.cordm.com\/de\/dienstleistungen\/unsere-werkstatt\/getriebereparatur\/\" \/>\n<meta property=\"og:locale\" content=\"de_DE\" \/>\n<meta property=\"og:type\" content=\"article\" \/>\n<meta property=\"og:title\" content=\"Getriebereparatur - CORDM Gears\" \/>\n<meta property=\"og:description\" content=\"Dank umfangreicher Investitionen in die Ausr\u00fcstung (Waschmaschine, Sandstrahl- und Lackierkabinen, Lagerheizungen, hydraulische Pressen bis zu 250 t, Vakuumpr\u00fcfstand, Laufkr\u00e4ne bis zu 20 t usw.) und eines Erweiterungsbaus von 1.000 m\u00b2, der ausschlie\u00dflich der Wartung gewidmet ist, k\u00f6nnen wir an unserem Standort in Verdun die Reparatur von Planetengetrieben, Stirnradgetrieben oder Zahnradgetrieben, Winkelgetrieben oder Spezialgetrieben aller Marken [&hellip;]\" \/>\n<meta property=\"og:url\" content=\"https:\/\/www.cordm.com\/de\/dienstleistungen\/unsere-werkstatt\/getriebereparatur\/\" \/>\n<meta property=\"og:site_name\" content=\"CORDM Gears\" \/>\n<meta property=\"article:modified_time\" content=\"2024-12-17T14:00:30+00:00\" \/>\n<meta name=\"twitter:card\" content=\"summary_large_image\" \/>\n<meta name=\"twitter:label1\" content=\"Gesch\u00e4tzte Lesezeit\" \/>\n\t<meta name=\"twitter:data1\" content=\"1\u00a0Minute\" \/>\n<script type=\"application\/ld+json\" class=\"yoast-schema-graph\">{\"@context\":\"https:\\\/\\\/schema.org\",\"@graph\":[{\"@type\":\"WebPage\",\"@id\":\"https:\\\/\\\/www.cordm.com\\\/de\\\/dienstleistungen\\\/unsere-werkstatt\\\/getriebereparatur\\\/\",\"url\":\"https:\\\/\\\/www.cordm.com\\\/de\\\/dienstleistungen\\\/unsere-werkstatt\\\/getriebereparatur\\\/\",\"name\":\"Getriebereparatur - CORDM Gears\",\"isPartOf\":{\"@id\":\"https:\\\/\\\/www.cordm.com\\\/de\\\/#website\"},\"datePublished\":\"2024-11-22T10:06:10+00:00\",\"dateModified\":\"2024-12-17T14:00:30+00:00\",\"breadcrumb\":{\"@id\":\"https:\\\/\\\/www.cordm.com\\\/de\\\/dienstleistungen\\\/unsere-werkstatt\\\/getriebereparatur\\\/#breadcrumb\"},\"inLanguage\":\"de\",\"potentialAction\":[{\"@type\":\"ReadAction\",\"target\":[\"https:\\\/\\\/www.cordm.com\\\/de\\\/dienstleistungen\\\/unsere-werkstatt\\\/getriebereparatur\\\/\"]}]},{\"@type\":\"BreadcrumbList\",\"@id\":\"https:\\\/\\\/www.cordm.com\\\/de\\\/dienstleistungen\\\/unsere-werkstatt\\\/getriebereparatur\\\/#breadcrumb\",\"itemListElement\":[{\"@type\":\"ListItem\",\"position\":1,\"name\":\"CORDM Gears\",\"item\":\"https:\\\/\\\/www.cordm.com\\\/de\\\/\"},{\"@type\":\"ListItem\",\"position\":2,\"name\":\"Dienstleistungen\",\"item\":\"https:\\\/\\\/www.cordm.com\\\/de\\\/dienstleistungen\\\/\"},{\"@type\":\"ListItem\",\"position\":3,\"name\":\"Unsere Werkstatt\",\"item\":\"https:\\\/\\\/www.cordm.com\\\/de\\\/dienstleistungen\\\/unsere-werkstatt\\\/\"},{\"@type\":\"ListItem\",\"position\":4,\"name\":\"Getriebereparatur\"}]},{\"@type\":\"WebSite\",\"@id\":\"https:\\\/\\\/www.cordm.com\\\/de\\\/#website\",\"url\":\"https:\\\/\\\/www.cordm.com\\\/de\\\/\",\"name\":\"CORDM Gears\",\"description\":\"\",\"publisher\":{\"@id\":\"https:\\\/\\\/www.cordm.com\\\/de\\\/#organization\"},\"potentialAction\":[{\"@type\":\"SearchAction\",\"target\":{\"@type\":\"EntryPoint\",\"urlTemplate\":\"https:\\\/\\\/www.cordm.com\\\/de\\\/?s={search_term_string}\"},\"query-input\":{\"@type\":\"PropertyValueSpecification\",\"valueRequired\":true,\"valueName\":\"search_term_string\"}}],\"inLanguage\":\"de\"},{\"@type\":\"Organization\",\"@id\":\"https:\\\/\\\/www.cordm.com\\\/de\\\/#organization\",\"name\":\"CORDM Gears\",\"url\":\"https:\\\/\\\/www.cordm.com\\\/de\\\/\",\"logo\":{\"@type\":\"ImageObject\",\"inLanguage\":\"de\",\"@id\":\"https:\\\/\\\/www.cordm.com\\\/de\\\/#\\\/schema\\\/logo\\\/image\\\/\",\"url\":\"https:\\\/\\\/www.cordm.com\\\/wp-content\\\/uploads\\\/2024\\\/10\\\/cordm_logo.png\",\"contentUrl\":\"https:\\\/\\\/www.cordm.com\\\/wp-content\\\/uploads\\\/2024\\\/10\\\/cordm_logo.png\",\"width\":332,\"height\":98,\"caption\":\"CORDM Gears\"},\"image\":{\"@id\":\"https:\\\/\\\/www.cordm.com\\\/de\\\/#\\\/schema\\\/logo\\\/image\\\/\"}}]}<\/script>\n<!-- \/ Yoast SEO plugin. -->","yoast_head_json":{"title":"Getriebereparatur - CORDM Gears","robots":{"index":"index","follow":"follow","max-snippet":"max-snippet:-1","max-image-preview":"max-image-preview:large","max-video-preview":"max-video-preview:-1"},"canonical":"https:\/\/www.cordm.com\/de\/dienstleistungen\/unsere-werkstatt\/getriebereparatur\/","og_locale":"de_DE","og_type":"article","og_title":"Getriebereparatur - CORDM Gears","og_description":"Dank umfangreicher Investitionen in die Ausr\u00fcstung (Waschmaschine, Sandstrahl- und Lackierkabinen, Lagerheizungen, hydraulische Pressen bis zu 250 t, Vakuumpr\u00fcfstand, Laufkr\u00e4ne bis zu 20 t usw.) und eines Erweiterungsbaus von 1.000 m\u00b2, der ausschlie\u00dflich der Wartung gewidmet ist, k\u00f6nnen wir an unserem Standort in Verdun die Reparatur von Planetengetrieben, Stirnradgetrieben oder Zahnradgetrieben, Winkelgetrieben oder Spezialgetrieben aller Marken [&hellip;]","og_url":"https:\/\/www.cordm.com\/de\/dienstleistungen\/unsere-werkstatt\/getriebereparatur\/","og_site_name":"CORDM Gears","article_modified_time":"2024-12-17T14:00:30+00:00","twitter_card":"summary_large_image","twitter_misc":{"Gesch\u00e4tzte Lesezeit":"1\u00a0Minute"},"schema":{"@context":"https:\/\/schema.org","@graph":[{"@type":"WebPage","@id":"https:\/\/www.cordm.com\/de\/dienstleistungen\/unsere-werkstatt\/getriebereparatur\/","url":"https:\/\/www.cordm.com\/de\/dienstleistungen\/unsere-werkstatt\/getriebereparatur\/","name":"Getriebereparatur - CORDM Gears","isPartOf":{"@id":"https:\/\/www.cordm.com\/de\/#website"},"datePublished":"2024-11-22T10:06:10+00:00","dateModified":"2024-12-17T14:00:30+00:00","breadcrumb":{"@id":"https:\/\/www.cordm.com\/de\/dienstleistungen\/unsere-werkstatt\/getriebereparatur\/#breadcrumb"},"inLanguage":"de","potentialAction":[{"@type":"ReadAction","target":["https:\/\/www.cordm.com\/de\/dienstleistungen\/unsere-werkstatt\/getriebereparatur\/"]}]},{"@type":"BreadcrumbList","@id":"https:\/\/www.cordm.com\/de\/dienstleistungen\/unsere-werkstatt\/getriebereparatur\/#breadcrumb","itemListElement":[{"@type":"ListItem","position":1,"name":"CORDM Gears","item":"https:\/\/www.cordm.com\/de\/"},{"@type":"ListItem","position":2,"name":"Dienstleistungen","item":"https:\/\/www.cordm.com\/de\/dienstleistungen\/"},{"@type":"ListItem","position":3,"name":"Unsere Werkstatt","item":"https:\/\/www.cordm.com\/de\/dienstleistungen\/unsere-werkstatt\/"},{"@type":"ListItem","position":4,"name":"Getriebereparatur"}]},{"@type":"WebSite","@id":"https:\/\/www.cordm.com\/de\/#website","url":"https:\/\/www.cordm.com\/de\/","name":"CORDM Gears","description":"","publisher":{"@id":"https:\/\/www.cordm.com\/de\/#organization"},"potentialAction":[{"@type":"SearchAction","target":{"@type":"EntryPoint","urlTemplate":"https:\/\/www.cordm.com\/de\/?s={search_term_string}"},"query-input":{"@type":"PropertyValueSpecification","valueRequired":true,"valueName":"search_term_string"}}],"inLanguage":"de"},{"@type":"Organization","@id":"https:\/\/www.cordm.com\/de\/#organization","name":"CORDM Gears","url":"https:\/\/www.cordm.com\/de\/","logo":{"@type":"ImageObject","inLanguage":"de","@id":"https:\/\/www.cordm.com\/de\/#\/schema\/logo\/image\/","url":"https:\/\/www.cordm.com\/wp-content\/uploads\/2024\/10\/cordm_logo.png","contentUrl":"https:\/\/www.cordm.com\/wp-content\/uploads\/2024\/10\/cordm_logo.png","width":332,"height":98,"caption":"CORDM Gears"},"image":{"@id":"https:\/\/www.cordm.com\/de\/#\/schema\/logo\/image\/"}}]}},"_links":{"self":[{"href":"https:\/\/www.cordm.com\/de\/wp-json\/wp\/v2\/pages\/4037","targetHints":{"allow":["GET"]}}],"collection":[{"href":"https:\/\/www.cordm.com\/de\/wp-json\/wp\/v2\/pages"}],"about":[{"href":"https:\/\/www.cordm.com\/de\/wp-json\/wp\/v2\/types\/page"}],"author":[{"embeddable":true,"href":"https:\/\/www.cordm.com\/de\/wp-json\/wp\/v2\/users\/1"}],"replies":[{"embeddable":true,"href":"https:\/\/www.cordm.com\/de\/wp-json\/wp\/v2\/comments?post=4037"}],"version-history":[{"count":1,"href":"https:\/\/www.cordm.com\/de\/wp-json\/wp\/v2\/pages\/4037\/revisions"}],"predecessor-version":[{"id":4039,"href":"https:\/\/www.cordm.com\/de\/wp-json\/wp\/v2\/pages\/4037\/revisions\/4039"}],"up":[{"embeddable":true,"href":"https:\/\/www.cordm.com\/de\/wp-json\/wp\/v2\/pages\/3713"}],"wp:attachment":[{"href":"https:\/\/www.cordm.com\/de\/wp-json\/wp\/v2\/media?parent=4037"}],"curies":[{"name":"wp","href":"https:\/\/api.w.org\/{rel}","templated":true}]}}