{"id":4028,"date":"2024-11-22T11:06:00","date_gmt":"2024-11-22T10:06:00","guid":{"rendered":"https:\/\/crm.lafabrikk.dev\/dienstleistungen\/unsere-werkstatt\/rectification-engrenage\/"},"modified":"2024-12-17T14:54:26","modified_gmt":"2024-12-17T13:54:26","slug":"verzahnungsschleifen","status":"publish","type":"page","link":"https:\/\/www.cordm.com\/de\/dienstleistungen\/unsere-werkstatt\/verzahnungsschleifen\/","title":{"rendered":"Verzahnungsschleifen"},"content":{"rendered":"\n<p>Das Schleifen der Z\u00e4hne ist die Wertsteigerung unserer Teile!<\/p>\n\n\n\n<p>Die Strategie von CORDM besteht darin, hochpr\u00e4zise Zahnr\u00e4der f\u00fcr Hochgeschwindigkeitsanwendungen (+20.000 U\/min) herzustellen.<br>Um dies zu erreichen, ist das Schleifen der Z\u00e4hne unerl\u00e4sslich, um eine mikrometrische Pr\u00e4zision zu erreichen!<\/p>\n\n\n\n<p>Das Know-how unserer Teams erm\u00f6glicht uns das Verzahnungsschleifen von Zahnr\u00e4dern mit einem Durchmesser von bis zu 1600 mm und bis zur Qualit\u00e4t ISO 1328 4. Wir verf\u00fcgen \u00fcber gro\u00dfe CNC-Schleifmaschinen mit Formschleifscheiben.<\/p>\n\n\n\n<p>Um hochpr\u00e4zise Verzahnungen herstellen zu k\u00f6nnen, f\u00fchren wir auch Rund- und Planschleifen an unseren Teilen durch.<br>Wir k\u00f6nnen Rundschleifen durchf\u00fchren:<\/p>\n\n\n\n<ul class=\"wp-block-list\">\n<li>Horizontal f\u00fcr Zahnr\u00e4der bis zu 1,5 Tonnen &#8211; \u00d8600mm x 2500mm.<\/li>\n\n\n\n<li>Vertikal f\u00fcr Zahnr\u00e4der bis zu 2 Tonnen &#8211; \u00d81600mm x 600mm.<br>Wir f\u00fchren auch Planschleifen f\u00fcr Teile mit einem Volumen von nicht mehr als: L\u00e4nge 1500mm x Breite 500mm x H\u00f6he 400mm.<\/li>\n<\/ul>\n\n\n\n<p>Ob Sie Einzelteile oder kleine und mittlere Serien ben\u00f6tigen, z\u00f6gern Sie nicht, uns zu kontaktieren, damit wir die Machbarkeit Ihrer Zahnr\u00e4der auf unseren Produktionsanlagen pr\u00fcfen k\u00f6nnen.<\/p>\n","protected":false},"excerpt":{"rendered":"<p>Das Schleifen der Z\u00e4hne ist die Wertsteigerung unserer Teile! Die Strategie von CORDM besteht darin, hochpr\u00e4zise Zahnr\u00e4der f\u00fcr Hochgeschwindigkeitsanwendungen (+20.000 U\/min) herzustellen.Um dies zu erreichen, ist das Schleifen der Z\u00e4hne unerl\u00e4sslich, um eine mikrometrische Pr\u00e4zision zu erreichen! Das Know-how unserer Teams erm\u00f6glicht uns das Verzahnungsschleifen von Zahnr\u00e4dern mit einem Durchmesser von bis zu 1600 mm [&hellip;]<\/p>\n","protected":false},"author":1,"featured_media":0,"parent":3713,"menu_order":0,"comment_status":"closed","ping_status":"closed","template":"","meta":{"_acf_changed":false,"footnotes":""},"class_list":["post-4028","page","type-page","status-publish","hentry"],"acf":[],"yoast_head":"<!-- This site is optimized with the Yoast SEO plugin v27.5 - https:\/\/yoast.com\/product\/yoast-seo-wordpress\/ -->\n<title>Verzahnungsschleifen - CORDM Gears<\/title>\n<meta name=\"robots\" content=\"index, follow, max-snippet:-1, max-image-preview:large, max-video-preview:-1\" \/>\n<link rel=\"canonical\" href=\"https:\/\/www.cordm.com\/de\/dienstleistungen\/unsere-werkstatt\/verzahnungsschleifen\/\" \/>\n<meta property=\"og:locale\" content=\"de_DE\" \/>\n<meta property=\"og:type\" content=\"article\" \/>\n<meta property=\"og:title\" content=\"Verzahnungsschleifen - CORDM Gears\" \/>\n<meta property=\"og:description\" content=\"Das Schleifen der Z\u00e4hne ist die Wertsteigerung unserer Teile! Die Strategie von CORDM besteht darin, hochpr\u00e4zise Zahnr\u00e4der f\u00fcr Hochgeschwindigkeitsanwendungen (+20.000 U\/min) herzustellen.Um dies zu erreichen, ist das Schleifen der Z\u00e4hne unerl\u00e4sslich, um eine mikrometrische Pr\u00e4zision zu erreichen! Das Know-how unserer Teams erm\u00f6glicht uns das Verzahnungsschleifen von Zahnr\u00e4dern mit einem Durchmesser von bis zu 1600 mm [&hellip;]\" \/>\n<meta property=\"og:url\" content=\"https:\/\/www.cordm.com\/de\/dienstleistungen\/unsere-werkstatt\/verzahnungsschleifen\/\" \/>\n<meta property=\"og:site_name\" content=\"CORDM Gears\" \/>\n<meta property=\"article:modified_time\" content=\"2024-12-17T13:54:26+00:00\" \/>\n<meta name=\"twitter:card\" content=\"summary_large_image\" \/>\n<meta name=\"twitter:label1\" content=\"Gesch\u00e4tzte Lesezeit\" \/>\n\t<meta name=\"twitter:data1\" content=\"1\u00a0Minute\" \/>\n<script type=\"application\/ld+json\" class=\"yoast-schema-graph\">{\"@context\":\"https:\\\/\\\/schema.org\",\"@graph\":[{\"@type\":\"WebPage\",\"@id\":\"https:\\\/\\\/www.cordm.com\\\/de\\\/dienstleistungen\\\/unsere-werkstatt\\\/verzahnungsschleifen\\\/\",\"url\":\"https:\\\/\\\/www.cordm.com\\\/de\\\/dienstleistungen\\\/unsere-werkstatt\\\/verzahnungsschleifen\\\/\",\"name\":\"Verzahnungsschleifen - CORDM Gears\",\"isPartOf\":{\"@id\":\"https:\\\/\\\/www.cordm.com\\\/de\\\/#website\"},\"datePublished\":\"2024-11-22T10:06:00+00:00\",\"dateModified\":\"2024-12-17T13:54:26+00:00\",\"breadcrumb\":{\"@id\":\"https:\\\/\\\/www.cordm.com\\\/de\\\/dienstleistungen\\\/unsere-werkstatt\\\/verzahnungsschleifen\\\/#breadcrumb\"},\"inLanguage\":\"de\",\"potentialAction\":[{\"@type\":\"ReadAction\",\"target\":[\"https:\\\/\\\/www.cordm.com\\\/de\\\/dienstleistungen\\\/unsere-werkstatt\\\/verzahnungsschleifen\\\/\"]}]},{\"@type\":\"BreadcrumbList\",\"@id\":\"https:\\\/\\\/www.cordm.com\\\/de\\\/dienstleistungen\\\/unsere-werkstatt\\\/verzahnungsschleifen\\\/#breadcrumb\",\"itemListElement\":[{\"@type\":\"ListItem\",\"position\":1,\"name\":\"CORDM Gears\",\"item\":\"https:\\\/\\\/www.cordm.com\\\/de\\\/\"},{\"@type\":\"ListItem\",\"position\":2,\"name\":\"Dienstleistungen\",\"item\":\"https:\\\/\\\/www.cordm.com\\\/de\\\/dienstleistungen\\\/\"},{\"@type\":\"ListItem\",\"position\":3,\"name\":\"Unsere Werkstatt\",\"item\":\"https:\\\/\\\/www.cordm.com\\\/de\\\/dienstleistungen\\\/unsere-werkstatt\\\/\"},{\"@type\":\"ListItem\",\"position\":4,\"name\":\"Verzahnungsschleifen\"}]},{\"@type\":\"WebSite\",\"@id\":\"https:\\\/\\\/www.cordm.com\\\/de\\\/#website\",\"url\":\"https:\\\/\\\/www.cordm.com\\\/de\\\/\",\"name\":\"CORDM Gears\",\"description\":\"\",\"publisher\":{\"@id\":\"https:\\\/\\\/www.cordm.com\\\/de\\\/#organization\"},\"potentialAction\":[{\"@type\":\"SearchAction\",\"target\":{\"@type\":\"EntryPoint\",\"urlTemplate\":\"https:\\\/\\\/www.cordm.com\\\/de\\\/?s={search_term_string}\"},\"query-input\":{\"@type\":\"PropertyValueSpecification\",\"valueRequired\":true,\"valueName\":\"search_term_string\"}}],\"inLanguage\":\"de\"},{\"@type\":\"Organization\",\"@id\":\"https:\\\/\\\/www.cordm.com\\\/de\\\/#organization\",\"name\":\"CORDM Gears\",\"url\":\"https:\\\/\\\/www.cordm.com\\\/de\\\/\",\"logo\":{\"@type\":\"ImageObject\",\"inLanguage\":\"de\",\"@id\":\"https:\\\/\\\/www.cordm.com\\\/de\\\/#\\\/schema\\\/logo\\\/image\\\/\",\"url\":\"https:\\\/\\\/www.cordm.com\\\/wp-content\\\/uploads\\\/2024\\\/10\\\/cordm_logo.png\",\"contentUrl\":\"https:\\\/\\\/www.cordm.com\\\/wp-content\\\/uploads\\\/2024\\\/10\\\/cordm_logo.png\",\"width\":332,\"height\":98,\"caption\":\"CORDM Gears\"},\"image\":{\"@id\":\"https:\\\/\\\/www.cordm.com\\\/de\\\/#\\\/schema\\\/logo\\\/image\\\/\"}}]}<\/script>\n<!-- \/ Yoast SEO plugin. -->","yoast_head_json":{"title":"Verzahnungsschleifen - CORDM Gears","robots":{"index":"index","follow":"follow","max-snippet":"max-snippet:-1","max-image-preview":"max-image-preview:large","max-video-preview":"max-video-preview:-1"},"canonical":"https:\/\/www.cordm.com\/de\/dienstleistungen\/unsere-werkstatt\/verzahnungsschleifen\/","og_locale":"de_DE","og_type":"article","og_title":"Verzahnungsschleifen - CORDM Gears","og_description":"Das Schleifen der Z\u00e4hne ist die Wertsteigerung unserer Teile! Die Strategie von CORDM besteht darin, hochpr\u00e4zise Zahnr\u00e4der f\u00fcr Hochgeschwindigkeitsanwendungen (+20.000 U\/min) herzustellen.Um dies zu erreichen, ist das Schleifen der Z\u00e4hne unerl\u00e4sslich, um eine mikrometrische Pr\u00e4zision zu erreichen! Das Know-how unserer Teams erm\u00f6glicht uns das Verzahnungsschleifen von Zahnr\u00e4dern mit einem Durchmesser von bis zu 1600 mm [&hellip;]","og_url":"https:\/\/www.cordm.com\/de\/dienstleistungen\/unsere-werkstatt\/verzahnungsschleifen\/","og_site_name":"CORDM Gears","article_modified_time":"2024-12-17T13:54:26+00:00","twitter_card":"summary_large_image","twitter_misc":{"Gesch\u00e4tzte Lesezeit":"1\u00a0Minute"},"schema":{"@context":"https:\/\/schema.org","@graph":[{"@type":"WebPage","@id":"https:\/\/www.cordm.com\/de\/dienstleistungen\/unsere-werkstatt\/verzahnungsschleifen\/","url":"https:\/\/www.cordm.com\/de\/dienstleistungen\/unsere-werkstatt\/verzahnungsschleifen\/","name":"Verzahnungsschleifen - CORDM Gears","isPartOf":{"@id":"https:\/\/www.cordm.com\/de\/#website"},"datePublished":"2024-11-22T10:06:00+00:00","dateModified":"2024-12-17T13:54:26+00:00","breadcrumb":{"@id":"https:\/\/www.cordm.com\/de\/dienstleistungen\/unsere-werkstatt\/verzahnungsschleifen\/#breadcrumb"},"inLanguage":"de","potentialAction":[{"@type":"ReadAction","target":["https:\/\/www.cordm.com\/de\/dienstleistungen\/unsere-werkstatt\/verzahnungsschleifen\/"]}]},{"@type":"BreadcrumbList","@id":"https:\/\/www.cordm.com\/de\/dienstleistungen\/unsere-werkstatt\/verzahnungsschleifen\/#breadcrumb","itemListElement":[{"@type":"ListItem","position":1,"name":"CORDM Gears","item":"https:\/\/www.cordm.com\/de\/"},{"@type":"ListItem","position":2,"name":"Dienstleistungen","item":"https:\/\/www.cordm.com\/de\/dienstleistungen\/"},{"@type":"ListItem","position":3,"name":"Unsere Werkstatt","item":"https:\/\/www.cordm.com\/de\/dienstleistungen\/unsere-werkstatt\/"},{"@type":"ListItem","position":4,"name":"Verzahnungsschleifen"}]},{"@type":"WebSite","@id":"https:\/\/www.cordm.com\/de\/#website","url":"https:\/\/www.cordm.com\/de\/","name":"CORDM Gears","description":"","publisher":{"@id":"https:\/\/www.cordm.com\/de\/#organization"},"potentialAction":[{"@type":"SearchAction","target":{"@type":"EntryPoint","urlTemplate":"https:\/\/www.cordm.com\/de\/?s={search_term_string}"},"query-input":{"@type":"PropertyValueSpecification","valueRequired":true,"valueName":"search_term_string"}}],"inLanguage":"de"},{"@type":"Organization","@id":"https:\/\/www.cordm.com\/de\/#organization","name":"CORDM Gears","url":"https:\/\/www.cordm.com\/de\/","logo":{"@type":"ImageObject","inLanguage":"de","@id":"https:\/\/www.cordm.com\/de\/#\/schema\/logo\/image\/","url":"https:\/\/www.cordm.com\/wp-content\/uploads\/2024\/10\/cordm_logo.png","contentUrl":"https:\/\/www.cordm.com\/wp-content\/uploads\/2024\/10\/cordm_logo.png","width":332,"height":98,"caption":"CORDM Gears"},"image":{"@id":"https:\/\/www.cordm.com\/de\/#\/schema\/logo\/image\/"}}]}},"_links":{"self":[{"href":"https:\/\/www.cordm.com\/de\/wp-json\/wp\/v2\/pages\/4028","targetHints":{"allow":["GET"]}}],"collection":[{"href":"https:\/\/www.cordm.com\/de\/wp-json\/wp\/v2\/pages"}],"about":[{"href":"https:\/\/www.cordm.com\/de\/wp-json\/wp\/v2\/types\/page"}],"author":[{"embeddable":true,"href":"https:\/\/www.cordm.com\/de\/wp-json\/wp\/v2\/users\/1"}],"replies":[{"embeddable":true,"href":"https:\/\/www.cordm.com\/de\/wp-json\/wp\/v2\/comments?post=4028"}],"version-history":[{"count":1,"href":"https:\/\/www.cordm.com\/de\/wp-json\/wp\/v2\/pages\/4028\/revisions"}],"predecessor-version":[{"id":4029,"href":"https:\/\/www.cordm.com\/de\/wp-json\/wp\/v2\/pages\/4028\/revisions\/4029"}],"up":[{"embeddable":true,"href":"https:\/\/www.cordm.com\/de\/wp-json\/wp\/v2\/pages\/3713"}],"wp:attachment":[{"href":"https:\/\/www.cordm.com\/de\/wp-json\/wp\/v2\/media?parent=4028"}],"curies":[{"name":"wp","href":"https:\/\/api.w.org\/{rel}","templated":true}]}}