{"id":4002,"date":"2024-11-22T10:44:24","date_gmt":"2024-11-22T09:44:24","guid":{"rendered":"https:\/\/crm.lafabrikk.dev\/accouplement-et-elements-transmission\/"},"modified":"2024-12-17T14:37:39","modified_gmt":"2024-12-17T13:37:39","slug":"kupplungen-und-getriebeelemente","status":"publish","type":"page","link":"https:\/\/www.cordm.com\/de\/kupplungen-und-getriebeelemente\/","title":{"rendered":"Kupplungen und Getriebeelemente"},"content":{"rendered":"\n<p>Diese Bauteile, die die verschiedenen mechanischen Baugruppen in Bewegung\/Drehung miteinander verbinden, sind f\u00fcr die mechanischen Verbindungen und die Kraft\u00fcbertragung unerl\u00e4sslich.<br>Es ist wichtig, die Qualit\u00e4t und Pr\u00e4zision dieser Bauteile zu gew\u00e4hrleisten, damit sie ihre Funktion mit absoluter Zuverl\u00e4ssigkeit erf\u00fcllen k\u00f6nnen.<\/p>\n\n\n\n<p>Sph\u00e4rische Verzahnungen, Stirnverzahnungen, Klauenkupplungen, polygonale zylindrische\/kegelf\u00f6rmige Lagerbefestigungen, Kettenr\u00e4der, usw., CORDM verf\u00fcgt \u00fcber die Kapazit\u00e4t, diese Kupplungen herzustellen.<\/p>\n\n\n\n<p>Bitte z\u00f6gern Sie nicht, uns f\u00fcr weitere Informationen \u00fcber unsere M\u00f6glichkeiten zu kontaktieren.<\/p>\n\n\n\n\n\n\n<p><\/p>\n","protected":false},"excerpt":{"rendered":"<p>Diese Bauteile, die die verschiedenen mechanischen Baugruppen in Bewegung\/Drehung miteinander verbinden, sind f\u00fcr die mechanischen Verbindungen und die Kraft\u00fcbertragung unerl\u00e4sslich.Es ist wichtig, die Qualit\u00e4t und Pr\u00e4zision dieser Bauteile zu gew\u00e4hrleisten, damit sie ihre Funktion mit absoluter Zuverl\u00e4ssigkeit erf\u00fcllen k\u00f6nnen. Sph\u00e4rische Verzahnungen, Stirnverzahnungen, Klauenkupplungen, polygonale zylindrische\/kegelf\u00f6rmige Lagerbefestigungen, Kettenr\u00e4der, usw., CORDM verf\u00fcgt \u00fcber die Kapazit\u00e4t, diese Kupplungen [&hellip;]<\/p>\n","protected":false},"author":1,"featured_media":0,"parent":0,"menu_order":0,"comment_status":"closed","ping_status":"closed","template":"","meta":{"_acf_changed":false,"footnotes":""},"class_list":["post-4002","page","type-page","status-publish","hentry"],"acf":[],"yoast_head":"<!-- This site is optimized with the Yoast SEO plugin v27.5 - https:\/\/yoast.com\/product\/yoast-seo-wordpress\/ -->\n<title>Kupplungen und Getriebeelemente - CORDM Gears<\/title>\n<meta name=\"robots\" content=\"index, follow, max-snippet:-1, max-image-preview:large, max-video-preview:-1\" \/>\n<link rel=\"canonical\" href=\"https:\/\/www.cordm.com\/de\/kupplungen-und-getriebeelemente\/\" \/>\n<meta property=\"og:locale\" content=\"de_DE\" \/>\n<meta property=\"og:type\" content=\"article\" \/>\n<meta property=\"og:title\" content=\"Kupplungen und Getriebeelemente - CORDM Gears\" \/>\n<meta property=\"og:description\" content=\"Diese Bauteile, die die verschiedenen mechanischen Baugruppen in Bewegung\/Drehung miteinander verbinden, sind f\u00fcr die mechanischen Verbindungen und die Kraft\u00fcbertragung unerl\u00e4sslich.Es ist wichtig, die Qualit\u00e4t und Pr\u00e4zision dieser Bauteile zu gew\u00e4hrleisten, damit sie ihre Funktion mit absoluter Zuverl\u00e4ssigkeit erf\u00fcllen k\u00f6nnen. Sph\u00e4rische Verzahnungen, Stirnverzahnungen, Klauenkupplungen, polygonale zylindrische\/kegelf\u00f6rmige Lagerbefestigungen, Kettenr\u00e4der, usw., CORDM verf\u00fcgt \u00fcber die Kapazit\u00e4t, diese Kupplungen [&hellip;]\" \/>\n<meta property=\"og:url\" content=\"https:\/\/www.cordm.com\/de\/kupplungen-und-getriebeelemente\/\" \/>\n<meta property=\"og:site_name\" content=\"CORDM Gears\" \/>\n<meta property=\"article:modified_time\" content=\"2024-12-17T13:37:39+00:00\" \/>\n<meta name=\"twitter:card\" content=\"summary_large_image\" \/>\n<meta name=\"twitter:label1\" content=\"Gesch\u00e4tzte Lesezeit\" \/>\n\t<meta name=\"twitter:data1\" content=\"1\u00a0Minute\" \/>\n<script type=\"application\/ld+json\" class=\"yoast-schema-graph\">{\"@context\":\"https:\\\/\\\/schema.org\",\"@graph\":[{\"@type\":\"WebPage\",\"@id\":\"https:\\\/\\\/www.cordm.com\\\/de\\\/kupplungen-und-getriebeelemente\\\/\",\"url\":\"https:\\\/\\\/www.cordm.com\\\/de\\\/kupplungen-und-getriebeelemente\\\/\",\"name\":\"Kupplungen und Getriebeelemente - CORDM Gears\",\"isPartOf\":{\"@id\":\"https:\\\/\\\/www.cordm.com\\\/de\\\/#website\"},\"datePublished\":\"2024-11-22T09:44:24+00:00\",\"dateModified\":\"2024-12-17T13:37:39+00:00\",\"breadcrumb\":{\"@id\":\"https:\\\/\\\/www.cordm.com\\\/de\\\/kupplungen-und-getriebeelemente\\\/#breadcrumb\"},\"inLanguage\":\"de\",\"potentialAction\":[{\"@type\":\"ReadAction\",\"target\":[\"https:\\\/\\\/www.cordm.com\\\/de\\\/kupplungen-und-getriebeelemente\\\/\"]}]},{\"@type\":\"BreadcrumbList\",\"@id\":\"https:\\\/\\\/www.cordm.com\\\/de\\\/kupplungen-und-getriebeelemente\\\/#breadcrumb\",\"itemListElement\":[{\"@type\":\"ListItem\",\"position\":1,\"name\":\"CORDM Gears\",\"item\":\"https:\\\/\\\/www.cordm.com\\\/de\\\/\"},{\"@type\":\"ListItem\",\"position\":2,\"name\":\"Kupplungen und Getriebeelemente\"}]},{\"@type\":\"WebSite\",\"@id\":\"https:\\\/\\\/www.cordm.com\\\/de\\\/#website\",\"url\":\"https:\\\/\\\/www.cordm.com\\\/de\\\/\",\"name\":\"CORDM Gears\",\"description\":\"\",\"publisher\":{\"@id\":\"https:\\\/\\\/www.cordm.com\\\/de\\\/#organization\"},\"potentialAction\":[{\"@type\":\"SearchAction\",\"target\":{\"@type\":\"EntryPoint\",\"urlTemplate\":\"https:\\\/\\\/www.cordm.com\\\/de\\\/?s={search_term_string}\"},\"query-input\":{\"@type\":\"PropertyValueSpecification\",\"valueRequired\":true,\"valueName\":\"search_term_string\"}}],\"inLanguage\":\"de\"},{\"@type\":\"Organization\",\"@id\":\"https:\\\/\\\/www.cordm.com\\\/de\\\/#organization\",\"name\":\"CORDM Gears\",\"url\":\"https:\\\/\\\/www.cordm.com\\\/de\\\/\",\"logo\":{\"@type\":\"ImageObject\",\"inLanguage\":\"de\",\"@id\":\"https:\\\/\\\/www.cordm.com\\\/de\\\/#\\\/schema\\\/logo\\\/image\\\/\",\"url\":\"https:\\\/\\\/www.cordm.com\\\/wp-content\\\/uploads\\\/2024\\\/10\\\/cordm_logo.png\",\"contentUrl\":\"https:\\\/\\\/www.cordm.com\\\/wp-content\\\/uploads\\\/2024\\\/10\\\/cordm_logo.png\",\"width\":332,\"height\":98,\"caption\":\"CORDM Gears\"},\"image\":{\"@id\":\"https:\\\/\\\/www.cordm.com\\\/de\\\/#\\\/schema\\\/logo\\\/image\\\/\"}}]}<\/script>\n<!-- \/ Yoast SEO plugin. -->","yoast_head_json":{"title":"Kupplungen und Getriebeelemente - CORDM Gears","robots":{"index":"index","follow":"follow","max-snippet":"max-snippet:-1","max-image-preview":"max-image-preview:large","max-video-preview":"max-video-preview:-1"},"canonical":"https:\/\/www.cordm.com\/de\/kupplungen-und-getriebeelemente\/","og_locale":"de_DE","og_type":"article","og_title":"Kupplungen und Getriebeelemente - CORDM Gears","og_description":"Diese Bauteile, die die verschiedenen mechanischen Baugruppen in Bewegung\/Drehung miteinander verbinden, sind f\u00fcr die mechanischen Verbindungen und die Kraft\u00fcbertragung unerl\u00e4sslich.Es ist wichtig, die Qualit\u00e4t und Pr\u00e4zision dieser Bauteile zu gew\u00e4hrleisten, damit sie ihre Funktion mit absoluter Zuverl\u00e4ssigkeit erf\u00fcllen k\u00f6nnen. Sph\u00e4rische Verzahnungen, Stirnverzahnungen, Klauenkupplungen, polygonale zylindrische\/kegelf\u00f6rmige Lagerbefestigungen, Kettenr\u00e4der, usw., CORDM verf\u00fcgt \u00fcber die Kapazit\u00e4t, diese Kupplungen [&hellip;]","og_url":"https:\/\/www.cordm.com\/de\/kupplungen-und-getriebeelemente\/","og_site_name":"CORDM Gears","article_modified_time":"2024-12-17T13:37:39+00:00","twitter_card":"summary_large_image","twitter_misc":{"Gesch\u00e4tzte Lesezeit":"1\u00a0Minute"},"schema":{"@context":"https:\/\/schema.org","@graph":[{"@type":"WebPage","@id":"https:\/\/www.cordm.com\/de\/kupplungen-und-getriebeelemente\/","url":"https:\/\/www.cordm.com\/de\/kupplungen-und-getriebeelemente\/","name":"Kupplungen und Getriebeelemente - CORDM Gears","isPartOf":{"@id":"https:\/\/www.cordm.com\/de\/#website"},"datePublished":"2024-11-22T09:44:24+00:00","dateModified":"2024-12-17T13:37:39+00:00","breadcrumb":{"@id":"https:\/\/www.cordm.com\/de\/kupplungen-und-getriebeelemente\/#breadcrumb"},"inLanguage":"de","potentialAction":[{"@type":"ReadAction","target":["https:\/\/www.cordm.com\/de\/kupplungen-und-getriebeelemente\/"]}]},{"@type":"BreadcrumbList","@id":"https:\/\/www.cordm.com\/de\/kupplungen-und-getriebeelemente\/#breadcrumb","itemListElement":[{"@type":"ListItem","position":1,"name":"CORDM Gears","item":"https:\/\/www.cordm.com\/de\/"},{"@type":"ListItem","position":2,"name":"Kupplungen und Getriebeelemente"}]},{"@type":"WebSite","@id":"https:\/\/www.cordm.com\/de\/#website","url":"https:\/\/www.cordm.com\/de\/","name":"CORDM Gears","description":"","publisher":{"@id":"https:\/\/www.cordm.com\/de\/#organization"},"potentialAction":[{"@type":"SearchAction","target":{"@type":"EntryPoint","urlTemplate":"https:\/\/www.cordm.com\/de\/?s={search_term_string}"},"query-input":{"@type":"PropertyValueSpecification","valueRequired":true,"valueName":"search_term_string"}}],"inLanguage":"de"},{"@type":"Organization","@id":"https:\/\/www.cordm.com\/de\/#organization","name":"CORDM Gears","url":"https:\/\/www.cordm.com\/de\/","logo":{"@type":"ImageObject","inLanguage":"de","@id":"https:\/\/www.cordm.com\/de\/#\/schema\/logo\/image\/","url":"https:\/\/www.cordm.com\/wp-content\/uploads\/2024\/10\/cordm_logo.png","contentUrl":"https:\/\/www.cordm.com\/wp-content\/uploads\/2024\/10\/cordm_logo.png","width":332,"height":98,"caption":"CORDM Gears"},"image":{"@id":"https:\/\/www.cordm.com\/de\/#\/schema\/logo\/image\/"}}]}},"_links":{"self":[{"href":"https:\/\/www.cordm.com\/de\/wp-json\/wp\/v2\/pages\/4002","targetHints":{"allow":["GET"]}}],"collection":[{"href":"https:\/\/www.cordm.com\/de\/wp-json\/wp\/v2\/pages"}],"about":[{"href":"https:\/\/www.cordm.com\/de\/wp-json\/wp\/v2\/types\/page"}],"author":[{"embeddable":true,"href":"https:\/\/www.cordm.com\/de\/wp-json\/wp\/v2\/users\/1"}],"replies":[{"embeddable":true,"href":"https:\/\/www.cordm.com\/de\/wp-json\/wp\/v2\/comments?post=4002"}],"version-history":[{"count":2,"href":"https:\/\/www.cordm.com\/de\/wp-json\/wp\/v2\/pages\/4002\/revisions"}],"predecessor-version":[{"id":4008,"href":"https:\/\/www.cordm.com\/de\/wp-json\/wp\/v2\/pages\/4002\/revisions\/4008"}],"wp:attachment":[{"href":"https:\/\/www.cordm.com\/de\/wp-json\/wp\/v2\/media?parent=4002"}],"curies":[{"name":"wp","href":"https:\/\/api.w.org\/{rel}","templated":true}]}}