{"id":3839,"date":"2024-11-22T11:31:35","date_gmt":"2024-11-22T10:31:35","guid":{"rendered":"https:\/\/crm.lafabrikk.dev\/equipe\/"},"modified":"2026-03-02T10:01:58","modified_gmt":"2026-03-02T09:01:58","slug":"unser-team","status":"publish","type":"page","link":"https:\/\/www.cordm.com\/de\/kontakte\/unser-team\/","title":{"rendered":"Unser Team"},"content":{"rendered":"\n<div class=\"wp-block-columns equipe-ligne is-layout-flex wp-container-core-columns-is-layout-9d6595d7 wp-block-columns-is-layout-flex\">\n<div class=\"wp-block-column is-layout-flow wp-block-column-is-layout-flow\">\n<h4 class=\"wp-block-heading has-text-align-center\">Gesch\u00e4ftsleitung<\/h4>\n\n\n\n<p class=\"has-text-align-center\">Patrick GABRIEL<\/p>\n<\/div>\n\n\n\n<div class=\"wp-block-column is-layout-flow wp-block-column-is-layout-flow\">\n<h4 class=\"wp-block-heading has-text-align-center\">Verkauftsleitung<\/h4>\n\n\n\n<p class=\"has-text-align-center\">Christelle TRIDON<\/p>\n<\/div>\n\n\n\n<div class=\"wp-block-column is-layout-flow wp-block-column-is-layout-flow\">\n<h4 class=\"wp-block-heading has-text-align-center\">Leiter Disposition<\/h4>\n\n\n\n<p class=\"has-text-align-center\">Alexandre BOURGIN<\/p>\n<\/div>\n<\/div>\n\n\n\n<div class=\"wp-block-columns equipe-ligne is-layout-flex wp-container-core-columns-is-layout-9d6595d7 wp-block-columns-is-layout-flex\">\n<div class=\"wp-block-column is-layout-flow wp-block-column-is-layout-flow\">\n<h4 class=\"wp-block-heading has-text-align-center\">QS-Leiter<\/h4>\n\n\n\n<p class=\"has-text-align-center\">Pauline HARROY<\/p>\n<\/div>\n\n\n\n<div class=\"wp-block-column is-layout-flow wp-block-column-is-layout-flow\">\n<h4 class=\"wp-block-heading has-text-align-center\">Rezeption<\/h4>\n\n\n\n<p class=\"has-text-align-center\">Katia WOIRY<\/p>\n<\/div>\n\n\n\n<div class=\"wp-block-column is-layout-flow wp-block-column-is-layout-flow\">\n<h4 class=\"wp-block-heading has-text-align-center\">Leiter Qualit\u00e4tskontrolle<\/h4>\n\n\n\n<p class=\"has-text-align-center\">Michel DLUGI<br>David GAVARD<\/p>\n<\/div>\n<\/div>\n\n\n\n<div class=\"wp-block-columns equipe-ligne is-layout-flex wp-container-core-columns-is-layout-9d6595d7 wp-block-columns-is-layout-flex\">\n<div class=\"wp-block-column is-layout-flow wp-block-column-is-layout-flow\">\n<h4 class=\"wp-block-heading has-text-align-center\">Leiterin Controlling<\/h4>\n\n\n\n<p class=\"has-text-align-center\">St\u00e9phanie GURY<\/p>\n<\/div>\n\n\n\n<div class=\"wp-block-column is-layout-flow wp-block-column-is-layout-flow\">\n<h4 class=\"wp-block-heading has-text-align-center\">Entwicklung &amp; Design<\/h4>\n\n\n\n<p class=\"has-text-align-center\">Nicolas WIRIOT<br>Victor LAFLOTTE<\/p>\n<\/div>\n\n\n\n<div class=\"wp-block-column is-layout-flow wp-block-column-is-layout-flow\">\n<h4 class=\"wp-block-heading has-text-align-center\">Einkaufsleiter<\/h4>\n\n\n\n<p class=\"has-text-align-center\">St\u00e9phane QUATRESOLS<br>Alan PIERRE<\/p>\n<\/div>\n<\/div>\n\n\n\n<div class=\"wp-block-columns equipe-ligne is-layout-flex wp-container-core-columns-is-layout-9d6595d7 wp-block-columns-is-layout-flex\">\n<div class=\"wp-block-column is-layout-flow wp-block-column-is-layout-flow\">\n<h4 class=\"wp-block-heading has-text-align-center\">Produktionsleiter<\/h4>\n\n\n\n<p class=\"has-text-align-center\">Raoul HERROJO<\/p>\n<\/div>\n\n\n\n<div class=\"wp-block-column is-layout-flow wp-block-column-is-layout-flow\">\n<h4 class=\"wp-block-heading has-text-align-center\">Betriebsleiter<\/h4>\n\n\n\n<p class=\"has-text-align-center\">Guillaume LABBE<\/p>\n<\/div>\n\n\n\n<div class=\"wp-block-column is-layout-flow wp-block-column-is-layout-flow\">\n<h4 class=\"wp-block-heading has-text-align-center\">Leiter Arbeitsvorbereitung<\/h4>\n\n\n\n<p class=\"has-text-align-center\">Xavier RICHARD<br>Damien GILLES<\/p>\n<\/div>\n<\/div>\n\n\n\n<div class=\"wp-block-columns equipe-ligne is-layout-flex wp-container-core-columns-is-layout-9d6595d7 wp-block-columns-is-layout-flex\">\n<div class=\"wp-block-column is-layout-flow wp-block-column-is-layout-flow\">\n<h4 class=\"wp-block-heading has-text-align-center\">Herstellung und Getriebereparatur<\/h4>\n\n\n\n<p class=\"has-text-align-center\">Aur\u00e9lien BEE<\/p>\n<\/div>\n\n\n\n<div class=\"wp-block-column is-layout-flow wp-block-column-is-layout-flow\">\n<h4 class=\"wp-block-heading has-text-align-center\">Sachbearbeiterin<\/h4>\n\n\n\n<p class=\"has-text-align-center\">Colinda SANCHEZ<\/p>\n<\/div>\n\n\n\n<div class=\"wp-block-column is-layout-flow wp-block-column-is-layout-flow\">\n<h4 class=\"wp-block-heading has-text-align-center\">Technische Angebote<\/h4>\n\n\n\n<p class=\"has-text-align-center\">Sylvain FRIEDMANN<br>Aur\u00e9lien BEE<br>Nicolas \u0152illet<\/p>\n<\/div>\n<\/div>\n\n\n\n<div class=\"wp-block-columns equipe-ligne is-layout-flex wp-container-core-columns-is-layout-9d6595d7 wp-block-columns-is-layout-flex\">\n<div class=\"wp-block-column is-layout-flow wp-block-column-is-layout-flow\">\n<h4 class=\"wp-block-heading has-text-align-center\">Informatik<\/h4>\n\n\n\n<p class=\"has-text-align-center\">Patrick GABRIEL<\/p>\n<\/div>\n\n\n\n<div class=\"wp-block-column is-layout-flow wp-block-column-is-layout-flow\">\n<h4 class=\"wp-block-heading has-text-align-center\">Leiter Instandhaltung<\/h4>\n\n\n\n<p class=\"has-text-align-center\">Jean-Philippe HALLOT<\/p>\n<\/div>\n\n\n\n<div class=\"wp-block-column is-layout-flow wp-block-column-is-layout-flow\">\n<p class=\"has-text-align-center\"><\/p>\n<\/div>\n<\/div>\n","protected":false},"excerpt":{"rendered":"<p>Gesch\u00e4ftsleitung Patrick GABRIEL Verkauftsleitung Christelle TRIDON Leiter Disposition Alexandre BOURGIN QS-Leiter Pauline HARROY Rezeption Katia WOIRY Leiter Qualit\u00e4tskontrolle Michel DLUGIDavid GAVARD Leiterin Controlling St\u00e9phanie GURY Entwicklung &amp; Design Nicolas WIRIOTVictor LAFLOTTE Einkaufsleiter St\u00e9phane QUATRESOLSAlan PIERRE Produktionsleiter Raoul HERROJO Betriebsleiter Guillaume LABBE Leiter Arbeitsvorbereitung Xavier RICHARDDamien GILLES Herstellung und Getriebereparatur Aur\u00e9lien BEE Sachbearbeiterin Colinda SANCHEZ Technische [&hellip;]<\/p>\n","protected":false},"author":1,"featured_media":0,"parent":3883,"menu_order":0,"comment_status":"closed","ping_status":"closed","template":"","meta":{"_acf_changed":false,"footnotes":""},"class_list":["post-3839","page","type-page","status-publish","hentry"],"acf":[],"yoast_head":"<!-- This site is optimized with the Yoast SEO plugin v27.5 - https:\/\/yoast.com\/product\/yoast-seo-wordpress\/ -->\n<title>Unser Team - CORDM Gears<\/title>\n<meta name=\"robots\" content=\"index, follow, max-snippet:-1, max-image-preview:large, max-video-preview:-1\" \/>\n<link rel=\"canonical\" href=\"https:\/\/www.cordm.com\/de\/kontakte\/unser-team\/\" \/>\n<meta property=\"og:locale\" content=\"de_DE\" \/>\n<meta property=\"og:type\" content=\"article\" \/>\n<meta property=\"og:title\" content=\"Unser Team - CORDM Gears\" \/>\n<meta property=\"og:description\" content=\"Gesch\u00e4ftsleitung Patrick GABRIEL Verkauftsleitung Christelle TRIDON Leiter Disposition Alexandre BOURGIN QS-Leiter Pauline HARROY Rezeption Katia WOIRY Leiter Qualit\u00e4tskontrolle Michel DLUGIDavid GAVARD Leiterin Controlling St\u00e9phanie GURY Entwicklung &amp; Design Nicolas WIRIOTVictor LAFLOTTE Einkaufsleiter St\u00e9phane QUATRESOLSAlan PIERRE Produktionsleiter Raoul HERROJO Betriebsleiter Guillaume LABBE Leiter Arbeitsvorbereitung Xavier RICHARDDamien GILLES Herstellung und Getriebereparatur Aur\u00e9lien BEE Sachbearbeiterin Colinda SANCHEZ Technische [&hellip;]\" \/>\n<meta property=\"og:url\" content=\"https:\/\/www.cordm.com\/de\/kontakte\/unser-team\/\" \/>\n<meta property=\"og:site_name\" content=\"CORDM Gears\" \/>\n<meta property=\"article:modified_time\" content=\"2026-03-02T09:01:58+00:00\" \/>\n<meta name=\"twitter:card\" content=\"summary_large_image\" \/>\n<meta name=\"twitter:label1\" content=\"Gesch\u00e4tzte Lesezeit\" \/>\n\t<meta name=\"twitter:data1\" content=\"1\u00a0Minute\" \/>\n<script type=\"application\/ld+json\" class=\"yoast-schema-graph\">{\"@context\":\"https:\\\/\\\/schema.org\",\"@graph\":[{\"@type\":\"WebPage\",\"@id\":\"https:\\\/\\\/www.cordm.com\\\/de\\\/kontakte\\\/unser-team\\\/\",\"url\":\"https:\\\/\\\/www.cordm.com\\\/de\\\/kontakte\\\/unser-team\\\/\",\"name\":\"Unser Team - CORDM Gears\",\"isPartOf\":{\"@id\":\"https:\\\/\\\/www.cordm.com\\\/de\\\/#website\"},\"datePublished\":\"2024-11-22T10:31:35+00:00\",\"dateModified\":\"2026-03-02T09:01:58+00:00\",\"breadcrumb\":{\"@id\":\"https:\\\/\\\/www.cordm.com\\\/de\\\/kontakte\\\/unser-team\\\/#breadcrumb\"},\"inLanguage\":\"de\",\"potentialAction\":[{\"@type\":\"ReadAction\",\"target\":[\"https:\\\/\\\/www.cordm.com\\\/de\\\/kontakte\\\/unser-team\\\/\"]}]},{\"@type\":\"BreadcrumbList\",\"@id\":\"https:\\\/\\\/www.cordm.com\\\/de\\\/kontakte\\\/unser-team\\\/#breadcrumb\",\"itemListElement\":[{\"@type\":\"ListItem\",\"position\":1,\"name\":\"CORDM Gears\",\"item\":\"https:\\\/\\\/www.cordm.com\\\/de\\\/\"},{\"@type\":\"ListItem\",\"position\":2,\"name\":\"Kontakte\",\"item\":\"https:\\\/\\\/www.cordm.com\\\/de\\\/kontakte\\\/\"},{\"@type\":\"ListItem\",\"position\":3,\"name\":\"Unser Team\"}]},{\"@type\":\"WebSite\",\"@id\":\"https:\\\/\\\/www.cordm.com\\\/de\\\/#website\",\"url\":\"https:\\\/\\\/www.cordm.com\\\/de\\\/\",\"name\":\"CORDM Gears\",\"description\":\"\",\"publisher\":{\"@id\":\"https:\\\/\\\/www.cordm.com\\\/de\\\/#organization\"},\"potentialAction\":[{\"@type\":\"SearchAction\",\"target\":{\"@type\":\"EntryPoint\",\"urlTemplate\":\"https:\\\/\\\/www.cordm.com\\\/de\\\/?s={search_term_string}\"},\"query-input\":{\"@type\":\"PropertyValueSpecification\",\"valueRequired\":true,\"valueName\":\"search_term_string\"}}],\"inLanguage\":\"de\"},{\"@type\":\"Organization\",\"@id\":\"https:\\\/\\\/www.cordm.com\\\/de\\\/#organization\",\"name\":\"CORDM Gears\",\"url\":\"https:\\\/\\\/www.cordm.com\\\/de\\\/\",\"logo\":{\"@type\":\"ImageObject\",\"inLanguage\":\"de\",\"@id\":\"https:\\\/\\\/www.cordm.com\\\/de\\\/#\\\/schema\\\/logo\\\/image\\\/\",\"url\":\"https:\\\/\\\/www.cordm.com\\\/wp-content\\\/uploads\\\/2024\\\/10\\\/cordm_logo.png\",\"contentUrl\":\"https:\\\/\\\/www.cordm.com\\\/wp-content\\\/uploads\\\/2024\\\/10\\\/cordm_logo.png\",\"width\":332,\"height\":98,\"caption\":\"CORDM Gears\"},\"image\":{\"@id\":\"https:\\\/\\\/www.cordm.com\\\/de\\\/#\\\/schema\\\/logo\\\/image\\\/\"}}]}<\/script>\n<!-- \/ Yoast SEO plugin. -->","yoast_head_json":{"title":"Unser Team - CORDM Gears","robots":{"index":"index","follow":"follow","max-snippet":"max-snippet:-1","max-image-preview":"max-image-preview:large","max-video-preview":"max-video-preview:-1"},"canonical":"https:\/\/www.cordm.com\/de\/kontakte\/unser-team\/","og_locale":"de_DE","og_type":"article","og_title":"Unser Team - CORDM Gears","og_description":"Gesch\u00e4ftsleitung Patrick GABRIEL Verkauftsleitung Christelle TRIDON Leiter Disposition Alexandre BOURGIN QS-Leiter Pauline HARROY Rezeption Katia WOIRY Leiter Qualit\u00e4tskontrolle Michel DLUGIDavid GAVARD Leiterin Controlling St\u00e9phanie GURY Entwicklung &amp; Design Nicolas WIRIOTVictor LAFLOTTE Einkaufsleiter St\u00e9phane QUATRESOLSAlan PIERRE Produktionsleiter Raoul HERROJO Betriebsleiter Guillaume LABBE Leiter Arbeitsvorbereitung Xavier RICHARDDamien GILLES Herstellung und Getriebereparatur Aur\u00e9lien BEE Sachbearbeiterin Colinda SANCHEZ Technische [&hellip;]","og_url":"https:\/\/www.cordm.com\/de\/kontakte\/unser-team\/","og_site_name":"CORDM Gears","article_modified_time":"2026-03-02T09:01:58+00:00","twitter_card":"summary_large_image","twitter_misc":{"Gesch\u00e4tzte Lesezeit":"1\u00a0Minute"},"schema":{"@context":"https:\/\/schema.org","@graph":[{"@type":"WebPage","@id":"https:\/\/www.cordm.com\/de\/kontakte\/unser-team\/","url":"https:\/\/www.cordm.com\/de\/kontakte\/unser-team\/","name":"Unser Team - CORDM Gears","isPartOf":{"@id":"https:\/\/www.cordm.com\/de\/#website"},"datePublished":"2024-11-22T10:31:35+00:00","dateModified":"2026-03-02T09:01:58+00:00","breadcrumb":{"@id":"https:\/\/www.cordm.com\/de\/kontakte\/unser-team\/#breadcrumb"},"inLanguage":"de","potentialAction":[{"@type":"ReadAction","target":["https:\/\/www.cordm.com\/de\/kontakte\/unser-team\/"]}]},{"@type":"BreadcrumbList","@id":"https:\/\/www.cordm.com\/de\/kontakte\/unser-team\/#breadcrumb","itemListElement":[{"@type":"ListItem","position":1,"name":"CORDM Gears","item":"https:\/\/www.cordm.com\/de\/"},{"@type":"ListItem","position":2,"name":"Kontakte","item":"https:\/\/www.cordm.com\/de\/kontakte\/"},{"@type":"ListItem","position":3,"name":"Unser Team"}]},{"@type":"WebSite","@id":"https:\/\/www.cordm.com\/de\/#website","url":"https:\/\/www.cordm.com\/de\/","name":"CORDM Gears","description":"","publisher":{"@id":"https:\/\/www.cordm.com\/de\/#organization"},"potentialAction":[{"@type":"SearchAction","target":{"@type":"EntryPoint","urlTemplate":"https:\/\/www.cordm.com\/de\/?s={search_term_string}"},"query-input":{"@type":"PropertyValueSpecification","valueRequired":true,"valueName":"search_term_string"}}],"inLanguage":"de"},{"@type":"Organization","@id":"https:\/\/www.cordm.com\/de\/#organization","name":"CORDM Gears","url":"https:\/\/www.cordm.com\/de\/","logo":{"@type":"ImageObject","inLanguage":"de","@id":"https:\/\/www.cordm.com\/de\/#\/schema\/logo\/image\/","url":"https:\/\/www.cordm.com\/wp-content\/uploads\/2024\/10\/cordm_logo.png","contentUrl":"https:\/\/www.cordm.com\/wp-content\/uploads\/2024\/10\/cordm_logo.png","width":332,"height":98,"caption":"CORDM Gears"},"image":{"@id":"https:\/\/www.cordm.com\/de\/#\/schema\/logo\/image\/"}}]}},"_links":{"self":[{"href":"https:\/\/www.cordm.com\/de\/wp-json\/wp\/v2\/pages\/3839","targetHints":{"allow":["GET"]}}],"collection":[{"href":"https:\/\/www.cordm.com\/de\/wp-json\/wp\/v2\/pages"}],"about":[{"href":"https:\/\/www.cordm.com\/de\/wp-json\/wp\/v2\/types\/page"}],"author":[{"embeddable":true,"href":"https:\/\/www.cordm.com\/de\/wp-json\/wp\/v2\/users\/1"}],"replies":[{"embeddable":true,"href":"https:\/\/www.cordm.com\/de\/wp-json\/wp\/v2\/comments?post=3839"}],"version-history":[{"count":2,"href":"https:\/\/www.cordm.com\/de\/wp-json\/wp\/v2\/pages\/3839\/revisions"}],"predecessor-version":[{"id":4846,"href":"https:\/\/www.cordm.com\/de\/wp-json\/wp\/v2\/pages\/3839\/revisions\/4846"}],"up":[{"embeddable":true,"href":"https:\/\/www.cordm.com\/de\/wp-json\/wp\/v2\/pages\/3883"}],"wp:attachment":[{"href":"https:\/\/www.cordm.com\/de\/wp-json\/wp\/v2\/media?parent=3839"}],"curies":[{"name":"wp","href":"https:\/\/api.w.org\/{rel}","templated":true}]}}