{"id":3837,"date":"2024-11-22T11:26:47","date_gmt":"2024-11-22T10:26:47","guid":{"rendered":"https:\/\/crm.lafabrikk.dev\/produktionsmittel\/politique-qualite-et-engagement-de-la-direction\/"},"modified":"2024-12-18T09:55:56","modified_gmt":"2024-12-18T08:55:56","slug":"qualitaetsmanagementsystem","status":"publish","type":"page","link":"https:\/\/www.cordm.com\/de\/produktionsmittel\/qualitaetsmanagementsystem\/","title":{"rendered":"Qualit\u00e4tsmanagementsystem"},"content":{"rendered":"\n<p>Unser Erfolg h\u00e4ngt von der Einhaltung unserer Verpflichtungen und dem Vertrauen ab, das unsere Kunden in uns setzen. Wir sind es uns schuldig, ihnen Qualit\u00e4tsprodukte und -dienstleistungen zu liefern, mit dem Ziel, die Fristen einzuhalten und die Kosten zu kontrollieren.<\/p>\n\n\n\n<p>Dieser Qualit\u00e4tsansatz entspricht den Anforderungen der Norm ISO 9001 und basiert somit auf Kundenzufriedenheit und kontinuierlicher Verbesserung.<\/p>\n\n\n\n<p>Diese Grundprinzipien werden von der Gesch\u00e4ftsleitung und dem QHSEE-Manager unterst\u00fctzt und dann von den Prozessmanagern und Piloten weitergegeben, die f\u00fcr die Verwaltung ihrer eigenen Prozesse verantwortlich sind, so dass jeder in diese Dynamik des st\u00e4ndigen Fortschritts eingebunden ist.<\/p>\n\n\n\n<p>Um unsere Nachhaltigkeit zu sichern, m\u00fcssen wir unsere Marktanteile durch Diversifizierung unseres Kundenstamms und unserer Dienstleistungen erh\u00f6hen. Um dieses Ziel zu erreichen, wurden bereits eine umfangreiche Beteiligung der Mitarbeiter sowie bedeutende finanzielle Investitionen get\u00e4tigt.<\/p>\n\n\n\n<p>Die wichtigsten Priorit\u00e4ten sind:<\/p>\n\n\n\n<ul class=\"wp-block-list\">\n<li>Kunden: Verbesserung der von den Kunden wahrgenommenen Qualit\u00e4t der CORDM-Produkte und -Dienstleistungen.<\/li>\n\n\n\n<li>Rentabilit\u00e4t: Sicherstellung einer angemessenen Kontrolle der Eink\u00e4ufe und Ausgaben f\u00fcr eine genaue \u00dcberwachung der Budgets.<\/li>\n\n\n\n<li>Organisation: Verbesserung des Managements der Organisation und der Prozesse.<\/li>\n\n\n\n<li>Menschlich: Verbesserung der Sicherheit der Mitarbeiter und der Qualit\u00e4t des Arbeitslebens.<\/li>\n<\/ul>\n\n\n\n<p>Zus\u00e4tzlich zu diesen strategischen Orientierungen muss das industrielle Image von CORDM immer stark bleiben und die Kundenzufriedenheit wird immer erreicht durch:<\/p>\n\n\n\n<ul class=\"wp-block-list\">\n<li>Eine einwandfreie Qualit\u00e4t unserer Produkte, Dienstleistungen und Fristen.<\/li>\n\n\n\n<li>Ein offenes Ohr f\u00fcr unsere Kunden, um ihre Erwartungen und Bed\u00fcrfnisse besser zu verstehen.<\/li>\n\n\n\n<li>Ein st\u00e4ndiges Bem\u00fchen um die Verbesserung der Produktivit\u00e4t und der Wettbewerbsf\u00e4higkeit.<\/li>\n\n\n\n<li>Die Gew\u00e4hrleistung einer kontinuierlichen Optimierung der Prozesse und der allgemeinen Organisation.<\/li>\n\n\n\n<li>Die Verst\u00e4rkung der Entwicklung der QHSEE-Politik.<\/li>\n\n\n\n<li>Die Optimierung der Personalpolitik und des sozialen Klimas.<\/li>\n<\/ul>\n\n\n\n<p>Um diese Ziele zu erreichen, sind alle Abteilungsleiter und Prozessmanager f\u00fcr die Umsetzung dieser Politik verantwortlich. Die Indikatoren, die f\u00fcr jeden Prozess zwingend erforderlich sind, werden auf der Grundlage der Qualit\u00e4tspolitik, ihres Aktionsplans und der von der Gesch\u00e4ftsleitung vorgelegten Prognosen ausgew\u00e4hlt. Der\/Sie QS-Leiter(in) \u00fcberwacht die ordnungsgem\u00e4\u00dfe Umsetzung dieser Politik und alarmiert die Gesch\u00e4ftsleitung und die Piloten im Falle von Nichtkonformit\u00e4t.<br><br>Die Gesch\u00e4ftsleitung wird ihre gesamte Unterst\u00fctzung sowie die erforderlichen personellen und materiellen Ressourcen f\u00fcr die ordnungsgem\u00e4\u00dfe Umsetzung dieser Politik bereitstellen.<\/p>\n\n\n\n<p>Die Gesch\u00e4ftsleitung<\/p>\n","protected":false},"excerpt":{"rendered":"<p>Unser Erfolg h\u00e4ngt von der Einhaltung unserer Verpflichtungen und dem Vertrauen ab, das unsere Kunden in uns setzen. Wir sind es uns schuldig, ihnen Qualit\u00e4tsprodukte und -dienstleistungen zu liefern, mit dem Ziel, die Fristen einzuhalten und die Kosten zu kontrollieren. Dieser Qualit\u00e4tsansatz entspricht den Anforderungen der Norm ISO 9001 und basiert somit auf Kundenzufriedenheit und [&hellip;]<\/p>\n","protected":false},"author":1,"featured_media":0,"parent":3822,"menu_order":0,"comment_status":"closed","ping_status":"closed","template":"","meta":{"_acf_changed":false,"footnotes":""},"class_list":["post-3837","page","type-page","status-publish","hentry"],"acf":[],"yoast_head":"<!-- This site is optimized with the Yoast SEO plugin v27.0 - https:\/\/yoast.com\/product\/yoast-seo-wordpress\/ -->\n<title>Qualit\u00e4tsmanagementsystem - CORDM Gears<\/title>\n<meta name=\"robots\" content=\"index, follow, max-snippet:-1, max-image-preview:large, max-video-preview:-1\" \/>\n<link rel=\"canonical\" href=\"https:\/\/www.cordm.com\/de\/produktionsmittel\/qualitaetsmanagementsystem\/\" \/>\n<meta property=\"og:locale\" content=\"de_DE\" \/>\n<meta property=\"og:type\" content=\"article\" \/>\n<meta property=\"og:title\" content=\"Qualit\u00e4tsmanagementsystem - CORDM Gears\" \/>\n<meta property=\"og:description\" content=\"Unser Erfolg h\u00e4ngt von der Einhaltung unserer Verpflichtungen und dem Vertrauen ab, das unsere Kunden in uns setzen. Wir sind es uns schuldig, ihnen Qualit\u00e4tsprodukte und -dienstleistungen zu liefern, mit dem Ziel, die Fristen einzuhalten und die Kosten zu kontrollieren. Dieser Qualit\u00e4tsansatz entspricht den Anforderungen der Norm ISO 9001 und basiert somit auf Kundenzufriedenheit und [&hellip;]\" \/>\n<meta property=\"og:url\" content=\"https:\/\/www.cordm.com\/de\/produktionsmittel\/qualitaetsmanagementsystem\/\" \/>\n<meta property=\"og:site_name\" content=\"CORDM Gears\" \/>\n<meta property=\"article:modified_time\" content=\"2024-12-18T08:55:56+00:00\" \/>\n<meta name=\"twitter:card\" content=\"summary_large_image\" \/>\n<meta name=\"twitter:label1\" content=\"Gesch\u00e4tzte Lesezeit\" \/>\n\t<meta name=\"twitter:data1\" content=\"2\u00a0Minuten\" \/>\n<script type=\"application\/ld+json\" class=\"yoast-schema-graph\">{\"@context\":\"https:\/\/schema.org\",\"@graph\":[{\"@type\":\"WebPage\",\"@id\":\"https:\/\/www.cordm.com\/de\/produktionsmittel\/qualitaetsmanagementsystem\/\",\"url\":\"https:\/\/www.cordm.com\/de\/produktionsmittel\/qualitaetsmanagementsystem\/\",\"name\":\"Qualit\u00e4tsmanagementsystem - CORDM Gears\",\"isPartOf\":{\"@id\":\"https:\/\/www.cordm.com\/de\/#website\"},\"datePublished\":\"2024-11-22T10:26:47+00:00\",\"dateModified\":\"2024-12-18T08:55:56+00:00\",\"breadcrumb\":{\"@id\":\"https:\/\/www.cordm.com\/de\/produktionsmittel\/qualitaetsmanagementsystem\/#breadcrumb\"},\"inLanguage\":\"de\",\"potentialAction\":[{\"@type\":\"ReadAction\",\"target\":[\"https:\/\/www.cordm.com\/de\/produktionsmittel\/qualitaetsmanagementsystem\/\"]}]},{\"@type\":\"BreadcrumbList\",\"@id\":\"https:\/\/www.cordm.com\/de\/produktionsmittel\/qualitaetsmanagementsystem\/#breadcrumb\",\"itemListElement\":[{\"@type\":\"ListItem\",\"position\":1,\"name\":\"CORDM Gears\",\"item\":\"https:\/\/www.cordm.com\/de\/\"},{\"@type\":\"ListItem\",\"position\":2,\"name\":\"Produktionsmittel\",\"item\":\"https:\/\/www.cordm.com\/de\/produktionsmittel\/\"},{\"@type\":\"ListItem\",\"position\":3,\"name\":\"Qualit\u00e4tsmanagementsystem\"}]},{\"@type\":\"WebSite\",\"@id\":\"https:\/\/www.cordm.com\/de\/#website\",\"url\":\"https:\/\/www.cordm.com\/de\/\",\"name\":\"CORDM Gears\",\"description\":\"\",\"publisher\":{\"@id\":\"https:\/\/www.cordm.com\/de\/#organization\"},\"potentialAction\":[{\"@type\":\"SearchAction\",\"target\":{\"@type\":\"EntryPoint\",\"urlTemplate\":\"https:\/\/www.cordm.com\/de\/?s={search_term_string}\"},\"query-input\":{\"@type\":\"PropertyValueSpecification\",\"valueRequired\":true,\"valueName\":\"search_term_string\"}}],\"inLanguage\":\"de\"},{\"@type\":\"Organization\",\"@id\":\"https:\/\/www.cordm.com\/de\/#organization\",\"name\":\"CORDM Gears\",\"url\":\"https:\/\/www.cordm.com\/de\/\",\"logo\":{\"@type\":\"ImageObject\",\"inLanguage\":\"de\",\"@id\":\"https:\/\/www.cordm.com\/de\/#\/schema\/logo\/image\/\",\"url\":\"https:\/\/www.cordm.com\/wp-content\/uploads\/2024\/10\/cordm_logo.png\",\"contentUrl\":\"https:\/\/www.cordm.com\/wp-content\/uploads\/2024\/10\/cordm_logo.png\",\"width\":332,\"height\":98,\"caption\":\"CORDM Gears\"},\"image\":{\"@id\":\"https:\/\/www.cordm.com\/de\/#\/schema\/logo\/image\/\"}}]}<\/script>\n<!-- \/ Yoast SEO plugin. -->","yoast_head_json":{"title":"Qualit\u00e4tsmanagementsystem - CORDM Gears","robots":{"index":"index","follow":"follow","max-snippet":"max-snippet:-1","max-image-preview":"max-image-preview:large","max-video-preview":"max-video-preview:-1"},"canonical":"https:\/\/www.cordm.com\/de\/produktionsmittel\/qualitaetsmanagementsystem\/","og_locale":"de_DE","og_type":"article","og_title":"Qualit\u00e4tsmanagementsystem - CORDM Gears","og_description":"Unser Erfolg h\u00e4ngt von der Einhaltung unserer Verpflichtungen und dem Vertrauen ab, das unsere Kunden in uns setzen. Wir sind es uns schuldig, ihnen Qualit\u00e4tsprodukte und -dienstleistungen zu liefern, mit dem Ziel, die Fristen einzuhalten und die Kosten zu kontrollieren. Dieser Qualit\u00e4tsansatz entspricht den Anforderungen der Norm ISO 9001 und basiert somit auf Kundenzufriedenheit und [&hellip;]","og_url":"https:\/\/www.cordm.com\/de\/produktionsmittel\/qualitaetsmanagementsystem\/","og_site_name":"CORDM Gears","article_modified_time":"2024-12-18T08:55:56+00:00","twitter_card":"summary_large_image","twitter_misc":{"Gesch\u00e4tzte Lesezeit":"2\u00a0Minuten"},"schema":{"@context":"https:\/\/schema.org","@graph":[{"@type":"WebPage","@id":"https:\/\/www.cordm.com\/de\/produktionsmittel\/qualitaetsmanagementsystem\/","url":"https:\/\/www.cordm.com\/de\/produktionsmittel\/qualitaetsmanagementsystem\/","name":"Qualit\u00e4tsmanagementsystem - CORDM Gears","isPartOf":{"@id":"https:\/\/www.cordm.com\/de\/#website"},"datePublished":"2024-11-22T10:26:47+00:00","dateModified":"2024-12-18T08:55:56+00:00","breadcrumb":{"@id":"https:\/\/www.cordm.com\/de\/produktionsmittel\/qualitaetsmanagementsystem\/#breadcrumb"},"inLanguage":"de","potentialAction":[{"@type":"ReadAction","target":["https:\/\/www.cordm.com\/de\/produktionsmittel\/qualitaetsmanagementsystem\/"]}]},{"@type":"BreadcrumbList","@id":"https:\/\/www.cordm.com\/de\/produktionsmittel\/qualitaetsmanagementsystem\/#breadcrumb","itemListElement":[{"@type":"ListItem","position":1,"name":"CORDM Gears","item":"https:\/\/www.cordm.com\/de\/"},{"@type":"ListItem","position":2,"name":"Produktionsmittel","item":"https:\/\/www.cordm.com\/de\/produktionsmittel\/"},{"@type":"ListItem","position":3,"name":"Qualit\u00e4tsmanagementsystem"}]},{"@type":"WebSite","@id":"https:\/\/www.cordm.com\/de\/#website","url":"https:\/\/www.cordm.com\/de\/","name":"CORDM Gears","description":"","publisher":{"@id":"https:\/\/www.cordm.com\/de\/#organization"},"potentialAction":[{"@type":"SearchAction","target":{"@type":"EntryPoint","urlTemplate":"https:\/\/www.cordm.com\/de\/?s={search_term_string}"},"query-input":{"@type":"PropertyValueSpecification","valueRequired":true,"valueName":"search_term_string"}}],"inLanguage":"de"},{"@type":"Organization","@id":"https:\/\/www.cordm.com\/de\/#organization","name":"CORDM Gears","url":"https:\/\/www.cordm.com\/de\/","logo":{"@type":"ImageObject","inLanguage":"de","@id":"https:\/\/www.cordm.com\/de\/#\/schema\/logo\/image\/","url":"https:\/\/www.cordm.com\/wp-content\/uploads\/2024\/10\/cordm_logo.png","contentUrl":"https:\/\/www.cordm.com\/wp-content\/uploads\/2024\/10\/cordm_logo.png","width":332,"height":98,"caption":"CORDM Gears"},"image":{"@id":"https:\/\/www.cordm.com\/de\/#\/schema\/logo\/image\/"}}]}},"_links":{"self":[{"href":"https:\/\/www.cordm.com\/de\/wp-json\/wp\/v2\/pages\/3837","targetHints":{"allow":["GET"]}}],"collection":[{"href":"https:\/\/www.cordm.com\/de\/wp-json\/wp\/v2\/pages"}],"about":[{"href":"https:\/\/www.cordm.com\/de\/wp-json\/wp\/v2\/types\/page"}],"author":[{"embeddable":true,"href":"https:\/\/www.cordm.com\/de\/wp-json\/wp\/v2\/users\/1"}],"replies":[{"embeddable":true,"href":"https:\/\/www.cordm.com\/de\/wp-json\/wp\/v2\/comments?post=3837"}],"version-history":[{"count":3,"href":"https:\/\/www.cordm.com\/de\/wp-json\/wp\/v2\/pages\/3837\/revisions"}],"predecessor-version":[{"id":4077,"href":"https:\/\/www.cordm.com\/de\/wp-json\/wp\/v2\/pages\/3837\/revisions\/4077"}],"up":[{"embeddable":true,"href":"https:\/\/www.cordm.com\/de\/wp-json\/wp\/v2\/pages\/3822"}],"wp:attachment":[{"href":"https:\/\/www.cordm.com\/de\/wp-json\/wp\/v2\/media?parent=3837"}],"curies":[{"name":"wp","href":"https:\/\/api.w.org\/{rel}","templated":true}]}}