{"id":3835,"date":"2024-11-22T11:26:42","date_gmt":"2024-11-22T10:26:42","guid":{"rendered":"https:\/\/crm.lafabrikk.dev\/produktionsmittel\/moyens-de-controle\/"},"modified":"2026-03-02T09:59:00","modified_gmt":"2026-03-02T08:59:00","slug":"qualitaetskontrolle","status":"publish","type":"page","link":"https:\/\/www.cordm.com\/de\/produktionsmittel\/qualitaetskontrolle\/","title":{"rendered":"Qualit\u00e4tskontrolle"},"content":{"rendered":"\n<ul class=\"wp-block-list\">\n<li>1 3D-Messmaschine\u00a0ZEISS MMZT<\/li>\n\n\n\n<li>1 3D-Messmaschine WENZEL WGT1000<\/li>\n\n\n\n<li>1 Schleifbrandpr\u00fcfstrecke<\/li>\n\n\n\n<li>1 Magnetrisspr\u00fcfeinrichtung<\/li>\n\n\n\n<li>1 Ultraschallpr\u00fcfung<\/li>\n<\/ul>\n\n\n\n<p>Unsere Qualit\u00e4tskontrolle umfasst&nbsp;4 Mitarbeiter und ist mit leistungsf\u00e4higen Messeinrichtungen ausger\u00fcstet, um unsere Produktion zu kontrollieren und Ihnen ein vollst\u00e4ndiges Qualit\u00e4tsprotokoll zu liefern.<\/p>\n\n\n\n<div class=\"wp-block-columns is-layout-flex wp-container-core-columns-is-layout-9d6595d7 wp-block-columns-is-layout-flex\">\n<div class=\"wp-block-column is-layout-flow wp-block-column-is-layout-flow\">\n<figure class=\"wp-block-image size-full\"><img loading=\"lazy\" decoding=\"async\" width=\"785\" height=\"589\" alt=\"\" src=\"https:\/\/crm.lafabrikk.dev\/wp-content\/uploads\/2024\/11\/cordm_controle.jpg\"  class=\"wp-image-3569\" srcset=\"https:\/\/www.cordm.com\/wp-content\/uploads\/2024\/11\/cordm_controle.jpg 785w, https:\/\/www.cordm.com\/wp-content\/uploads\/2024\/11\/cordm_controle-300x225.jpg 300w, https:\/\/www.cordm.com\/wp-content\/uploads\/2024\/11\/cordm_controle-768x576.jpg 768w\" sizes=\"auto, (max-width: 785px) 100vw, 785px\" \/><\/figure>\n<\/div>\n\n\n\n<div class=\"wp-block-column is-layout-flow wp-block-column-is-layout-flow\">\n<figure class=\"wp-block-image size-large\"><img loading=\"lazy\" decoding=\"async\" width=\"1024\" height=\"768\" alt=\"\" src=\"https:\/\/crm.lafabrikk.dev\/wp-content\/uploads\/2024\/11\/RDM21949-1024x768.jpg\"  class=\"wp-image-3572\" srcset=\"https:\/\/www.cordm.com\/wp-content\/uploads\/2024\/11\/RDM21949-1024x768.jpg 1024w, https:\/\/www.cordm.com\/wp-content\/uploads\/2024\/11\/RDM21949-300x225.jpg 300w, https:\/\/www.cordm.com\/wp-content\/uploads\/2024\/11\/RDM21949-768x576.jpg 768w, https:\/\/www.cordm.com\/wp-content\/uploads\/2024\/11\/RDM21949-1536x1152.jpg 1536w, https:\/\/www.cordm.com\/wp-content\/uploads\/2024\/11\/RDM21949.jpg 1600w\" sizes=\"auto, (max-width: 1024px) 100vw, 1024px\" \/><\/figure>\n<\/div>\n\n\n\n<div class=\"wp-block-column is-layout-flow wp-block-column-is-layout-flow\">\n<figure class=\"wp-block-image size-full\"><img loading=\"lazy\" decoding=\"async\" width=\"785\" height=\"589\" alt=\"\" src=\"https:\/\/crm.lafabrikk.dev\/wp-content\/uploads\/2024\/11\/cordm_controle-2.jpg\"  class=\"wp-image-3575\" srcset=\"https:\/\/www.cordm.com\/wp-content\/uploads\/2024\/11\/cordm_controle-2.jpg 785w, https:\/\/www.cordm.com\/wp-content\/uploads\/2024\/11\/cordm_controle-2-300x225.jpg 300w, https:\/\/www.cordm.com\/wp-content\/uploads\/2024\/11\/cordm_controle-2-768x576.jpg 768w\" sizes=\"auto, (max-width: 785px) 100vw, 785px\" \/><\/figure>\n<\/div>\n<\/div>\n","protected":false},"excerpt":{"rendered":"<p>Unsere Qualit\u00e4tskontrolle umfasst&nbsp;4 Mitarbeiter und ist mit leistungsf\u00e4higen Messeinrichtungen ausger\u00fcstet, um unsere Produktion zu kontrollieren und Ihnen ein vollst\u00e4ndiges Qualit\u00e4tsprotokoll zu liefern.<\/p>\n","protected":false},"author":1,"featured_media":0,"parent":3822,"menu_order":0,"comment_status":"closed","ping_status":"closed","template":"","meta":{"_acf_changed":false,"footnotes":""},"class_list":["post-3835","page","type-page","status-publish","hentry"],"acf":[],"yoast_head":"<!-- This site is optimized with the Yoast SEO plugin v27.5 - https:\/\/yoast.com\/product\/yoast-seo-wordpress\/ -->\n<title>Qualit\u00e4tskontrolle - CORDM Gears<\/title>\n<meta name=\"robots\" content=\"index, follow, max-snippet:-1, max-image-preview:large, max-video-preview:-1\" \/>\n<link rel=\"canonical\" href=\"https:\/\/www.cordm.com\/de\/produktionsmittel\/qualitaetskontrolle\/\" \/>\n<meta property=\"og:locale\" content=\"de_DE\" \/>\n<meta property=\"og:type\" content=\"article\" \/>\n<meta property=\"og:title\" content=\"Qualit\u00e4tskontrolle - CORDM Gears\" \/>\n<meta property=\"og:description\" content=\"Unsere Qualit\u00e4tskontrolle umfasst&nbsp;4 Mitarbeiter und ist mit leistungsf\u00e4higen Messeinrichtungen ausger\u00fcstet, um unsere Produktion zu kontrollieren und Ihnen ein vollst\u00e4ndiges Qualit\u00e4tsprotokoll zu liefern.\" \/>\n<meta property=\"og:url\" content=\"https:\/\/www.cordm.com\/de\/produktionsmittel\/qualitaetskontrolle\/\" \/>\n<meta property=\"og:site_name\" content=\"CORDM Gears\" \/>\n<meta property=\"article:modified_time\" content=\"2026-03-02T08:59:00+00:00\" \/>\n<meta property=\"og:image\" content=\"https:\/\/www.cordm.com\/wp-content\/uploads\/2024\/11\/cordm_controle.jpg\" \/>\n\t<meta property=\"og:image:width\" content=\"785\" \/>\n\t<meta property=\"og:image:height\" content=\"589\" \/>\n\t<meta property=\"og:image:type\" content=\"image\/jpeg\" \/>\n<meta name=\"twitter:card\" content=\"summary_large_image\" \/>\n<meta name=\"twitter:label1\" content=\"Gesch\u00e4tzte Lesezeit\" \/>\n\t<meta name=\"twitter:data1\" content=\"1\u00a0Minute\" \/>\n<script type=\"application\/ld+json\" class=\"yoast-schema-graph\">{\"@context\":\"https:\\\/\\\/schema.org\",\"@graph\":[{\"@type\":\"WebPage\",\"@id\":\"https:\\\/\\\/www.cordm.com\\\/de\\\/produktionsmittel\\\/qualitaetskontrolle\\\/\",\"url\":\"https:\\\/\\\/www.cordm.com\\\/de\\\/produktionsmittel\\\/qualitaetskontrolle\\\/\",\"name\":\"Qualit\u00e4tskontrolle - CORDM Gears\",\"isPartOf\":{\"@id\":\"https:\\\/\\\/www.cordm.com\\\/de\\\/#website\"},\"primaryImageOfPage\":{\"@id\":\"https:\\\/\\\/www.cordm.com\\\/de\\\/produktionsmittel\\\/qualitaetskontrolle\\\/#primaryimage\"},\"image\":{\"@id\":\"https:\\\/\\\/www.cordm.com\\\/de\\\/produktionsmittel\\\/qualitaetskontrolle\\\/#primaryimage\"},\"thumbnailUrl\":\"https:\\\/\\\/crm.lafabrikk.dev\\\/wp-content\\\/uploads\\\/2024\\\/11\\\/cordm_controle.jpg\",\"datePublished\":\"2024-11-22T10:26:42+00:00\",\"dateModified\":\"2026-03-02T08:59:00+00:00\",\"breadcrumb\":{\"@id\":\"https:\\\/\\\/www.cordm.com\\\/de\\\/produktionsmittel\\\/qualitaetskontrolle\\\/#breadcrumb\"},\"inLanguage\":\"de\",\"potentialAction\":[{\"@type\":\"ReadAction\",\"target\":[\"https:\\\/\\\/www.cordm.com\\\/de\\\/produktionsmittel\\\/qualitaetskontrolle\\\/\"]}]},{\"@type\":\"ImageObject\",\"inLanguage\":\"de\",\"@id\":\"https:\\\/\\\/www.cordm.com\\\/de\\\/produktionsmittel\\\/qualitaetskontrolle\\\/#primaryimage\",\"url\":\"https:\\\/\\\/crm.lafabrikk.dev\\\/wp-content\\\/uploads\\\/2024\\\/11\\\/cordm_controle.jpg\",\"contentUrl\":\"https:\\\/\\\/crm.lafabrikk.dev\\\/wp-content\\\/uploads\\\/2024\\\/11\\\/cordm_controle.jpg\"},{\"@type\":\"BreadcrumbList\",\"@id\":\"https:\\\/\\\/www.cordm.com\\\/de\\\/produktionsmittel\\\/qualitaetskontrolle\\\/#breadcrumb\",\"itemListElement\":[{\"@type\":\"ListItem\",\"position\":1,\"name\":\"CORDM Gears\",\"item\":\"https:\\\/\\\/www.cordm.com\\\/de\\\/\"},{\"@type\":\"ListItem\",\"position\":2,\"name\":\"Produktionsmittel\",\"item\":\"https:\\\/\\\/www.cordm.com\\\/de\\\/produktionsmittel\\\/\"},{\"@type\":\"ListItem\",\"position\":3,\"name\":\"Qualit\u00e4tskontrolle\"}]},{\"@type\":\"WebSite\",\"@id\":\"https:\\\/\\\/www.cordm.com\\\/de\\\/#website\",\"url\":\"https:\\\/\\\/www.cordm.com\\\/de\\\/\",\"name\":\"CORDM Gears\",\"description\":\"\",\"publisher\":{\"@id\":\"https:\\\/\\\/www.cordm.com\\\/de\\\/#organization\"},\"potentialAction\":[{\"@type\":\"SearchAction\",\"target\":{\"@type\":\"EntryPoint\",\"urlTemplate\":\"https:\\\/\\\/www.cordm.com\\\/de\\\/?s={search_term_string}\"},\"query-input\":{\"@type\":\"PropertyValueSpecification\",\"valueRequired\":true,\"valueName\":\"search_term_string\"}}],\"inLanguage\":\"de\"},{\"@type\":\"Organization\",\"@id\":\"https:\\\/\\\/www.cordm.com\\\/de\\\/#organization\",\"name\":\"CORDM Gears\",\"url\":\"https:\\\/\\\/www.cordm.com\\\/de\\\/\",\"logo\":{\"@type\":\"ImageObject\",\"inLanguage\":\"de\",\"@id\":\"https:\\\/\\\/www.cordm.com\\\/de\\\/#\\\/schema\\\/logo\\\/image\\\/\",\"url\":\"https:\\\/\\\/www.cordm.com\\\/wp-content\\\/uploads\\\/2024\\\/10\\\/cordm_logo.png\",\"contentUrl\":\"https:\\\/\\\/www.cordm.com\\\/wp-content\\\/uploads\\\/2024\\\/10\\\/cordm_logo.png\",\"width\":332,\"height\":98,\"caption\":\"CORDM Gears\"},\"image\":{\"@id\":\"https:\\\/\\\/www.cordm.com\\\/de\\\/#\\\/schema\\\/logo\\\/image\\\/\"}}]}<\/script>\n<!-- \/ Yoast SEO plugin. -->","yoast_head_json":{"title":"Qualit\u00e4tskontrolle - CORDM Gears","robots":{"index":"index","follow":"follow","max-snippet":"max-snippet:-1","max-image-preview":"max-image-preview:large","max-video-preview":"max-video-preview:-1"},"canonical":"https:\/\/www.cordm.com\/de\/produktionsmittel\/qualitaetskontrolle\/","og_locale":"de_DE","og_type":"article","og_title":"Qualit\u00e4tskontrolle - CORDM Gears","og_description":"Unsere Qualit\u00e4tskontrolle umfasst&nbsp;4 Mitarbeiter und ist mit leistungsf\u00e4higen Messeinrichtungen ausger\u00fcstet, um unsere Produktion zu kontrollieren und Ihnen ein vollst\u00e4ndiges Qualit\u00e4tsprotokoll zu liefern.","og_url":"https:\/\/www.cordm.com\/de\/produktionsmittel\/qualitaetskontrolle\/","og_site_name":"CORDM Gears","article_modified_time":"2026-03-02T08:59:00+00:00","og_image":[{"width":785,"height":589,"url":"https:\/\/www.cordm.com\/wp-content\/uploads\/2024\/11\/cordm_controle.jpg","type":"image\/jpeg"}],"twitter_card":"summary_large_image","twitter_misc":{"Gesch\u00e4tzte Lesezeit":"1\u00a0Minute"},"schema":{"@context":"https:\/\/schema.org","@graph":[{"@type":"WebPage","@id":"https:\/\/www.cordm.com\/de\/produktionsmittel\/qualitaetskontrolle\/","url":"https:\/\/www.cordm.com\/de\/produktionsmittel\/qualitaetskontrolle\/","name":"Qualit\u00e4tskontrolle - CORDM Gears","isPartOf":{"@id":"https:\/\/www.cordm.com\/de\/#website"},"primaryImageOfPage":{"@id":"https:\/\/www.cordm.com\/de\/produktionsmittel\/qualitaetskontrolle\/#primaryimage"},"image":{"@id":"https:\/\/www.cordm.com\/de\/produktionsmittel\/qualitaetskontrolle\/#primaryimage"},"thumbnailUrl":"https:\/\/crm.lafabrikk.dev\/wp-content\/uploads\/2024\/11\/cordm_controle.jpg","datePublished":"2024-11-22T10:26:42+00:00","dateModified":"2026-03-02T08:59:00+00:00","breadcrumb":{"@id":"https:\/\/www.cordm.com\/de\/produktionsmittel\/qualitaetskontrolle\/#breadcrumb"},"inLanguage":"de","potentialAction":[{"@type":"ReadAction","target":["https:\/\/www.cordm.com\/de\/produktionsmittel\/qualitaetskontrolle\/"]}]},{"@type":"ImageObject","inLanguage":"de","@id":"https:\/\/www.cordm.com\/de\/produktionsmittel\/qualitaetskontrolle\/#primaryimage","url":"https:\/\/crm.lafabrikk.dev\/wp-content\/uploads\/2024\/11\/cordm_controle.jpg","contentUrl":"https:\/\/crm.lafabrikk.dev\/wp-content\/uploads\/2024\/11\/cordm_controle.jpg"},{"@type":"BreadcrumbList","@id":"https:\/\/www.cordm.com\/de\/produktionsmittel\/qualitaetskontrolle\/#breadcrumb","itemListElement":[{"@type":"ListItem","position":1,"name":"CORDM Gears","item":"https:\/\/www.cordm.com\/de\/"},{"@type":"ListItem","position":2,"name":"Produktionsmittel","item":"https:\/\/www.cordm.com\/de\/produktionsmittel\/"},{"@type":"ListItem","position":3,"name":"Qualit\u00e4tskontrolle"}]},{"@type":"WebSite","@id":"https:\/\/www.cordm.com\/de\/#website","url":"https:\/\/www.cordm.com\/de\/","name":"CORDM Gears","description":"","publisher":{"@id":"https:\/\/www.cordm.com\/de\/#organization"},"potentialAction":[{"@type":"SearchAction","target":{"@type":"EntryPoint","urlTemplate":"https:\/\/www.cordm.com\/de\/?s={search_term_string}"},"query-input":{"@type":"PropertyValueSpecification","valueRequired":true,"valueName":"search_term_string"}}],"inLanguage":"de"},{"@type":"Organization","@id":"https:\/\/www.cordm.com\/de\/#organization","name":"CORDM Gears","url":"https:\/\/www.cordm.com\/de\/","logo":{"@type":"ImageObject","inLanguage":"de","@id":"https:\/\/www.cordm.com\/de\/#\/schema\/logo\/image\/","url":"https:\/\/www.cordm.com\/wp-content\/uploads\/2024\/10\/cordm_logo.png","contentUrl":"https:\/\/www.cordm.com\/wp-content\/uploads\/2024\/10\/cordm_logo.png","width":332,"height":98,"caption":"CORDM Gears"},"image":{"@id":"https:\/\/www.cordm.com\/de\/#\/schema\/logo\/image\/"}}]}},"_links":{"self":[{"href":"https:\/\/www.cordm.com\/de\/wp-json\/wp\/v2\/pages\/3835","targetHints":{"allow":["GET"]}}],"collection":[{"href":"https:\/\/www.cordm.com\/de\/wp-json\/wp\/v2\/pages"}],"about":[{"href":"https:\/\/www.cordm.com\/de\/wp-json\/wp\/v2\/types\/page"}],"author":[{"embeddable":true,"href":"https:\/\/www.cordm.com\/de\/wp-json\/wp\/v2\/users\/1"}],"replies":[{"embeddable":true,"href":"https:\/\/www.cordm.com\/de\/wp-json\/wp\/v2\/comments?post=3835"}],"version-history":[{"count":2,"href":"https:\/\/www.cordm.com\/de\/wp-json\/wp\/v2\/pages\/3835\/revisions"}],"predecessor-version":[{"id":4840,"href":"https:\/\/www.cordm.com\/de\/wp-json\/wp\/v2\/pages\/3835\/revisions\/4840"}],"up":[{"embeddable":true,"href":"https:\/\/www.cordm.com\/de\/wp-json\/wp\/v2\/pages\/3822"}],"wp:attachment":[{"href":"https:\/\/www.cordm.com\/de\/wp-json\/wp\/v2\/media?parent=3835"}],"curies":[{"name":"wp","href":"https:\/\/api.w.org\/{rel}","templated":true}]}}