{"id":3828,"date":"2024-11-22T11:26:26","date_gmt":"2024-11-22T10:26:26","guid":{"rendered":"https:\/\/crm.lafabrikk.dev\/produktionsmittel\/mecanique-generale\/"},"modified":"2024-12-18T09:48:52","modified_gmt":"2024-12-18T08:48:52","slug":"allgem-maschinenbau","status":"publish","type":"page","link":"https:\/\/www.cordm.com\/de\/produktionsmittel\/allgem-maschinenbau\/","title":{"rendered":"Allgem. Maschinenbau"},"content":{"rendered":"\n<p>Dank einer konsequenten Investitionspolitik ist CORDM in der Lage, Jahr f\u00fcr Jahr eine moderne und leistungsf\u00e4hige Bearbeitungswerkstatt zu unterhalten.<\/p>\n\n\n\n<p>Unsere Werkstatt besteht aus vier separaten Bearbeitungsbereichen (Drehen \/ Fr\u00e4sen \/ Verzahnen (siehe Ressourcen &#8211; Verzahnen) \/ Rund- und Zahnradschleifen (siehe Ressourcen &#8211; Zahnradschleifen).<\/p>\n\n\n\n<p>F\u00fcr die Herstellung von Pr\u00e4zisionszahnr\u00e4dern ist es unabdingbar, dass auch die allgemeine mechanische Verzahnung mit einem hohen Ma\u00df an Pr\u00e4zision bearbeitet wird.<br>Um dies zu erreichen, werden unsere Dreh- und Fr\u00e4sabteilungen von unseren Bearbeitungs- und Wartungstechnikern bei der vorbeugenden und korrigierenden Wartung mit gr\u00f6\u00dfter Sorgfalt gewartet.<\/p>\n\n\n\n<p>Unsere Drehabteilung besteht aus 10 CNC-Maschinen der neuesten Generation desselben Herstellers, so dass unsere Zerspanungstechniker an jeder CNC-Maschine sehr vielseitig eingesetzt werden k\u00f6nnen.<\/p>\n\n\n\n<p>Unsere Bearbeitungskapazit\u00e4t reicht bis zu einer horizontalen L\u00e4nge von 2.500 mm und einem vertikalen Durchmesser von 1.600 mm, bei einem maximalen Gewicht von 2.500 kg.<\/p>\n\n\n\n<p>Seit 2023 verf\u00fcgen wir au\u00dferdem \u00fcber eine Zweispindel-Drehmaschine mit robotergest\u00fctzter Be- und Entladezelle, die es uns erm\u00f6glicht, kleine und mittlere Serienteile zu fertigen.<\/p>\n","protected":false},"excerpt":{"rendered":"<p>Dank einer konsequenten Investitionspolitik ist CORDM in der Lage, Jahr f\u00fcr Jahr eine moderne und leistungsf\u00e4hige Bearbeitungswerkstatt zu unterhalten. Unsere Werkstatt besteht aus vier separaten Bearbeitungsbereichen (Drehen \/ Fr\u00e4sen \/ Verzahnen (siehe Ressourcen &#8211; Verzahnen) \/ Rund- und Zahnradschleifen (siehe Ressourcen &#8211; Zahnradschleifen). F\u00fcr die Herstellung von Pr\u00e4zisionszahnr\u00e4dern ist es unabdingbar, dass auch die allgemeine [&hellip;]<\/p>\n","protected":false},"author":1,"featured_media":0,"parent":3822,"menu_order":0,"comment_status":"closed","ping_status":"closed","template":"","meta":{"_acf_changed":false,"footnotes":""},"class_list":["post-3828","page","type-page","status-publish","hentry"],"acf":[],"yoast_head":"<!-- This site is optimized with the Yoast SEO plugin v27.0 - https:\/\/yoast.com\/product\/yoast-seo-wordpress\/ -->\n<title>Allgem. Maschinenbau - CORDM Gears<\/title>\n<meta name=\"robots\" content=\"index, follow, max-snippet:-1, max-image-preview:large, max-video-preview:-1\" \/>\n<link rel=\"canonical\" href=\"https:\/\/www.cordm.com\/de\/produktionsmittel\/allgem-maschinenbau\/\" \/>\n<meta property=\"og:locale\" content=\"de_DE\" \/>\n<meta property=\"og:type\" content=\"article\" \/>\n<meta property=\"og:title\" content=\"Allgem. Maschinenbau - CORDM Gears\" \/>\n<meta property=\"og:description\" content=\"Dank einer konsequenten Investitionspolitik ist CORDM in der Lage, Jahr f\u00fcr Jahr eine moderne und leistungsf\u00e4hige Bearbeitungswerkstatt zu unterhalten. Unsere Werkstatt besteht aus vier separaten Bearbeitungsbereichen (Drehen \/ Fr\u00e4sen \/ Verzahnen (siehe Ressourcen &#8211; Verzahnen) \/ Rund- und Zahnradschleifen (siehe Ressourcen &#8211; Zahnradschleifen). F\u00fcr die Herstellung von Pr\u00e4zisionszahnr\u00e4dern ist es unabdingbar, dass auch die allgemeine [&hellip;]\" \/>\n<meta property=\"og:url\" content=\"https:\/\/www.cordm.com\/de\/produktionsmittel\/allgem-maschinenbau\/\" \/>\n<meta property=\"og:site_name\" content=\"CORDM Gears\" \/>\n<meta property=\"article:modified_time\" content=\"2024-12-18T08:48:52+00:00\" \/>\n<meta name=\"twitter:card\" content=\"summary_large_image\" \/>\n<meta name=\"twitter:label1\" content=\"Gesch\u00e4tzte Lesezeit\" \/>\n\t<meta name=\"twitter:data1\" content=\"1\u00a0Minute\" \/>\n<script type=\"application\/ld+json\" class=\"yoast-schema-graph\">{\"@context\":\"https:\/\/schema.org\",\"@graph\":[{\"@type\":\"WebPage\",\"@id\":\"https:\/\/www.cordm.com\/de\/produktionsmittel\/allgem-maschinenbau\/\",\"url\":\"https:\/\/www.cordm.com\/de\/produktionsmittel\/allgem-maschinenbau\/\",\"name\":\"Allgem. Maschinenbau - CORDM Gears\",\"isPartOf\":{\"@id\":\"https:\/\/www.cordm.com\/de\/#website\"},\"datePublished\":\"2024-11-22T10:26:26+00:00\",\"dateModified\":\"2024-12-18T08:48:52+00:00\",\"breadcrumb\":{\"@id\":\"https:\/\/www.cordm.com\/de\/produktionsmittel\/allgem-maschinenbau\/#breadcrumb\"},\"inLanguage\":\"de\",\"potentialAction\":[{\"@type\":\"ReadAction\",\"target\":[\"https:\/\/www.cordm.com\/de\/produktionsmittel\/allgem-maschinenbau\/\"]}]},{\"@type\":\"BreadcrumbList\",\"@id\":\"https:\/\/www.cordm.com\/de\/produktionsmittel\/allgem-maschinenbau\/#breadcrumb\",\"itemListElement\":[{\"@type\":\"ListItem\",\"position\":1,\"name\":\"CORDM Gears\",\"item\":\"https:\/\/www.cordm.com\/de\/\"},{\"@type\":\"ListItem\",\"position\":2,\"name\":\"Produktionsmittel\",\"item\":\"https:\/\/www.cordm.com\/de\/produktionsmittel\/\"},{\"@type\":\"ListItem\",\"position\":3,\"name\":\"Allgem. Maschinenbau\"}]},{\"@type\":\"WebSite\",\"@id\":\"https:\/\/www.cordm.com\/de\/#website\",\"url\":\"https:\/\/www.cordm.com\/de\/\",\"name\":\"CORDM Gears\",\"description\":\"\",\"publisher\":{\"@id\":\"https:\/\/www.cordm.com\/de\/#organization\"},\"potentialAction\":[{\"@type\":\"SearchAction\",\"target\":{\"@type\":\"EntryPoint\",\"urlTemplate\":\"https:\/\/www.cordm.com\/de\/?s={search_term_string}\"},\"query-input\":{\"@type\":\"PropertyValueSpecification\",\"valueRequired\":true,\"valueName\":\"search_term_string\"}}],\"inLanguage\":\"de\"},{\"@type\":\"Organization\",\"@id\":\"https:\/\/www.cordm.com\/de\/#organization\",\"name\":\"CORDM Gears\",\"url\":\"https:\/\/www.cordm.com\/de\/\",\"logo\":{\"@type\":\"ImageObject\",\"inLanguage\":\"de\",\"@id\":\"https:\/\/www.cordm.com\/de\/#\/schema\/logo\/image\/\",\"url\":\"https:\/\/www.cordm.com\/wp-content\/uploads\/2024\/10\/cordm_logo.png\",\"contentUrl\":\"https:\/\/www.cordm.com\/wp-content\/uploads\/2024\/10\/cordm_logo.png\",\"width\":332,\"height\":98,\"caption\":\"CORDM Gears\"},\"image\":{\"@id\":\"https:\/\/www.cordm.com\/de\/#\/schema\/logo\/image\/\"}}]}<\/script>\n<!-- \/ Yoast SEO plugin. -->","yoast_head_json":{"title":"Allgem. Maschinenbau - CORDM Gears","robots":{"index":"index","follow":"follow","max-snippet":"max-snippet:-1","max-image-preview":"max-image-preview:large","max-video-preview":"max-video-preview:-1"},"canonical":"https:\/\/www.cordm.com\/de\/produktionsmittel\/allgem-maschinenbau\/","og_locale":"de_DE","og_type":"article","og_title":"Allgem. Maschinenbau - CORDM Gears","og_description":"Dank einer konsequenten Investitionspolitik ist CORDM in der Lage, Jahr f\u00fcr Jahr eine moderne und leistungsf\u00e4hige Bearbeitungswerkstatt zu unterhalten. Unsere Werkstatt besteht aus vier separaten Bearbeitungsbereichen (Drehen \/ Fr\u00e4sen \/ Verzahnen (siehe Ressourcen &#8211; Verzahnen) \/ Rund- und Zahnradschleifen (siehe Ressourcen &#8211; Zahnradschleifen). F\u00fcr die Herstellung von Pr\u00e4zisionszahnr\u00e4dern ist es unabdingbar, dass auch die allgemeine [&hellip;]","og_url":"https:\/\/www.cordm.com\/de\/produktionsmittel\/allgem-maschinenbau\/","og_site_name":"CORDM Gears","article_modified_time":"2024-12-18T08:48:52+00:00","twitter_card":"summary_large_image","twitter_misc":{"Gesch\u00e4tzte Lesezeit":"1\u00a0Minute"},"schema":{"@context":"https:\/\/schema.org","@graph":[{"@type":"WebPage","@id":"https:\/\/www.cordm.com\/de\/produktionsmittel\/allgem-maschinenbau\/","url":"https:\/\/www.cordm.com\/de\/produktionsmittel\/allgem-maschinenbau\/","name":"Allgem. Maschinenbau - CORDM Gears","isPartOf":{"@id":"https:\/\/www.cordm.com\/de\/#website"},"datePublished":"2024-11-22T10:26:26+00:00","dateModified":"2024-12-18T08:48:52+00:00","breadcrumb":{"@id":"https:\/\/www.cordm.com\/de\/produktionsmittel\/allgem-maschinenbau\/#breadcrumb"},"inLanguage":"de","potentialAction":[{"@type":"ReadAction","target":["https:\/\/www.cordm.com\/de\/produktionsmittel\/allgem-maschinenbau\/"]}]},{"@type":"BreadcrumbList","@id":"https:\/\/www.cordm.com\/de\/produktionsmittel\/allgem-maschinenbau\/#breadcrumb","itemListElement":[{"@type":"ListItem","position":1,"name":"CORDM Gears","item":"https:\/\/www.cordm.com\/de\/"},{"@type":"ListItem","position":2,"name":"Produktionsmittel","item":"https:\/\/www.cordm.com\/de\/produktionsmittel\/"},{"@type":"ListItem","position":3,"name":"Allgem. Maschinenbau"}]},{"@type":"WebSite","@id":"https:\/\/www.cordm.com\/de\/#website","url":"https:\/\/www.cordm.com\/de\/","name":"CORDM Gears","description":"","publisher":{"@id":"https:\/\/www.cordm.com\/de\/#organization"},"potentialAction":[{"@type":"SearchAction","target":{"@type":"EntryPoint","urlTemplate":"https:\/\/www.cordm.com\/de\/?s={search_term_string}"},"query-input":{"@type":"PropertyValueSpecification","valueRequired":true,"valueName":"search_term_string"}}],"inLanguage":"de"},{"@type":"Organization","@id":"https:\/\/www.cordm.com\/de\/#organization","name":"CORDM Gears","url":"https:\/\/www.cordm.com\/de\/","logo":{"@type":"ImageObject","inLanguage":"de","@id":"https:\/\/www.cordm.com\/de\/#\/schema\/logo\/image\/","url":"https:\/\/www.cordm.com\/wp-content\/uploads\/2024\/10\/cordm_logo.png","contentUrl":"https:\/\/www.cordm.com\/wp-content\/uploads\/2024\/10\/cordm_logo.png","width":332,"height":98,"caption":"CORDM Gears"},"image":{"@id":"https:\/\/www.cordm.com\/de\/#\/schema\/logo\/image\/"}}]}},"_links":{"self":[{"href":"https:\/\/www.cordm.com\/de\/wp-json\/wp\/v2\/pages\/3828","targetHints":{"allow":["GET"]}}],"collection":[{"href":"https:\/\/www.cordm.com\/de\/wp-json\/wp\/v2\/pages"}],"about":[{"href":"https:\/\/www.cordm.com\/de\/wp-json\/wp\/v2\/types\/page"}],"author":[{"embeddable":true,"href":"https:\/\/www.cordm.com\/de\/wp-json\/wp\/v2\/users\/1"}],"replies":[{"embeddable":true,"href":"https:\/\/www.cordm.com\/de\/wp-json\/wp\/v2\/comments?post=3828"}],"version-history":[{"count":2,"href":"https:\/\/www.cordm.com\/de\/wp-json\/wp\/v2\/pages\/3828\/revisions"}],"predecessor-version":[{"id":4071,"href":"https:\/\/www.cordm.com\/de\/wp-json\/wp\/v2\/pages\/3828\/revisions\/4071"}],"up":[{"embeddable":true,"href":"https:\/\/www.cordm.com\/de\/wp-json\/wp\/v2\/pages\/3822"}],"wp:attachment":[{"href":"https:\/\/www.cordm.com\/de\/wp-json\/wp\/v2\/media?parent=3828"}],"curies":[{"name":"wp","href":"https:\/\/api.w.org\/{rel}","templated":true}]}}