{"id":3826,"date":"2024-11-22T11:26:21","date_gmt":"2024-11-22T10:26:21","guid":{"rendered":"https:\/\/crm.lafabrikk.dev\/produktionsmittel\/site-de-production\/"},"modified":"2024-12-03T13:51:37","modified_gmt":"2024-12-03T12:51:37","slug":"fertigungsstandort","status":"publish","type":"page","link":"https:\/\/www.cordm.com\/de\/produktionsmittel\/fertigungsstandort\/","title":{"rendered":"Fertigungsstandort"},"content":{"rendered":"<div class=\"wp-block-image\">\n<figure class=\"aligncenter size-full\"><img loading=\"lazy\" decoding=\"async\" width=\"1000\" height=\"528\" alt=\"\" src=\"https:\/\/crm.lafabrikk.dev\/wp-content\/uploads\/2024\/11\/cordm_entree.jpg\"  class=\"wp-image-3502\" srcset=\"https:\/\/www.cordm.com\/wp-content\/uploads\/2024\/11\/cordm_entree.jpg 1000w, https:\/\/www.cordm.com\/wp-content\/uploads\/2024\/11\/cordm_entree-300x158.jpg 300w, https:\/\/www.cordm.com\/wp-content\/uploads\/2024\/11\/cordm_entree-768x406.jpg 768w\" sizes=\"auto, (max-width: 1000px) 100vw, 1000px\" \/><\/figure>\n<\/div>\n\n\n<p>CORDM verf\u00fcgt heute \u00fcber ein vollst\u00e4ndig renoviertes Werk, unter dessen Dach auf 7000m\u00b2 ein Maschinenpark mit 50 Maschinen neuester Bauart untergebracht ist.<\/p>\n\n\n\n<h4 class=\"wp-block-heading\">EIN MODERNER MASCHINENPARK<\/h4>\n\n\n\n<p>Dank einer starken Investitionspolitik verf\u00fcgen wir \u00fcber einen Maschinenpark mit Anlagen neuester Bauart und den neuesten Technologien, der es uns erm\u00f6glicht, Ihren Bedarfen gerecht zu werden. Wir haben einige Maschinen in doppelter Ausf\u00fchrung, um unsere Produktion sicherzustellen und Ihnen Ihre Teile fristgerecht zu liefern.<\/p>\n","protected":false},"excerpt":{"rendered":"<p>CORDM verf\u00fcgt heute \u00fcber ein vollst\u00e4ndig renoviertes Werk, unter dessen Dach auf 7000m\u00b2 ein Maschinenpark mit 50 Maschinen neuester Bauart untergebracht ist. EIN MODERNER MASCHINENPARK Dank einer starken Investitionspolitik verf\u00fcgen wir \u00fcber einen Maschinenpark mit Anlagen neuester Bauart und den neuesten Technologien, der es uns erm\u00f6glicht, Ihren Bedarfen gerecht zu werden. Wir haben einige Maschinen [&hellip;]<\/p>\n","protected":false},"author":1,"featured_media":0,"parent":3822,"menu_order":0,"comment_status":"closed","ping_status":"closed","template":"","meta":{"_acf_changed":false,"footnotes":""},"class_list":["post-3826","page","type-page","status-publish","hentry"],"acf":[],"yoast_head":"<!-- This site is optimized with the Yoast SEO plugin v27.0 - https:\/\/yoast.com\/product\/yoast-seo-wordpress\/ -->\n<title>Fertigungsstandort - CORDM Gears<\/title>\n<meta name=\"robots\" content=\"index, follow, max-snippet:-1, max-image-preview:large, max-video-preview:-1\" \/>\n<link rel=\"canonical\" href=\"https:\/\/www.cordm.com\/de\/produktionsmittel\/fertigungsstandort\/\" \/>\n<meta property=\"og:locale\" content=\"de_DE\" \/>\n<meta property=\"og:type\" content=\"article\" \/>\n<meta property=\"og:title\" content=\"Fertigungsstandort - CORDM Gears\" \/>\n<meta property=\"og:description\" content=\"CORDM verf\u00fcgt heute \u00fcber ein vollst\u00e4ndig renoviertes Werk, unter dessen Dach auf 7000m\u00b2 ein Maschinenpark mit 50 Maschinen neuester Bauart untergebracht ist. EIN MODERNER MASCHINENPARK Dank einer starken Investitionspolitik verf\u00fcgen wir \u00fcber einen Maschinenpark mit Anlagen neuester Bauart und den neuesten Technologien, der es uns erm\u00f6glicht, Ihren Bedarfen gerecht zu werden. Wir haben einige Maschinen [&hellip;]\" \/>\n<meta property=\"og:url\" content=\"https:\/\/www.cordm.com\/de\/produktionsmittel\/fertigungsstandort\/\" \/>\n<meta property=\"og:site_name\" content=\"CORDM Gears\" \/>\n<meta property=\"article:modified_time\" content=\"2024-12-03T12:51:37+00:00\" \/>\n<meta property=\"og:image\" content=\"https:\/\/crm.lafabrikk.dev\/wp-content\/uploads\/2024\/11\/cordm_entree.jpg\" \/>\n<meta name=\"twitter:card\" content=\"summary_large_image\" \/>\n<meta name=\"twitter:label1\" content=\"Gesch\u00e4tzte Lesezeit\" \/>\n\t<meta name=\"twitter:data1\" content=\"1\u00a0Minute\" \/>\n<script type=\"application\/ld+json\" class=\"yoast-schema-graph\">{\"@context\":\"https:\/\/schema.org\",\"@graph\":[{\"@type\":\"WebPage\",\"@id\":\"https:\/\/www.cordm.com\/de\/produktionsmittel\/fertigungsstandort\/\",\"url\":\"https:\/\/www.cordm.com\/de\/produktionsmittel\/fertigungsstandort\/\",\"name\":\"Fertigungsstandort - CORDM Gears\",\"isPartOf\":{\"@id\":\"https:\/\/www.cordm.com\/de\/#website\"},\"primaryImageOfPage\":{\"@id\":\"https:\/\/www.cordm.com\/de\/produktionsmittel\/fertigungsstandort\/#primaryimage\"},\"image\":{\"@id\":\"https:\/\/www.cordm.com\/de\/produktionsmittel\/fertigungsstandort\/#primaryimage\"},\"thumbnailUrl\":\"https:\/\/crm.lafabrikk.dev\/wp-content\/uploads\/2024\/11\/cordm_entree.jpg\",\"datePublished\":\"2024-11-22T10:26:21+00:00\",\"dateModified\":\"2024-12-03T12:51:37+00:00\",\"breadcrumb\":{\"@id\":\"https:\/\/www.cordm.com\/de\/produktionsmittel\/fertigungsstandort\/#breadcrumb\"},\"inLanguage\":\"de\",\"potentialAction\":[{\"@type\":\"ReadAction\",\"target\":[\"https:\/\/www.cordm.com\/de\/produktionsmittel\/fertigungsstandort\/\"]}]},{\"@type\":\"ImageObject\",\"inLanguage\":\"de\",\"@id\":\"https:\/\/www.cordm.com\/de\/produktionsmittel\/fertigungsstandort\/#primaryimage\",\"url\":\"https:\/\/crm.lafabrikk.dev\/wp-content\/uploads\/2024\/11\/cordm_entree.jpg\",\"contentUrl\":\"https:\/\/crm.lafabrikk.dev\/wp-content\/uploads\/2024\/11\/cordm_entree.jpg\"},{\"@type\":\"BreadcrumbList\",\"@id\":\"https:\/\/www.cordm.com\/de\/produktionsmittel\/fertigungsstandort\/#breadcrumb\",\"itemListElement\":[{\"@type\":\"ListItem\",\"position\":1,\"name\":\"CORDM Gears\",\"item\":\"https:\/\/www.cordm.com\/de\/\"},{\"@type\":\"ListItem\",\"position\":2,\"name\":\"Produktionsmittel\",\"item\":\"https:\/\/www.cordm.com\/de\/produktionsmittel\/\"},{\"@type\":\"ListItem\",\"position\":3,\"name\":\"Fertigungsstandort\"}]},{\"@type\":\"WebSite\",\"@id\":\"https:\/\/www.cordm.com\/de\/#website\",\"url\":\"https:\/\/www.cordm.com\/de\/\",\"name\":\"CORDM Gears\",\"description\":\"\",\"publisher\":{\"@id\":\"https:\/\/www.cordm.com\/de\/#organization\"},\"potentialAction\":[{\"@type\":\"SearchAction\",\"target\":{\"@type\":\"EntryPoint\",\"urlTemplate\":\"https:\/\/www.cordm.com\/de\/?s={search_term_string}\"},\"query-input\":{\"@type\":\"PropertyValueSpecification\",\"valueRequired\":true,\"valueName\":\"search_term_string\"}}],\"inLanguage\":\"de\"},{\"@type\":\"Organization\",\"@id\":\"https:\/\/www.cordm.com\/de\/#organization\",\"name\":\"CORDM Gears\",\"url\":\"https:\/\/www.cordm.com\/de\/\",\"logo\":{\"@type\":\"ImageObject\",\"inLanguage\":\"de\",\"@id\":\"https:\/\/www.cordm.com\/de\/#\/schema\/logo\/image\/\",\"url\":\"https:\/\/www.cordm.com\/wp-content\/uploads\/2024\/10\/cordm_logo.png\",\"contentUrl\":\"https:\/\/www.cordm.com\/wp-content\/uploads\/2024\/10\/cordm_logo.png\",\"width\":332,\"height\":98,\"caption\":\"CORDM Gears\"},\"image\":{\"@id\":\"https:\/\/www.cordm.com\/de\/#\/schema\/logo\/image\/\"}}]}<\/script>\n<!-- \/ Yoast SEO plugin. -->","yoast_head_json":{"title":"Fertigungsstandort - CORDM Gears","robots":{"index":"index","follow":"follow","max-snippet":"max-snippet:-1","max-image-preview":"max-image-preview:large","max-video-preview":"max-video-preview:-1"},"canonical":"https:\/\/www.cordm.com\/de\/produktionsmittel\/fertigungsstandort\/","og_locale":"de_DE","og_type":"article","og_title":"Fertigungsstandort - CORDM Gears","og_description":"CORDM verf\u00fcgt heute \u00fcber ein vollst\u00e4ndig renoviertes Werk, unter dessen Dach auf 7000m\u00b2 ein Maschinenpark mit 50 Maschinen neuester Bauart untergebracht ist. EIN MODERNER MASCHINENPARK Dank einer starken Investitionspolitik verf\u00fcgen wir \u00fcber einen Maschinenpark mit Anlagen neuester Bauart und den neuesten Technologien, der es uns erm\u00f6glicht, Ihren Bedarfen gerecht zu werden. Wir haben einige Maschinen [&hellip;]","og_url":"https:\/\/www.cordm.com\/de\/produktionsmittel\/fertigungsstandort\/","og_site_name":"CORDM Gears","article_modified_time":"2024-12-03T12:51:37+00:00","og_image":[{"url":"https:\/\/crm.lafabrikk.dev\/wp-content\/uploads\/2024\/11\/cordm_entree.jpg","type":"","width":"","height":""}],"twitter_card":"summary_large_image","twitter_misc":{"Gesch\u00e4tzte Lesezeit":"1\u00a0Minute"},"schema":{"@context":"https:\/\/schema.org","@graph":[{"@type":"WebPage","@id":"https:\/\/www.cordm.com\/de\/produktionsmittel\/fertigungsstandort\/","url":"https:\/\/www.cordm.com\/de\/produktionsmittel\/fertigungsstandort\/","name":"Fertigungsstandort - CORDM Gears","isPartOf":{"@id":"https:\/\/www.cordm.com\/de\/#website"},"primaryImageOfPage":{"@id":"https:\/\/www.cordm.com\/de\/produktionsmittel\/fertigungsstandort\/#primaryimage"},"image":{"@id":"https:\/\/www.cordm.com\/de\/produktionsmittel\/fertigungsstandort\/#primaryimage"},"thumbnailUrl":"https:\/\/crm.lafabrikk.dev\/wp-content\/uploads\/2024\/11\/cordm_entree.jpg","datePublished":"2024-11-22T10:26:21+00:00","dateModified":"2024-12-03T12:51:37+00:00","breadcrumb":{"@id":"https:\/\/www.cordm.com\/de\/produktionsmittel\/fertigungsstandort\/#breadcrumb"},"inLanguage":"de","potentialAction":[{"@type":"ReadAction","target":["https:\/\/www.cordm.com\/de\/produktionsmittel\/fertigungsstandort\/"]}]},{"@type":"ImageObject","inLanguage":"de","@id":"https:\/\/www.cordm.com\/de\/produktionsmittel\/fertigungsstandort\/#primaryimage","url":"https:\/\/crm.lafabrikk.dev\/wp-content\/uploads\/2024\/11\/cordm_entree.jpg","contentUrl":"https:\/\/crm.lafabrikk.dev\/wp-content\/uploads\/2024\/11\/cordm_entree.jpg"},{"@type":"BreadcrumbList","@id":"https:\/\/www.cordm.com\/de\/produktionsmittel\/fertigungsstandort\/#breadcrumb","itemListElement":[{"@type":"ListItem","position":1,"name":"CORDM Gears","item":"https:\/\/www.cordm.com\/de\/"},{"@type":"ListItem","position":2,"name":"Produktionsmittel","item":"https:\/\/www.cordm.com\/de\/produktionsmittel\/"},{"@type":"ListItem","position":3,"name":"Fertigungsstandort"}]},{"@type":"WebSite","@id":"https:\/\/www.cordm.com\/de\/#website","url":"https:\/\/www.cordm.com\/de\/","name":"CORDM Gears","description":"","publisher":{"@id":"https:\/\/www.cordm.com\/de\/#organization"},"potentialAction":[{"@type":"SearchAction","target":{"@type":"EntryPoint","urlTemplate":"https:\/\/www.cordm.com\/de\/?s={search_term_string}"},"query-input":{"@type":"PropertyValueSpecification","valueRequired":true,"valueName":"search_term_string"}}],"inLanguage":"de"},{"@type":"Organization","@id":"https:\/\/www.cordm.com\/de\/#organization","name":"CORDM Gears","url":"https:\/\/www.cordm.com\/de\/","logo":{"@type":"ImageObject","inLanguage":"de","@id":"https:\/\/www.cordm.com\/de\/#\/schema\/logo\/image\/","url":"https:\/\/www.cordm.com\/wp-content\/uploads\/2024\/10\/cordm_logo.png","contentUrl":"https:\/\/www.cordm.com\/wp-content\/uploads\/2024\/10\/cordm_logo.png","width":332,"height":98,"caption":"CORDM Gears"},"image":{"@id":"https:\/\/www.cordm.com\/de\/#\/schema\/logo\/image\/"}}]}},"_links":{"self":[{"href":"https:\/\/www.cordm.com\/de\/wp-json\/wp\/v2\/pages\/3826","targetHints":{"allow":["GET"]}}],"collection":[{"href":"https:\/\/www.cordm.com\/de\/wp-json\/wp\/v2\/pages"}],"about":[{"href":"https:\/\/www.cordm.com\/de\/wp-json\/wp\/v2\/types\/page"}],"author":[{"embeddable":true,"href":"https:\/\/www.cordm.com\/de\/wp-json\/wp\/v2\/users\/1"}],"replies":[{"embeddable":true,"href":"https:\/\/www.cordm.com\/de\/wp-json\/wp\/v2\/comments?post=3826"}],"version-history":[{"count":1,"href":"https:\/\/www.cordm.com\/de\/wp-json\/wp\/v2\/pages\/3826\/revisions"}],"predecessor-version":[{"id":3827,"href":"https:\/\/www.cordm.com\/de\/wp-json\/wp\/v2\/pages\/3826\/revisions\/3827"}],"up":[{"embeddable":true,"href":"https:\/\/www.cordm.com\/de\/wp-json\/wp\/v2\/pages\/3822"}],"wp:attachment":[{"href":"https:\/\/www.cordm.com\/de\/wp-json\/wp\/v2\/media?parent=3826"}],"curies":[{"name":"wp","href":"https:\/\/api.w.org\/{rel}","templated":true}]}}