{"id":3724,"date":"2024-11-22T11:03:12","date_gmt":"2024-11-22T10:03:12","guid":{"rendered":"https:\/\/crm.lafabrikk.dev\/prestations\/bureau-etudes\/reparation-retroconception-engrenage\/"},"modified":"2024-11-26T15:19:22","modified_gmt":"2024-11-26T14:19:22","slug":"instandsetzungen","status":"publish","type":"page","link":"https:\/\/www.cordm.com\/de\/dienstleistungen\/forschung-und-entwicklung\/instandsetzungen\/","title":{"rendered":"Instandsetzungen"},"content":{"rendered":"\n<p>Seit Januar 2019 wurden umfangreiche Investitionsausgaben get\u00e4tigt (Waschmaschine, Kugelstrahlen, Lackieren, Walzenheizung, hydraulische Pressen bis 250T, Vakuumpr\u00fcfstand, Br\u00fcckenkr\u00e4ne bis 20T&#8230;.). Dank der 1000 m\u00b2 gro\u00dfen Erweiterung, die ausschlie\u00dflich der Instandhaltung gewidmet ist, k\u00f6nnen wir Ihre Getriebe an unserem Standort in Verdun \u00fcbernehmen.<\/p>\n\n\n\n<p>Nach Erhalt Ihrer Einheit wird systematisch eine Begutachtung durchgef\u00fchrt, die zu einem Bericht und einem detaillierten Kostenvoranschlag f\u00fchrt:<\/p>\n\n\n\n<ul class=\"wp-block-list\">\n<li>Reinigung, \u00d6ffnen des Getriebes, Analyse m\u00f6glicher St\u00f6rungen,<\/li>\n\n\n\n<li>detaillierte Untersuchung aller Teile,<\/li>\n\n\n\n<li>zerst\u00f6rungsfreie Pr\u00fcfung der Z\u00e4hne (Magnetpulverpr\u00fcfung)<\/li>\n\n\n\n<li>dreidimensionale Kontrolle Ihrer Geh\u00e4use und mobile Komponenten<\/li>\n\n\n\n<li>den Austausch defekter mobile Komponenten oder Teile davon<\/li>\n\n\n\n<li>den systematischen Austausch von Lagern und Dichtringen,<\/li>\n\n\n\n<li>die Wiederzusammenstellung und Anpassung der Abst\u00e4nde<\/li>\n\n\n\n<li>die Pr\u00fcfungen der Getriebe auf einem Pr\u00fcfstand ohne Last.<\/li>\n\n\n\n<li>Lackierung<\/li>\n<\/ul>\n\n\n\n<div class=\"wp-block-columns are-vertically-aligned-center is-layout-flex wp-container-core-columns-is-layout-9d6595d7 wp-block-columns-is-layout-flex\">\n<div class=\"wp-block-column is-vertically-aligned-center is-layout-flow wp-block-column-is-layout-flow\">\n<figure class=\"wp-block-image size-full\"><img loading=\"lazy\" decoding=\"async\" width=\"1000\" height=\"750\" alt=\"\" src=\"https:\/\/crm.lafabrikk.dev\/wp-content\/uploads\/2024\/11\/cordm_reparation-1.jpg\"  class=\"wp-image-3471\" style=\"aspect-ratio:16\/9;object-fit:cover\" srcset=\"https:\/\/www.cordm.com\/wp-content\/uploads\/2024\/11\/cordm_reparation-1.jpg 1000w, https:\/\/www.cordm.com\/wp-content\/uploads\/2024\/11\/cordm_reparation-1-300x225.jpg 300w, https:\/\/www.cordm.com\/wp-content\/uploads\/2024\/11\/cordm_reparation-1-768x576.jpg 768w\" sizes=\"auto, (max-width: 1000px) 100vw, 1000px\" \/><\/figure>\n<\/div>\n\n\n\n<div class=\"wp-block-column is-vertically-aligned-center is-layout-flow wp-block-column-is-layout-flow\">\n<figure class=\"wp-block-image size-full\"><img loading=\"lazy\" decoding=\"async\" width=\"1000\" height=\"750\" alt=\"\" src=\"https:\/\/crm.lafabrikk.dev\/wp-content\/uploads\/2024\/11\/cordm_reparation-2.jpg\"  class=\"wp-image-3474\" style=\"aspect-ratio:16\/9;object-fit:cover\" srcset=\"https:\/\/www.cordm.com\/wp-content\/uploads\/2024\/11\/cordm_reparation-2.jpg 1000w, https:\/\/www.cordm.com\/wp-content\/uploads\/2024\/11\/cordm_reparation-2-300x225.jpg 300w, https:\/\/www.cordm.com\/wp-content\/uploads\/2024\/11\/cordm_reparation-2-768x576.jpg 768w\" sizes=\"auto, (max-width: 1000px) 100vw, 1000px\" \/><\/figure>\n<\/div>\n<\/div>\n","protected":false},"excerpt":{"rendered":"<p>Seit Januar 2019 wurden umfangreiche Investitionsausgaben get\u00e4tigt (Waschmaschine, Kugelstrahlen, Lackieren, Walzenheizung, hydraulische Pressen bis 250T, Vakuumpr\u00fcfstand, Br\u00fcckenkr\u00e4ne bis 20T&#8230;.). Dank der 1000 m\u00b2 gro\u00dfen Erweiterung, die ausschlie\u00dflich der Instandhaltung gewidmet ist, k\u00f6nnen wir Ihre Getriebe an unserem Standort in Verdun \u00fcbernehmen. Nach Erhalt Ihrer Einheit wird systematisch eine Begutachtung durchgef\u00fchrt, die zu einem Bericht und [&hellip;]<\/p>\n","protected":false},"author":1,"featured_media":0,"parent":3712,"menu_order":0,"comment_status":"closed","ping_status":"closed","template":"","meta":{"_acf_changed":false,"footnotes":""},"class_list":["post-3724","page","type-page","status-publish","hentry"],"acf":[],"yoast_head":"<!-- This site is optimized with the Yoast SEO plugin v27.0 - https:\/\/yoast.com\/product\/yoast-seo-wordpress\/ -->\n<title>Instandsetzungen - CORDM Gears<\/title>\n<meta name=\"robots\" content=\"index, follow, max-snippet:-1, max-image-preview:large, max-video-preview:-1\" \/>\n<link rel=\"canonical\" href=\"https:\/\/www.cordm.com\/de\/dienstleistungen\/forschung-und-entwicklung\/instandsetzungen\/\" \/>\n<meta property=\"og:locale\" content=\"de_DE\" \/>\n<meta property=\"og:type\" content=\"article\" \/>\n<meta property=\"og:title\" content=\"Instandsetzungen - CORDM Gears\" \/>\n<meta property=\"og:description\" content=\"Seit Januar 2019 wurden umfangreiche Investitionsausgaben get\u00e4tigt (Waschmaschine, Kugelstrahlen, Lackieren, Walzenheizung, hydraulische Pressen bis 250T, Vakuumpr\u00fcfstand, Br\u00fcckenkr\u00e4ne bis 20T&#8230;.). Dank der 1000 m\u00b2 gro\u00dfen Erweiterung, die ausschlie\u00dflich der Instandhaltung gewidmet ist, k\u00f6nnen wir Ihre Getriebe an unserem Standort in Verdun \u00fcbernehmen. Nach Erhalt Ihrer Einheit wird systematisch eine Begutachtung durchgef\u00fchrt, die zu einem Bericht und [&hellip;]\" \/>\n<meta property=\"og:url\" content=\"https:\/\/www.cordm.com\/de\/dienstleistungen\/forschung-und-entwicklung\/instandsetzungen\/\" \/>\n<meta property=\"og:site_name\" content=\"CORDM Gears\" \/>\n<meta property=\"article:modified_time\" content=\"2024-11-26T14:19:22+00:00\" \/>\n<meta property=\"og:image\" content=\"https:\/\/crm.lafabrikk.dev\/wp-content\/uploads\/2024\/11\/cordm_reparation-1.jpg\" \/>\n<meta name=\"twitter:card\" content=\"summary_large_image\" \/>\n<meta name=\"twitter:label1\" content=\"Gesch\u00e4tzte Lesezeit\" \/>\n\t<meta name=\"twitter:data1\" content=\"1\u00a0Minute\" \/>\n<script type=\"application\/ld+json\" class=\"yoast-schema-graph\">{\"@context\":\"https:\/\/schema.org\",\"@graph\":[{\"@type\":\"WebPage\",\"@id\":\"https:\/\/www.cordm.com\/de\/dienstleistungen\/forschung-und-entwicklung\/instandsetzungen\/\",\"url\":\"https:\/\/www.cordm.com\/de\/dienstleistungen\/forschung-und-entwicklung\/instandsetzungen\/\",\"name\":\"Instandsetzungen - CORDM Gears\",\"isPartOf\":{\"@id\":\"https:\/\/www.cordm.com\/de\/#website\"},\"primaryImageOfPage\":{\"@id\":\"https:\/\/www.cordm.com\/de\/dienstleistungen\/forschung-und-entwicklung\/instandsetzungen\/#primaryimage\"},\"image\":{\"@id\":\"https:\/\/www.cordm.com\/de\/dienstleistungen\/forschung-und-entwicklung\/instandsetzungen\/#primaryimage\"},\"thumbnailUrl\":\"https:\/\/crm.lafabrikk.dev\/wp-content\/uploads\/2024\/11\/cordm_reparation-1.jpg\",\"datePublished\":\"2024-11-22T10:03:12+00:00\",\"dateModified\":\"2024-11-26T14:19:22+00:00\",\"breadcrumb\":{\"@id\":\"https:\/\/www.cordm.com\/de\/dienstleistungen\/forschung-und-entwicklung\/instandsetzungen\/#breadcrumb\"},\"inLanguage\":\"de\",\"potentialAction\":[{\"@type\":\"ReadAction\",\"target\":[\"https:\/\/www.cordm.com\/de\/dienstleistungen\/forschung-und-entwicklung\/instandsetzungen\/\"]}]},{\"@type\":\"ImageObject\",\"inLanguage\":\"de\",\"@id\":\"https:\/\/www.cordm.com\/de\/dienstleistungen\/forschung-und-entwicklung\/instandsetzungen\/#primaryimage\",\"url\":\"https:\/\/crm.lafabrikk.dev\/wp-content\/uploads\/2024\/11\/cordm_reparation-1.jpg\",\"contentUrl\":\"https:\/\/crm.lafabrikk.dev\/wp-content\/uploads\/2024\/11\/cordm_reparation-1.jpg\"},{\"@type\":\"BreadcrumbList\",\"@id\":\"https:\/\/www.cordm.com\/de\/dienstleistungen\/forschung-und-entwicklung\/instandsetzungen\/#breadcrumb\",\"itemListElement\":[{\"@type\":\"ListItem\",\"position\":1,\"name\":\"CORDM Gears\",\"item\":\"https:\/\/www.cordm.com\/de\/\"},{\"@type\":\"ListItem\",\"position\":2,\"name\":\"Dienstleistungen\",\"item\":\"https:\/\/www.cordm.com\/de\/dienstleistungen\/\"},{\"@type\":\"ListItem\",\"position\":3,\"name\":\"Forschung und Entwicklung\",\"item\":\"https:\/\/www.cordm.com\/de\/dienstleistungen\/forschung-und-entwicklung\/\"},{\"@type\":\"ListItem\",\"position\":4,\"name\":\"Instandsetzungen\"}]},{\"@type\":\"WebSite\",\"@id\":\"https:\/\/www.cordm.com\/de\/#website\",\"url\":\"https:\/\/www.cordm.com\/de\/\",\"name\":\"CORDM Gears\",\"description\":\"\",\"publisher\":{\"@id\":\"https:\/\/www.cordm.com\/de\/#organization\"},\"potentialAction\":[{\"@type\":\"SearchAction\",\"target\":{\"@type\":\"EntryPoint\",\"urlTemplate\":\"https:\/\/www.cordm.com\/de\/?s={search_term_string}\"},\"query-input\":{\"@type\":\"PropertyValueSpecification\",\"valueRequired\":true,\"valueName\":\"search_term_string\"}}],\"inLanguage\":\"de\"},{\"@type\":\"Organization\",\"@id\":\"https:\/\/www.cordm.com\/de\/#organization\",\"name\":\"CORDM Gears\",\"url\":\"https:\/\/www.cordm.com\/de\/\",\"logo\":{\"@type\":\"ImageObject\",\"inLanguage\":\"de\",\"@id\":\"https:\/\/www.cordm.com\/de\/#\/schema\/logo\/image\/\",\"url\":\"https:\/\/www.cordm.com\/wp-content\/uploads\/2024\/10\/cordm_logo.png\",\"contentUrl\":\"https:\/\/www.cordm.com\/wp-content\/uploads\/2024\/10\/cordm_logo.png\",\"width\":332,\"height\":98,\"caption\":\"CORDM Gears\"},\"image\":{\"@id\":\"https:\/\/www.cordm.com\/de\/#\/schema\/logo\/image\/\"}}]}<\/script>\n<!-- \/ Yoast SEO plugin. -->","yoast_head_json":{"title":"Instandsetzungen - CORDM Gears","robots":{"index":"index","follow":"follow","max-snippet":"max-snippet:-1","max-image-preview":"max-image-preview:large","max-video-preview":"max-video-preview:-1"},"canonical":"https:\/\/www.cordm.com\/de\/dienstleistungen\/forschung-und-entwicklung\/instandsetzungen\/","og_locale":"de_DE","og_type":"article","og_title":"Instandsetzungen - CORDM Gears","og_description":"Seit Januar 2019 wurden umfangreiche Investitionsausgaben get\u00e4tigt (Waschmaschine, Kugelstrahlen, Lackieren, Walzenheizung, hydraulische Pressen bis 250T, Vakuumpr\u00fcfstand, Br\u00fcckenkr\u00e4ne bis 20T&#8230;.). Dank der 1000 m\u00b2 gro\u00dfen Erweiterung, die ausschlie\u00dflich der Instandhaltung gewidmet ist, k\u00f6nnen wir Ihre Getriebe an unserem Standort in Verdun \u00fcbernehmen. Nach Erhalt Ihrer Einheit wird systematisch eine Begutachtung durchgef\u00fchrt, die zu einem Bericht und [&hellip;]","og_url":"https:\/\/www.cordm.com\/de\/dienstleistungen\/forschung-und-entwicklung\/instandsetzungen\/","og_site_name":"CORDM Gears","article_modified_time":"2024-11-26T14:19:22+00:00","og_image":[{"url":"https:\/\/crm.lafabrikk.dev\/wp-content\/uploads\/2024\/11\/cordm_reparation-1.jpg","type":"","width":"","height":""}],"twitter_card":"summary_large_image","twitter_misc":{"Gesch\u00e4tzte Lesezeit":"1\u00a0Minute"},"schema":{"@context":"https:\/\/schema.org","@graph":[{"@type":"WebPage","@id":"https:\/\/www.cordm.com\/de\/dienstleistungen\/forschung-und-entwicklung\/instandsetzungen\/","url":"https:\/\/www.cordm.com\/de\/dienstleistungen\/forschung-und-entwicklung\/instandsetzungen\/","name":"Instandsetzungen - CORDM Gears","isPartOf":{"@id":"https:\/\/www.cordm.com\/de\/#website"},"primaryImageOfPage":{"@id":"https:\/\/www.cordm.com\/de\/dienstleistungen\/forschung-und-entwicklung\/instandsetzungen\/#primaryimage"},"image":{"@id":"https:\/\/www.cordm.com\/de\/dienstleistungen\/forschung-und-entwicklung\/instandsetzungen\/#primaryimage"},"thumbnailUrl":"https:\/\/crm.lafabrikk.dev\/wp-content\/uploads\/2024\/11\/cordm_reparation-1.jpg","datePublished":"2024-11-22T10:03:12+00:00","dateModified":"2024-11-26T14:19:22+00:00","breadcrumb":{"@id":"https:\/\/www.cordm.com\/de\/dienstleistungen\/forschung-und-entwicklung\/instandsetzungen\/#breadcrumb"},"inLanguage":"de","potentialAction":[{"@type":"ReadAction","target":["https:\/\/www.cordm.com\/de\/dienstleistungen\/forschung-und-entwicklung\/instandsetzungen\/"]}]},{"@type":"ImageObject","inLanguage":"de","@id":"https:\/\/www.cordm.com\/de\/dienstleistungen\/forschung-und-entwicklung\/instandsetzungen\/#primaryimage","url":"https:\/\/crm.lafabrikk.dev\/wp-content\/uploads\/2024\/11\/cordm_reparation-1.jpg","contentUrl":"https:\/\/crm.lafabrikk.dev\/wp-content\/uploads\/2024\/11\/cordm_reparation-1.jpg"},{"@type":"BreadcrumbList","@id":"https:\/\/www.cordm.com\/de\/dienstleistungen\/forschung-und-entwicklung\/instandsetzungen\/#breadcrumb","itemListElement":[{"@type":"ListItem","position":1,"name":"CORDM Gears","item":"https:\/\/www.cordm.com\/de\/"},{"@type":"ListItem","position":2,"name":"Dienstleistungen","item":"https:\/\/www.cordm.com\/de\/dienstleistungen\/"},{"@type":"ListItem","position":3,"name":"Forschung und Entwicklung","item":"https:\/\/www.cordm.com\/de\/dienstleistungen\/forschung-und-entwicklung\/"},{"@type":"ListItem","position":4,"name":"Instandsetzungen"}]},{"@type":"WebSite","@id":"https:\/\/www.cordm.com\/de\/#website","url":"https:\/\/www.cordm.com\/de\/","name":"CORDM Gears","description":"","publisher":{"@id":"https:\/\/www.cordm.com\/de\/#organization"},"potentialAction":[{"@type":"SearchAction","target":{"@type":"EntryPoint","urlTemplate":"https:\/\/www.cordm.com\/de\/?s={search_term_string}"},"query-input":{"@type":"PropertyValueSpecification","valueRequired":true,"valueName":"search_term_string"}}],"inLanguage":"de"},{"@type":"Organization","@id":"https:\/\/www.cordm.com\/de\/#organization","name":"CORDM Gears","url":"https:\/\/www.cordm.com\/de\/","logo":{"@type":"ImageObject","inLanguage":"de","@id":"https:\/\/www.cordm.com\/de\/#\/schema\/logo\/image\/","url":"https:\/\/www.cordm.com\/wp-content\/uploads\/2024\/10\/cordm_logo.png","contentUrl":"https:\/\/www.cordm.com\/wp-content\/uploads\/2024\/10\/cordm_logo.png","width":332,"height":98,"caption":"CORDM Gears"},"image":{"@id":"https:\/\/www.cordm.com\/de\/#\/schema\/logo\/image\/"}}]}},"_links":{"self":[{"href":"https:\/\/www.cordm.com\/de\/wp-json\/wp\/v2\/pages\/3724","targetHints":{"allow":["GET"]}}],"collection":[{"href":"https:\/\/www.cordm.com\/de\/wp-json\/wp\/v2\/pages"}],"about":[{"href":"https:\/\/www.cordm.com\/de\/wp-json\/wp\/v2\/types\/page"}],"author":[{"embeddable":true,"href":"https:\/\/www.cordm.com\/de\/wp-json\/wp\/v2\/users\/1"}],"replies":[{"embeddable":true,"href":"https:\/\/www.cordm.com\/de\/wp-json\/wp\/v2\/comments?post=3724"}],"version-history":[{"count":1,"href":"https:\/\/www.cordm.com\/de\/wp-json\/wp\/v2\/pages\/3724\/revisions"}],"predecessor-version":[{"id":3733,"href":"https:\/\/www.cordm.com\/de\/wp-json\/wp\/v2\/pages\/3724\/revisions\/3733"}],"up":[{"embeddable":true,"href":"https:\/\/www.cordm.com\/de\/wp-json\/wp\/v2\/pages\/3712"}],"wp:attachment":[{"href":"https:\/\/www.cordm.com\/de\/wp-json\/wp\/v2\/media?parent=3724"}],"curies":[{"name":"wp","href":"https:\/\/api.w.org\/{rel}","templated":true}]}}