{"id":3722,"date":"2024-11-22T11:03:05","date_gmt":"2024-11-22T10:03:05","guid":{"rendered":"https:\/\/crm.lafabrikk.dev\/prestations\/bureau-etudes\/calculs-d-engrenage\/"},"modified":"2024-11-26T15:19:19","modified_gmt":"2024-11-26T14:19:19","slug":"technische-unterstuetzung","status":"publish","type":"page","link":"https:\/\/www.cordm.com\/de\/dienstleistungen\/forschung-und-entwicklung\/technische-unterstuetzung\/","title":{"rendered":"Technische Unterst\u00fctzung"},"content":{"rendered":"\n<p>Unsere Konstruktion und Arbeitsvorbereitungsabteilung beraten Sie bei der technischen Begutachtung Ihrer Ritzel und Stirnr\u00e4der mit Gerad-, Schr\u00e4g-, Kegel-, Spiralkegel- und Innenverzahnung, Zahnstangen, Zahnriemenscheiben und Keilwellen. Wir k\u00f6nnen Ihnen auch bei der Berechnung von mechanischen Getrieben wie Planetengetrieben, Winkelgetrieben, Zahnradgetrieben oder Spezialgetrieben nach einem gemeinsam festgelegten Lastenheft helfen.<\/p>\n\n\n\n<div class=\"wp-block-columns are-vertically-aligned-center is-layout-flex wp-container-core-columns-is-layout-9d6595d7 wp-block-columns-is-layout-flex\">\n<div class=\"wp-block-column is-vertically-aligned-center is-layout-flow wp-block-column-is-layout-flow\">\n<figure class=\"wp-block-image size-full\"><img loading=\"lazy\" decoding=\"async\" width=\"750\" height=\"461\" alt=\"\" src=\"https:\/\/crm.lafabrikk.dev\/wp-content\/uploads\/2024\/11\/denture_s.gif\"  class=\"wp-image-3456\"\/><\/figure>\n<\/div>\n\n\n\n<div class=\"wp-block-column is-vertically-aligned-center is-layout-flow wp-block-column-is-layout-flow\">\n<figure class=\"wp-block-image size-full\"><img loading=\"lazy\" decoding=\"async\" width=\"785\" height=\"400\" alt=\"\" src=\"https:\/\/crm.lafabrikk.dev\/wp-content\/uploads\/2024\/11\/couple-retouche.png\"  class=\"wp-image-3460\" srcset=\"https:\/\/www.cordm.com\/wp-content\/uploads\/2024\/11\/couple-retouche.png 785w, https:\/\/www.cordm.com\/wp-content\/uploads\/2024\/11\/couple-retouche-300x153.png 300w, https:\/\/www.cordm.com\/wp-content\/uploads\/2024\/11\/couple-retouche-768x391.png 768w\" sizes=\"auto, (max-width: 785px) 100vw, 785px\" \/><\/figure>\n<\/div>\n<\/div>\n\n\n\n<p>Mit Tools wie KISSsoft und Solidworks f\u00fchrt CORDM alle Arten von Berechnungen durch, die mit dem Entwurf oder der Optimierung Ihrer Anlagen verbunden sind:<\/p>\n\n\n\n<ul class=\"wp-block-list\">\n<li>Berechnung der Geometrie<\/li>\n\n\n\n<li>Berechnung der Beanspruchung von Zahnr\u00e4dern und Lagern<\/li>\n\n\n\n<li>Bestimmung der Materialien und Behandlungen<\/li>\n\n\n\n<li>Optimierung der Abmessungen<\/li>\n\n\n\n<li>Lebensdauern<\/li>\n\n\n\n<li>Bericht \u00fcber die Berechnung<\/li>\n<\/ul>\n\n\n\n<p>Vor der Fertigung werden die Daten Ihrer Zahnr\u00e4der von uns \u00fcberpr\u00fcft und unsere Bearbeitungsprogramme unter Ber\u00fccksichtigung Ihrer Spezifikationen und Ihres Lastenhefts erstellt.<\/p>\n\n\n<div class=\"wp-block-image\">\n<figure class=\"aligncenter size-full\"><img loading=\"lazy\" decoding=\"async\" width=\"640\" height=\"360\" alt=\"\" src=\"https:\/\/crm.lafabrikk.dev\/wp-content\/uploads\/2024\/11\/ensemble_s.png\"  class=\"wp-image-3464\" srcset=\"https:\/\/www.cordm.com\/wp-content\/uploads\/2024\/11\/ensemble_s.png 640w, https:\/\/www.cordm.com\/wp-content\/uploads\/2024\/11\/ensemble_s-300x169.png 300w\" sizes=\"auto, (max-width: 640px) 100vw, 640px\" \/><\/figure>\n<\/div>","protected":false},"excerpt":{"rendered":"<p>Unsere Konstruktion und Arbeitsvorbereitungsabteilung beraten Sie bei der technischen Begutachtung Ihrer Ritzel und Stirnr\u00e4der mit Gerad-, Schr\u00e4g-, Kegel-, Spiralkegel- und Innenverzahnung, Zahnstangen, Zahnriemenscheiben und Keilwellen. Wir k\u00f6nnen Ihnen auch bei der Berechnung von mechanischen Getrieben wie Planetengetrieben, Winkelgetrieben, Zahnradgetrieben oder Spezialgetrieben nach einem gemeinsam festgelegten Lastenheft helfen. Mit Tools wie KISSsoft und Solidworks f\u00fchrt CORDM [&hellip;]<\/p>\n","protected":false},"author":1,"featured_media":0,"parent":3712,"menu_order":0,"comment_status":"closed","ping_status":"closed","template":"","meta":{"_acf_changed":false,"footnotes":""},"class_list":["post-3722","page","type-page","status-publish","hentry"],"acf":[],"yoast_head":"<!-- This site is optimized with the Yoast SEO plugin v27.0 - https:\/\/yoast.com\/product\/yoast-seo-wordpress\/ -->\n<title>Technische Unterst\u00fctzung - CORDM Gears<\/title>\n<meta name=\"robots\" content=\"index, follow, max-snippet:-1, max-image-preview:large, max-video-preview:-1\" \/>\n<link rel=\"canonical\" href=\"https:\/\/www.cordm.com\/de\/dienstleistungen\/forschung-und-entwicklung\/technische-unterstuetzung\/\" \/>\n<meta property=\"og:locale\" content=\"de_DE\" \/>\n<meta property=\"og:type\" content=\"article\" \/>\n<meta property=\"og:title\" content=\"Technische Unterst\u00fctzung - CORDM Gears\" \/>\n<meta property=\"og:description\" content=\"Unsere Konstruktion und Arbeitsvorbereitungsabteilung beraten Sie bei der technischen Begutachtung Ihrer Ritzel und Stirnr\u00e4der mit Gerad-, Schr\u00e4g-, Kegel-, Spiralkegel- und Innenverzahnung, Zahnstangen, Zahnriemenscheiben und Keilwellen. Wir k\u00f6nnen Ihnen auch bei der Berechnung von mechanischen Getrieben wie Planetengetrieben, Winkelgetrieben, Zahnradgetrieben oder Spezialgetrieben nach einem gemeinsam festgelegten Lastenheft helfen. Mit Tools wie KISSsoft und Solidworks f\u00fchrt CORDM [&hellip;]\" \/>\n<meta property=\"og:url\" content=\"https:\/\/www.cordm.com\/de\/dienstleistungen\/forschung-und-entwicklung\/technische-unterstuetzung\/\" \/>\n<meta property=\"og:site_name\" content=\"CORDM Gears\" \/>\n<meta property=\"article:modified_time\" content=\"2024-11-26T14:19:19+00:00\" \/>\n<meta property=\"og:image\" content=\"https:\/\/crm.lafabrikk.dev\/wp-content\/uploads\/2024\/11\/denture_s.gif\" \/>\n<meta name=\"twitter:card\" content=\"summary_large_image\" \/>\n<meta name=\"twitter:label1\" content=\"Gesch\u00e4tzte Lesezeit\" \/>\n\t<meta name=\"twitter:data1\" content=\"2\u00a0Minuten\" \/>\n<script type=\"application\/ld+json\" class=\"yoast-schema-graph\">{\"@context\":\"https:\/\/schema.org\",\"@graph\":[{\"@type\":\"WebPage\",\"@id\":\"https:\/\/www.cordm.com\/de\/dienstleistungen\/forschung-und-entwicklung\/technische-unterstuetzung\/\",\"url\":\"https:\/\/www.cordm.com\/de\/dienstleistungen\/forschung-und-entwicklung\/technische-unterstuetzung\/\",\"name\":\"Technische Unterst\u00fctzung - CORDM Gears\",\"isPartOf\":{\"@id\":\"https:\/\/www.cordm.com\/de\/#website\"},\"primaryImageOfPage\":{\"@id\":\"https:\/\/www.cordm.com\/de\/dienstleistungen\/forschung-und-entwicklung\/technische-unterstuetzung\/#primaryimage\"},\"image\":{\"@id\":\"https:\/\/www.cordm.com\/de\/dienstleistungen\/forschung-und-entwicklung\/technische-unterstuetzung\/#primaryimage\"},\"thumbnailUrl\":\"https:\/\/crm.lafabrikk.dev\/wp-content\/uploads\/2024\/11\/denture_s.gif\",\"datePublished\":\"2024-11-22T10:03:05+00:00\",\"dateModified\":\"2024-11-26T14:19:19+00:00\",\"breadcrumb\":{\"@id\":\"https:\/\/www.cordm.com\/de\/dienstleistungen\/forschung-und-entwicklung\/technische-unterstuetzung\/#breadcrumb\"},\"inLanguage\":\"de\",\"potentialAction\":[{\"@type\":\"ReadAction\",\"target\":[\"https:\/\/www.cordm.com\/de\/dienstleistungen\/forschung-und-entwicklung\/technische-unterstuetzung\/\"]}]},{\"@type\":\"ImageObject\",\"inLanguage\":\"de\",\"@id\":\"https:\/\/www.cordm.com\/de\/dienstleistungen\/forschung-und-entwicklung\/technische-unterstuetzung\/#primaryimage\",\"url\":\"https:\/\/crm.lafabrikk.dev\/wp-content\/uploads\/2024\/11\/denture_s.gif\",\"contentUrl\":\"https:\/\/crm.lafabrikk.dev\/wp-content\/uploads\/2024\/11\/denture_s.gif\"},{\"@type\":\"BreadcrumbList\",\"@id\":\"https:\/\/www.cordm.com\/de\/dienstleistungen\/forschung-und-entwicklung\/technische-unterstuetzung\/#breadcrumb\",\"itemListElement\":[{\"@type\":\"ListItem\",\"position\":1,\"name\":\"CORDM Gears\",\"item\":\"https:\/\/www.cordm.com\/de\/\"},{\"@type\":\"ListItem\",\"position\":2,\"name\":\"Dienstleistungen\",\"item\":\"https:\/\/www.cordm.com\/de\/dienstleistungen\/\"},{\"@type\":\"ListItem\",\"position\":3,\"name\":\"Forschung und Entwicklung\",\"item\":\"https:\/\/www.cordm.com\/de\/dienstleistungen\/forschung-und-entwicklung\/\"},{\"@type\":\"ListItem\",\"position\":4,\"name\":\"Technische Unterst\u00fctzung\"}]},{\"@type\":\"WebSite\",\"@id\":\"https:\/\/www.cordm.com\/de\/#website\",\"url\":\"https:\/\/www.cordm.com\/de\/\",\"name\":\"CORDM Gears\",\"description\":\"\",\"publisher\":{\"@id\":\"https:\/\/www.cordm.com\/de\/#organization\"},\"potentialAction\":[{\"@type\":\"SearchAction\",\"target\":{\"@type\":\"EntryPoint\",\"urlTemplate\":\"https:\/\/www.cordm.com\/de\/?s={search_term_string}\"},\"query-input\":{\"@type\":\"PropertyValueSpecification\",\"valueRequired\":true,\"valueName\":\"search_term_string\"}}],\"inLanguage\":\"de\"},{\"@type\":\"Organization\",\"@id\":\"https:\/\/www.cordm.com\/de\/#organization\",\"name\":\"CORDM Gears\",\"url\":\"https:\/\/www.cordm.com\/de\/\",\"logo\":{\"@type\":\"ImageObject\",\"inLanguage\":\"de\",\"@id\":\"https:\/\/www.cordm.com\/de\/#\/schema\/logo\/image\/\",\"url\":\"https:\/\/www.cordm.com\/wp-content\/uploads\/2024\/10\/cordm_logo.png\",\"contentUrl\":\"https:\/\/www.cordm.com\/wp-content\/uploads\/2024\/10\/cordm_logo.png\",\"width\":332,\"height\":98,\"caption\":\"CORDM Gears\"},\"image\":{\"@id\":\"https:\/\/www.cordm.com\/de\/#\/schema\/logo\/image\/\"}}]}<\/script>\n<!-- \/ Yoast SEO plugin. -->","yoast_head_json":{"title":"Technische Unterst\u00fctzung - CORDM Gears","robots":{"index":"index","follow":"follow","max-snippet":"max-snippet:-1","max-image-preview":"max-image-preview:large","max-video-preview":"max-video-preview:-1"},"canonical":"https:\/\/www.cordm.com\/de\/dienstleistungen\/forschung-und-entwicklung\/technische-unterstuetzung\/","og_locale":"de_DE","og_type":"article","og_title":"Technische Unterst\u00fctzung - CORDM Gears","og_description":"Unsere Konstruktion und Arbeitsvorbereitungsabteilung beraten Sie bei der technischen Begutachtung Ihrer Ritzel und Stirnr\u00e4der mit Gerad-, Schr\u00e4g-, Kegel-, Spiralkegel- und Innenverzahnung, Zahnstangen, Zahnriemenscheiben und Keilwellen. Wir k\u00f6nnen Ihnen auch bei der Berechnung von mechanischen Getrieben wie Planetengetrieben, Winkelgetrieben, Zahnradgetrieben oder Spezialgetrieben nach einem gemeinsam festgelegten Lastenheft helfen. Mit Tools wie KISSsoft und Solidworks f\u00fchrt CORDM [&hellip;]","og_url":"https:\/\/www.cordm.com\/de\/dienstleistungen\/forschung-und-entwicklung\/technische-unterstuetzung\/","og_site_name":"CORDM Gears","article_modified_time":"2024-11-26T14:19:19+00:00","og_image":[{"url":"https:\/\/crm.lafabrikk.dev\/wp-content\/uploads\/2024\/11\/denture_s.gif","type":"","width":"","height":""}],"twitter_card":"summary_large_image","twitter_misc":{"Gesch\u00e4tzte Lesezeit":"2\u00a0Minuten"},"schema":{"@context":"https:\/\/schema.org","@graph":[{"@type":"WebPage","@id":"https:\/\/www.cordm.com\/de\/dienstleistungen\/forschung-und-entwicklung\/technische-unterstuetzung\/","url":"https:\/\/www.cordm.com\/de\/dienstleistungen\/forschung-und-entwicklung\/technische-unterstuetzung\/","name":"Technische Unterst\u00fctzung - CORDM Gears","isPartOf":{"@id":"https:\/\/www.cordm.com\/de\/#website"},"primaryImageOfPage":{"@id":"https:\/\/www.cordm.com\/de\/dienstleistungen\/forschung-und-entwicklung\/technische-unterstuetzung\/#primaryimage"},"image":{"@id":"https:\/\/www.cordm.com\/de\/dienstleistungen\/forschung-und-entwicklung\/technische-unterstuetzung\/#primaryimage"},"thumbnailUrl":"https:\/\/crm.lafabrikk.dev\/wp-content\/uploads\/2024\/11\/denture_s.gif","datePublished":"2024-11-22T10:03:05+00:00","dateModified":"2024-11-26T14:19:19+00:00","breadcrumb":{"@id":"https:\/\/www.cordm.com\/de\/dienstleistungen\/forschung-und-entwicklung\/technische-unterstuetzung\/#breadcrumb"},"inLanguage":"de","potentialAction":[{"@type":"ReadAction","target":["https:\/\/www.cordm.com\/de\/dienstleistungen\/forschung-und-entwicklung\/technische-unterstuetzung\/"]}]},{"@type":"ImageObject","inLanguage":"de","@id":"https:\/\/www.cordm.com\/de\/dienstleistungen\/forschung-und-entwicklung\/technische-unterstuetzung\/#primaryimage","url":"https:\/\/crm.lafabrikk.dev\/wp-content\/uploads\/2024\/11\/denture_s.gif","contentUrl":"https:\/\/crm.lafabrikk.dev\/wp-content\/uploads\/2024\/11\/denture_s.gif"},{"@type":"BreadcrumbList","@id":"https:\/\/www.cordm.com\/de\/dienstleistungen\/forschung-und-entwicklung\/technische-unterstuetzung\/#breadcrumb","itemListElement":[{"@type":"ListItem","position":1,"name":"CORDM Gears","item":"https:\/\/www.cordm.com\/de\/"},{"@type":"ListItem","position":2,"name":"Dienstleistungen","item":"https:\/\/www.cordm.com\/de\/dienstleistungen\/"},{"@type":"ListItem","position":3,"name":"Forschung und Entwicklung","item":"https:\/\/www.cordm.com\/de\/dienstleistungen\/forschung-und-entwicklung\/"},{"@type":"ListItem","position":4,"name":"Technische Unterst\u00fctzung"}]},{"@type":"WebSite","@id":"https:\/\/www.cordm.com\/de\/#website","url":"https:\/\/www.cordm.com\/de\/","name":"CORDM Gears","description":"","publisher":{"@id":"https:\/\/www.cordm.com\/de\/#organization"},"potentialAction":[{"@type":"SearchAction","target":{"@type":"EntryPoint","urlTemplate":"https:\/\/www.cordm.com\/de\/?s={search_term_string}"},"query-input":{"@type":"PropertyValueSpecification","valueRequired":true,"valueName":"search_term_string"}}],"inLanguage":"de"},{"@type":"Organization","@id":"https:\/\/www.cordm.com\/de\/#organization","name":"CORDM Gears","url":"https:\/\/www.cordm.com\/de\/","logo":{"@type":"ImageObject","inLanguage":"de","@id":"https:\/\/www.cordm.com\/de\/#\/schema\/logo\/image\/","url":"https:\/\/www.cordm.com\/wp-content\/uploads\/2024\/10\/cordm_logo.png","contentUrl":"https:\/\/www.cordm.com\/wp-content\/uploads\/2024\/10\/cordm_logo.png","width":332,"height":98,"caption":"CORDM Gears"},"image":{"@id":"https:\/\/www.cordm.com\/de\/#\/schema\/logo\/image\/"}}]}},"_links":{"self":[{"href":"https:\/\/www.cordm.com\/de\/wp-json\/wp\/v2\/pages\/3722","targetHints":{"allow":["GET"]}}],"collection":[{"href":"https:\/\/www.cordm.com\/de\/wp-json\/wp\/v2\/pages"}],"about":[{"href":"https:\/\/www.cordm.com\/de\/wp-json\/wp\/v2\/types\/page"}],"author":[{"embeddable":true,"href":"https:\/\/www.cordm.com\/de\/wp-json\/wp\/v2\/users\/1"}],"replies":[{"embeddable":true,"href":"https:\/\/www.cordm.com\/de\/wp-json\/wp\/v2\/comments?post=3722"}],"version-history":[{"count":1,"href":"https:\/\/www.cordm.com\/de\/wp-json\/wp\/v2\/pages\/3722\/revisions"}],"predecessor-version":[{"id":3728,"href":"https:\/\/www.cordm.com\/de\/wp-json\/wp\/v2\/pages\/3722\/revisions\/3728"}],"up":[{"embeddable":true,"href":"https:\/\/www.cordm.com\/de\/wp-json\/wp\/v2\/pages\/3712"}],"wp:attachment":[{"href":"https:\/\/www.cordm.com\/de\/wp-json\/wp\/v2\/media?parent=3722"}],"curies":[{"name":"wp","href":"https:\/\/api.w.org\/{rel}","templated":true}]}}