{"id":3713,"date":"2024-11-22T10:58:09","date_gmt":"2024-11-22T09:58:09","guid":{"rendered":"https:\/\/crm.lafabrikk.dev\/prestations\/production-engrenages\/"},"modified":"2024-12-17T14:44:13","modified_gmt":"2024-12-17T13:44:13","slug":"unsere-werkstatt","status":"publish","type":"page","link":"https:\/\/www.cordm.com\/de\/dienstleistungen\/unsere-werkstatt\/","title":{"rendered":"Unsere Werkstatt"},"content":{"rendered":"\n<p>Seit der Gr\u00fcndung im Jahr 1982 hat CORDM dank einer starken Investitionspolitik eine der modernsten und leistungsf\u00e4higsten Produktionsanlagen f\u00fcr die Herstellung von Zahnr\u00e4dern entwickelt.<\/p>\n\n\n\n<p>Heute verf\u00fcgen wir \u00fcber eine \u00fcberdachte Produktionsfl\u00e4che von 7.000 m\u00b2 und etwa f\u00fcnfzig Maschinen der neuesten Generation, so dass Sie von den pr\u00e4zisesten Technologien f\u00fcr die Herstellung Ihrer Zahnr\u00e4der profitieren k\u00f6nnen.<\/p>\n\n\n\n<p>Ein Team von 50 erfahrenen, gut ausgebildeten, autonomen und vielseitigen Technikern steuert unsere Produktionsmittel und sorgt daf\u00fcr, dass wir schnell reagieren und uns an jede Situation anpassen k\u00f6nnen.<\/p>\n\n\n\n<p>Die Vielfalt unserer Maschinen und die Tatsache, dass die Werkstatt im 3 x 8-Schichtbetrieb arbeitet, erm\u00f6glicht uns eine autonome Bearbeitung und ein flexibles Arbeiten. Alle W\u00e4rmebehandlungen, die in unserem Angebot enthalten sind, werden an ausgew\u00e4hlte, zuverl\u00e4ssige Partner vergeben, die von unserer Qualit\u00e4tsabteilung qualifiziert wurden, um Ihnen eine globale Fertigungsl\u00f6sung zu bieten.<\/p>\n\n\n\n<p>Au\u00dferdem k\u00f6nnen wir Ihnen dank unserer voll ausgestatteten Montagewerkstatt ganz oder teilweise montierte Baugruppen anbieten, die Ihren Anforderungen entsprechen. Das bedeutet, dass Sie ein Bauteil in Ihrer Werkstatt erhalten, das bereit ist, in Ihre Systeme integriert zu werden.<\/p>\n\n\n\n  <div id=\"bloc-textestylise-block_fa495a0a4f9aa03f83afefbcb335bb03\" class=\"bloc_enfants\">\n            <a href=\"https:\/\/www.cordm.com\/de\/dienstleistungen\/unsere-werkstatt\/fertigung-von-verzahnungsteile\/\" class=\"enfant\">\n          <div class=\"enfant-img\">\n            <img decoding=\"async\" alt=\"\" src=\"https:\/\/www.cordm.com\/wp-content\/uploads\/2025\/01\/cordm_site_1.jpg\" loading=\"lazy\" \/>\n          <\/div>\n          <div class=\"enfant-parent\">\n            Unsere Werkstatt          <\/div>\n          <h3 class=\"enfant-titre\">\n            Fertigung von Verzahnungsteile          <\/h3>\n          <div class=\"enfant-btn\"><svg xmlns=\"http:\/\/www.w3.org\/2000\/svg\" width=\"29.25\" height=\"36.312\" viewBox=\"0 0 29.25 36.312\"><path d=\"M17.209,0V26.534L1.049,15.761,0,17.336,17.868,29.25h.575L36.313,17.336l-1.05-1.574L19.1,26.534V0Z\" transform=\"translate(0 36.313) rotate(-90)\"\/><\/svg><\/div>\n        <\/a>\n              <a href=\"https:\/\/www.cordm.com\/de\/dienstleistungen\/unsere-werkstatt\/zahnfraesen\/\" class=\"enfant\">\n          <div class=\"enfant-img\">\n            <img decoding=\"async\" alt=\"\" src=\"https:\/\/www.cordm.com\/wp-content\/uploads\/2025\/01\/cordm_taillage_1.jpg\" loading=\"lazy\" \/>\n          <\/div>\n          <div class=\"enfant-parent\">\n            Unsere Werkstatt          <\/div>\n          <h3 class=\"enfant-titre\">\n            Zahnfr\u00e4sen          <\/h3>\n          <div class=\"enfant-btn\"><svg xmlns=\"http:\/\/www.w3.org\/2000\/svg\" width=\"29.25\" height=\"36.312\" viewBox=\"0 0 29.25 36.312\"><path d=\"M17.209,0V26.534L1.049,15.761,0,17.336,17.868,29.25h.575L36.313,17.336l-1.05-1.574L19.1,26.534V0Z\" transform=\"translate(0 36.313) rotate(-90)\"\/><\/svg><\/div>\n        <\/a>\n              <a href=\"https:\/\/www.cordm.com\/de\/dienstleistungen\/unsere-werkstatt\/verzahnungsschleifen\/\" class=\"enfant\">\n          <div class=\"enfant-img\">\n            <img decoding=\"async\" alt=\"\" src=\"https:\/\/www.cordm.com\/wp-content\/uploads\/2025\/01\/Rdm_065.jpg\" loading=\"lazy\" \/>\n          <\/div>\n          <div class=\"enfant-parent\">\n            Unsere Werkstatt          <\/div>\n          <h3 class=\"enfant-titre\">\n            Verzahnungsschleifen          <\/h3>\n          <div class=\"enfant-btn\"><svg xmlns=\"http:\/\/www.w3.org\/2000\/svg\" width=\"29.25\" height=\"36.312\" viewBox=\"0 0 29.25 36.312\"><path d=\"M17.209,0V26.534L1.049,15.761,0,17.336,17.868,29.25h.575L36.313,17.336l-1.05-1.574L19.1,26.534V0Z\" transform=\"translate(0 36.313) rotate(-90)\"\/><\/svg><\/div>\n        <\/a>\n              <a href=\"https:\/\/www.cordm.com\/de\/dienstleistungen\/unsere-werkstatt\/auswuchten\/\" class=\"enfant\">\n          <div class=\"enfant-img\">\n            <img decoding=\"async\" alt=\"\" src=\"https:\/\/www.cordm.com\/wp-content\/uploads\/2025\/01\/cordm_equilibrage_1.jpg\" loading=\"lazy\" \/>\n          <\/div>\n          <div class=\"enfant-parent\">\n            Unsere Werkstatt          <\/div>\n          <h3 class=\"enfant-titre\">\n            Auswuchten          <\/h3>\n          <div class=\"enfant-btn\"><svg xmlns=\"http:\/\/www.w3.org\/2000\/svg\" width=\"29.25\" height=\"36.312\" viewBox=\"0 0 29.25 36.312\"><path d=\"M17.209,0V26.534L1.049,15.761,0,17.336,17.868,29.25h.575L36.313,17.336l-1.05-1.574L19.1,26.534V0Z\" transform=\"translate(0 36.313) rotate(-90)\"\/><\/svg><\/div>\n        <\/a>\n              <a href=\"https:\/\/www.cordm.com\/de\/dienstleistungen\/unsere-werkstatt\/getriebereparatur\/\" class=\"enfant\">\n          <div class=\"enfant-img\">\n            <img decoding=\"async\" alt=\"\" src=\"https:\/\/www.cordm.com\/wp-content\/uploads\/2025\/01\/cordm_reparation_1.jpg\" loading=\"lazy\" \/>\n          <\/div>\n          <div class=\"enfant-parent\">\n            Unsere Werkstatt          <\/div>\n          <h3 class=\"enfant-titre\">\n            Getriebereparatur          <\/h3>\n          <div class=\"enfant-btn\"><svg xmlns=\"http:\/\/www.w3.org\/2000\/svg\" width=\"29.25\" height=\"36.312\" viewBox=\"0 0 29.25 36.312\"><path d=\"M17.209,0V26.534L1.049,15.761,0,17.336,17.868,29.25h.575L36.313,17.336l-1.05-1.574L19.1,26.534V0Z\" transform=\"translate(0 36.313) rotate(-90)\"\/><\/svg><\/div>\n        <\/a>\n        <\/div>\n  ","protected":false},"excerpt":{"rendered":"<p>Seit der Gr\u00fcndung im Jahr 1982 hat CORDM dank einer starken Investitionspolitik eine der modernsten und leistungsf\u00e4higsten Produktionsanlagen f\u00fcr die Herstellung von Zahnr\u00e4dern entwickelt. Heute verf\u00fcgen wir \u00fcber eine \u00fcberdachte Produktionsfl\u00e4che von 7.000 m\u00b2 und etwa f\u00fcnfzig Maschinen der neuesten Generation, so dass Sie von den pr\u00e4zisesten Technologien f\u00fcr die Herstellung Ihrer Zahnr\u00e4der profitieren k\u00f6nnen. [&hellip;]<\/p>\n","protected":false},"author":1,"featured_media":0,"parent":3710,"menu_order":0,"comment_status":"closed","ping_status":"closed","template":"","meta":{"_acf_changed":false,"footnotes":""},"class_list":["post-3713","page","type-page","status-publish","hentry"],"acf":[],"yoast_head":"<!-- This site is optimized with the Yoast SEO plugin v27.5 - https:\/\/yoast.com\/product\/yoast-seo-wordpress\/ -->\n<title>Unsere Werkstatt - CORDM Gears<\/title>\n<meta name=\"robots\" content=\"index, follow, max-snippet:-1, max-image-preview:large, max-video-preview:-1\" \/>\n<link rel=\"canonical\" href=\"https:\/\/www.cordm.com\/de\/dienstleistungen\/unsere-werkstatt\/\" \/>\n<meta property=\"og:locale\" content=\"de_DE\" \/>\n<meta property=\"og:type\" content=\"article\" \/>\n<meta property=\"og:title\" content=\"Unsere Werkstatt - CORDM Gears\" \/>\n<meta property=\"og:description\" content=\"Seit der Gr\u00fcndung im Jahr 1982 hat CORDM dank einer starken Investitionspolitik eine der modernsten und leistungsf\u00e4higsten Produktionsanlagen f\u00fcr die Herstellung von Zahnr\u00e4dern entwickelt. Heute verf\u00fcgen wir \u00fcber eine \u00fcberdachte Produktionsfl\u00e4che von 7.000 m\u00b2 und etwa f\u00fcnfzig Maschinen der neuesten Generation, so dass Sie von den pr\u00e4zisesten Technologien f\u00fcr die Herstellung Ihrer Zahnr\u00e4der profitieren k\u00f6nnen. [&hellip;]\" \/>\n<meta property=\"og:url\" content=\"https:\/\/www.cordm.com\/de\/dienstleistungen\/unsere-werkstatt\/\" \/>\n<meta property=\"og:site_name\" content=\"CORDM Gears\" \/>\n<meta property=\"article:modified_time\" content=\"2024-12-17T13:44:13+00:00\" \/>\n<meta name=\"twitter:card\" content=\"summary_large_image\" \/>\n<meta name=\"twitter:label1\" content=\"Gesch\u00e4tzte Lesezeit\" \/>\n\t<meta name=\"twitter:data1\" content=\"1\u00a0Minute\" \/>\n<script type=\"application\/ld+json\" class=\"yoast-schema-graph\">{\"@context\":\"https:\\\/\\\/schema.org\",\"@graph\":[{\"@type\":\"WebPage\",\"@id\":\"https:\\\/\\\/www.cordm.com\\\/de\\\/dienstleistungen\\\/unsere-werkstatt\\\/\",\"url\":\"https:\\\/\\\/www.cordm.com\\\/de\\\/dienstleistungen\\\/unsere-werkstatt\\\/\",\"name\":\"Unsere Werkstatt - CORDM Gears\",\"isPartOf\":{\"@id\":\"https:\\\/\\\/www.cordm.com\\\/de\\\/#website\"},\"datePublished\":\"2024-11-22T09:58:09+00:00\",\"dateModified\":\"2024-12-17T13:44:13+00:00\",\"breadcrumb\":{\"@id\":\"https:\\\/\\\/www.cordm.com\\\/de\\\/dienstleistungen\\\/unsere-werkstatt\\\/#breadcrumb\"},\"inLanguage\":\"de\",\"potentialAction\":[{\"@type\":\"ReadAction\",\"target\":[\"https:\\\/\\\/www.cordm.com\\\/de\\\/dienstleistungen\\\/unsere-werkstatt\\\/\"]}]},{\"@type\":\"BreadcrumbList\",\"@id\":\"https:\\\/\\\/www.cordm.com\\\/de\\\/dienstleistungen\\\/unsere-werkstatt\\\/#breadcrumb\",\"itemListElement\":[{\"@type\":\"ListItem\",\"position\":1,\"name\":\"CORDM Gears\",\"item\":\"https:\\\/\\\/www.cordm.com\\\/de\\\/\"},{\"@type\":\"ListItem\",\"position\":2,\"name\":\"Dienstleistungen\",\"item\":\"https:\\\/\\\/www.cordm.com\\\/de\\\/dienstleistungen\\\/\"},{\"@type\":\"ListItem\",\"position\":3,\"name\":\"Unsere Werkstatt\"}]},{\"@type\":\"WebSite\",\"@id\":\"https:\\\/\\\/www.cordm.com\\\/de\\\/#website\",\"url\":\"https:\\\/\\\/www.cordm.com\\\/de\\\/\",\"name\":\"CORDM Gears\",\"description\":\"\",\"publisher\":{\"@id\":\"https:\\\/\\\/www.cordm.com\\\/de\\\/#organization\"},\"potentialAction\":[{\"@type\":\"SearchAction\",\"target\":{\"@type\":\"EntryPoint\",\"urlTemplate\":\"https:\\\/\\\/www.cordm.com\\\/de\\\/?s={search_term_string}\"},\"query-input\":{\"@type\":\"PropertyValueSpecification\",\"valueRequired\":true,\"valueName\":\"search_term_string\"}}],\"inLanguage\":\"de\"},{\"@type\":\"Organization\",\"@id\":\"https:\\\/\\\/www.cordm.com\\\/de\\\/#organization\",\"name\":\"CORDM Gears\",\"url\":\"https:\\\/\\\/www.cordm.com\\\/de\\\/\",\"logo\":{\"@type\":\"ImageObject\",\"inLanguage\":\"de\",\"@id\":\"https:\\\/\\\/www.cordm.com\\\/de\\\/#\\\/schema\\\/logo\\\/image\\\/\",\"url\":\"https:\\\/\\\/www.cordm.com\\\/wp-content\\\/uploads\\\/2024\\\/10\\\/cordm_logo.png\",\"contentUrl\":\"https:\\\/\\\/www.cordm.com\\\/wp-content\\\/uploads\\\/2024\\\/10\\\/cordm_logo.png\",\"width\":332,\"height\":98,\"caption\":\"CORDM Gears\"},\"image\":{\"@id\":\"https:\\\/\\\/www.cordm.com\\\/de\\\/#\\\/schema\\\/logo\\\/image\\\/\"}}]}<\/script>\n<!-- \/ Yoast SEO plugin. -->","yoast_head_json":{"title":"Unsere Werkstatt - CORDM Gears","robots":{"index":"index","follow":"follow","max-snippet":"max-snippet:-1","max-image-preview":"max-image-preview:large","max-video-preview":"max-video-preview:-1"},"canonical":"https:\/\/www.cordm.com\/de\/dienstleistungen\/unsere-werkstatt\/","og_locale":"de_DE","og_type":"article","og_title":"Unsere Werkstatt - CORDM Gears","og_description":"Seit der Gr\u00fcndung im Jahr 1982 hat CORDM dank einer starken Investitionspolitik eine der modernsten und leistungsf\u00e4higsten Produktionsanlagen f\u00fcr die Herstellung von Zahnr\u00e4dern entwickelt. Heute verf\u00fcgen wir \u00fcber eine \u00fcberdachte Produktionsfl\u00e4che von 7.000 m\u00b2 und etwa f\u00fcnfzig Maschinen der neuesten Generation, so dass Sie von den pr\u00e4zisesten Technologien f\u00fcr die Herstellung Ihrer Zahnr\u00e4der profitieren k\u00f6nnen. [&hellip;]","og_url":"https:\/\/www.cordm.com\/de\/dienstleistungen\/unsere-werkstatt\/","og_site_name":"CORDM Gears","article_modified_time":"2024-12-17T13:44:13+00:00","twitter_card":"summary_large_image","twitter_misc":{"Gesch\u00e4tzte Lesezeit":"1\u00a0Minute"},"schema":{"@context":"https:\/\/schema.org","@graph":[{"@type":"WebPage","@id":"https:\/\/www.cordm.com\/de\/dienstleistungen\/unsere-werkstatt\/","url":"https:\/\/www.cordm.com\/de\/dienstleistungen\/unsere-werkstatt\/","name":"Unsere Werkstatt - CORDM Gears","isPartOf":{"@id":"https:\/\/www.cordm.com\/de\/#website"},"datePublished":"2024-11-22T09:58:09+00:00","dateModified":"2024-12-17T13:44:13+00:00","breadcrumb":{"@id":"https:\/\/www.cordm.com\/de\/dienstleistungen\/unsere-werkstatt\/#breadcrumb"},"inLanguage":"de","potentialAction":[{"@type":"ReadAction","target":["https:\/\/www.cordm.com\/de\/dienstleistungen\/unsere-werkstatt\/"]}]},{"@type":"BreadcrumbList","@id":"https:\/\/www.cordm.com\/de\/dienstleistungen\/unsere-werkstatt\/#breadcrumb","itemListElement":[{"@type":"ListItem","position":1,"name":"CORDM Gears","item":"https:\/\/www.cordm.com\/de\/"},{"@type":"ListItem","position":2,"name":"Dienstleistungen","item":"https:\/\/www.cordm.com\/de\/dienstleistungen\/"},{"@type":"ListItem","position":3,"name":"Unsere Werkstatt"}]},{"@type":"WebSite","@id":"https:\/\/www.cordm.com\/de\/#website","url":"https:\/\/www.cordm.com\/de\/","name":"CORDM Gears","description":"","publisher":{"@id":"https:\/\/www.cordm.com\/de\/#organization"},"potentialAction":[{"@type":"SearchAction","target":{"@type":"EntryPoint","urlTemplate":"https:\/\/www.cordm.com\/de\/?s={search_term_string}"},"query-input":{"@type":"PropertyValueSpecification","valueRequired":true,"valueName":"search_term_string"}}],"inLanguage":"de"},{"@type":"Organization","@id":"https:\/\/www.cordm.com\/de\/#organization","name":"CORDM Gears","url":"https:\/\/www.cordm.com\/de\/","logo":{"@type":"ImageObject","inLanguage":"de","@id":"https:\/\/www.cordm.com\/de\/#\/schema\/logo\/image\/","url":"https:\/\/www.cordm.com\/wp-content\/uploads\/2024\/10\/cordm_logo.png","contentUrl":"https:\/\/www.cordm.com\/wp-content\/uploads\/2024\/10\/cordm_logo.png","width":332,"height":98,"caption":"CORDM Gears"},"image":{"@id":"https:\/\/www.cordm.com\/de\/#\/schema\/logo\/image\/"}}]}},"_links":{"self":[{"href":"https:\/\/www.cordm.com\/de\/wp-json\/wp\/v2\/pages\/3713","targetHints":{"allow":["GET"]}}],"collection":[{"href":"https:\/\/www.cordm.com\/de\/wp-json\/wp\/v2\/pages"}],"about":[{"href":"https:\/\/www.cordm.com\/de\/wp-json\/wp\/v2\/types\/page"}],"author":[{"embeddable":true,"href":"https:\/\/www.cordm.com\/de\/wp-json\/wp\/v2\/users\/1"}],"replies":[{"embeddable":true,"href":"https:\/\/www.cordm.com\/de\/wp-json\/wp\/v2\/comments?post=3713"}],"version-history":[{"count":3,"href":"https:\/\/www.cordm.com\/de\/wp-json\/wp\/v2\/pages\/3713\/revisions"}],"predecessor-version":[{"id":4017,"href":"https:\/\/www.cordm.com\/de\/wp-json\/wp\/v2\/pages\/3713\/revisions\/4017"}],"up":[{"embeddable":true,"href":"https:\/\/www.cordm.com\/de\/wp-json\/wp\/v2\/pages\/3710"}],"wp:attachment":[{"href":"https:\/\/www.cordm.com\/de\/wp-json\/wp\/v2\/media?parent=3713"}],"curies":[{"name":"wp","href":"https:\/\/api.w.org\/{rel}","templated":true}]}}