{"id":3712,"date":"2024-11-22T10:57:34","date_gmt":"2024-11-22T09:57:34","guid":{"rendered":"https:\/\/crm.lafabrikk.dev\/prestations\/bureau-etudes\/"},"modified":"2024-12-17T14:41:54","modified_gmt":"2024-12-17T13:41:54","slug":"forschung-und-entwicklung","status":"publish","type":"page","link":"https:\/\/www.cordm.com\/de\/dienstleistungen\/forschung-und-entwicklung\/","title":{"rendered":"Forschung und Entwicklung"},"content":{"rendered":"\n<p>Unsere F&amp;E-Abteilung, die sich aus hochqualifizierten Technikern zusammensetzt, steht Ihnen zur Verf\u00fcgung, um Sie bei der Dimensionierung und den Konstruktionsberechnungen f\u00fcr mechanische Getriebe zu unterst\u00fctzen.<\/p>\n\n\n\n<p>Dimensionierung von Zahnr\u00e4dern, Festigkeitsberechnungen, Simulationswerkzeuge, 3D-Konstruktion und Scannen sowie Zeichnen sind nur einige der Dienstleistungen, die CORDM Ihnen anbieten kann. Diese Mess-, Berechnungs- und Simulationstools k\u00f6nnen sogar f\u00fcr das Reverse-Engineering verschlissener oder besch\u00e4digter mechanischer Teile verwendet werden.<\/p>\n\n\n\n<p>Wir verf\u00fcgen \u00fcber Zeichnungs- und Konstruktionssoftware (Solidworks, Autocad) sowie \u00fcber spezielle Berechnungssoftware f\u00fcr Zahnr\u00e4der (KissSoft, KissSys), um Sie bei Ihren technischen Entscheidungen zu unterst\u00fctzen. In Kombination mit unserer Erfahrung in der Herstellung von Zahnr\u00e4dern und der Reparatur von Getrieben verf\u00fcgen wir \u00fcber alle erforderlichen Kompetenzen, um ma\u00dfgeschneiderte L\u00f6sungen f\u00fcr Ihre Probleme anzubieten.<\/p>\n\n\n\n  <div id=\"bloc-textestylise-block_92a81764dfef04a9df852078b3f4183b\" class=\"bloc_enfants\">\n            <a href=\"https:\/\/www.cordm.com\/de\/dienstleistungen\/forschung-und-entwicklung\/technische-unterstuetzung\/\" class=\"enfant\">\n          <div class=\"enfant-img\">\n            <img decoding=\"async\" alt=\"\" src=\"https:\/\/www.cordm.com\/wp-content\/uploads\/2025\/01\/cordm_calculs-engrenages_1-1.jpg\" loading=\"lazy\" \/>\n          <\/div>\n          <div class=\"enfant-parent\">\n            Forschung und Entwicklung          <\/div>\n          <h3 class=\"enfant-titre\">\n            Technische Unterst\u00fctzung          <\/h3>\n          <div class=\"enfant-btn\"><svg xmlns=\"http:\/\/www.w3.org\/2000\/svg\" width=\"29.25\" height=\"36.312\" viewBox=\"0 0 29.25 36.312\"><path d=\"M17.209,0V26.534L1.049,15.761,0,17.336,17.868,29.25h.575L36.313,17.336l-1.05-1.574L19.1,26.534V0Z\" transform=\"translate(0 36.313) rotate(-90)\"\/><\/svg><\/div>\n        <\/a>\n              <a href=\"https:\/\/www.cordm.com\/de\/dienstleistungen\/forschung-und-entwicklung\/instandsetzungen\/\" class=\"enfant\">\n          <div class=\"enfant-img\">\n            <img decoding=\"async\" alt=\"\" src=\"https:\/\/www.cordm.com\/wp-content\/uploads\/2024\/11\/cordm_reparation-1.jpg\" loading=\"lazy\" \/>\n          <\/div>\n          <div class=\"enfant-parent\">\n            Forschung und Entwicklung          <\/div>\n          <h3 class=\"enfant-titre\">\n            Instandsetzungen          <\/h3>\n          <div class=\"enfant-btn\"><svg xmlns=\"http:\/\/www.w3.org\/2000\/svg\" width=\"29.25\" height=\"36.312\" viewBox=\"0 0 29.25 36.312\"><path d=\"M17.209,0V26.534L1.049,15.761,0,17.336,17.868,29.25h.575L36.313,17.336l-1.05-1.574L19.1,26.534V0Z\" transform=\"translate(0 36.313) rotate(-90)\"\/><\/svg><\/div>\n        <\/a>\n        <\/div>\n  \n\n\n<p><\/p>\n","protected":false},"excerpt":{"rendered":"<p>Unsere F&amp;E-Abteilung, die sich aus hochqualifizierten Technikern zusammensetzt, steht Ihnen zur Verf\u00fcgung, um Sie bei der Dimensionierung und den Konstruktionsberechnungen f\u00fcr mechanische Getriebe zu unterst\u00fctzen. Dimensionierung von Zahnr\u00e4dern, Festigkeitsberechnungen, Simulationswerkzeuge, 3D-Konstruktion und Scannen sowie Zeichnen sind nur einige der Dienstleistungen, die CORDM Ihnen anbieten kann. Diese Mess-, Berechnungs- und Simulationstools k\u00f6nnen sogar f\u00fcr das Reverse-Engineering [&hellip;]<\/p>\n","protected":false},"author":1,"featured_media":0,"parent":3710,"menu_order":0,"comment_status":"closed","ping_status":"closed","template":"","meta":{"_acf_changed":false,"footnotes":""},"class_list":["post-3712","page","type-page","status-publish","hentry"],"acf":[],"yoast_head":"<!-- This site is optimized with the Yoast SEO plugin v27.5 - https:\/\/yoast.com\/product\/yoast-seo-wordpress\/ -->\n<title>Forschung und Entwicklung - CORDM Gears<\/title>\n<meta name=\"robots\" content=\"index, follow, max-snippet:-1, max-image-preview:large, max-video-preview:-1\" \/>\n<link rel=\"canonical\" href=\"https:\/\/www.cordm.com\/de\/dienstleistungen\/forschung-und-entwicklung\/\" \/>\n<meta property=\"og:locale\" content=\"de_DE\" \/>\n<meta property=\"og:type\" content=\"article\" \/>\n<meta property=\"og:title\" content=\"Forschung und Entwicklung - CORDM Gears\" \/>\n<meta property=\"og:description\" content=\"Unsere F&amp;E-Abteilung, die sich aus hochqualifizierten Technikern zusammensetzt, steht Ihnen zur Verf\u00fcgung, um Sie bei der Dimensionierung und den Konstruktionsberechnungen f\u00fcr mechanische Getriebe zu unterst\u00fctzen. Dimensionierung von Zahnr\u00e4dern, Festigkeitsberechnungen, Simulationswerkzeuge, 3D-Konstruktion und Scannen sowie Zeichnen sind nur einige der Dienstleistungen, die CORDM Ihnen anbieten kann. Diese Mess-, Berechnungs- und Simulationstools k\u00f6nnen sogar f\u00fcr das Reverse-Engineering [&hellip;]\" \/>\n<meta property=\"og:url\" content=\"https:\/\/www.cordm.com\/de\/dienstleistungen\/forschung-und-entwicklung\/\" \/>\n<meta property=\"og:site_name\" content=\"CORDM Gears\" \/>\n<meta property=\"article:modified_time\" content=\"2024-12-17T13:41:54+00:00\" \/>\n<meta name=\"twitter:card\" content=\"summary_large_image\" \/>\n<meta name=\"twitter:label1\" content=\"Gesch\u00e4tzte Lesezeit\" \/>\n\t<meta name=\"twitter:data1\" content=\"1\u00a0Minute\" \/>\n<script type=\"application\/ld+json\" class=\"yoast-schema-graph\">{\"@context\":\"https:\\\/\\\/schema.org\",\"@graph\":[{\"@type\":\"WebPage\",\"@id\":\"https:\\\/\\\/www.cordm.com\\\/de\\\/dienstleistungen\\\/forschung-und-entwicklung\\\/\",\"url\":\"https:\\\/\\\/www.cordm.com\\\/de\\\/dienstleistungen\\\/forschung-und-entwicklung\\\/\",\"name\":\"Forschung und Entwicklung - CORDM Gears\",\"isPartOf\":{\"@id\":\"https:\\\/\\\/www.cordm.com\\\/de\\\/#website\"},\"datePublished\":\"2024-11-22T09:57:34+00:00\",\"dateModified\":\"2024-12-17T13:41:54+00:00\",\"breadcrumb\":{\"@id\":\"https:\\\/\\\/www.cordm.com\\\/de\\\/dienstleistungen\\\/forschung-und-entwicklung\\\/#breadcrumb\"},\"inLanguage\":\"de\",\"potentialAction\":[{\"@type\":\"ReadAction\",\"target\":[\"https:\\\/\\\/www.cordm.com\\\/de\\\/dienstleistungen\\\/forschung-und-entwicklung\\\/\"]}]},{\"@type\":\"BreadcrumbList\",\"@id\":\"https:\\\/\\\/www.cordm.com\\\/de\\\/dienstleistungen\\\/forschung-und-entwicklung\\\/#breadcrumb\",\"itemListElement\":[{\"@type\":\"ListItem\",\"position\":1,\"name\":\"CORDM Gears\",\"item\":\"https:\\\/\\\/www.cordm.com\\\/de\\\/\"},{\"@type\":\"ListItem\",\"position\":2,\"name\":\"Dienstleistungen\",\"item\":\"https:\\\/\\\/www.cordm.com\\\/de\\\/dienstleistungen\\\/\"},{\"@type\":\"ListItem\",\"position\":3,\"name\":\"Forschung und Entwicklung\"}]},{\"@type\":\"WebSite\",\"@id\":\"https:\\\/\\\/www.cordm.com\\\/de\\\/#website\",\"url\":\"https:\\\/\\\/www.cordm.com\\\/de\\\/\",\"name\":\"CORDM Gears\",\"description\":\"\",\"publisher\":{\"@id\":\"https:\\\/\\\/www.cordm.com\\\/de\\\/#organization\"},\"potentialAction\":[{\"@type\":\"SearchAction\",\"target\":{\"@type\":\"EntryPoint\",\"urlTemplate\":\"https:\\\/\\\/www.cordm.com\\\/de\\\/?s={search_term_string}\"},\"query-input\":{\"@type\":\"PropertyValueSpecification\",\"valueRequired\":true,\"valueName\":\"search_term_string\"}}],\"inLanguage\":\"de\"},{\"@type\":\"Organization\",\"@id\":\"https:\\\/\\\/www.cordm.com\\\/de\\\/#organization\",\"name\":\"CORDM Gears\",\"url\":\"https:\\\/\\\/www.cordm.com\\\/de\\\/\",\"logo\":{\"@type\":\"ImageObject\",\"inLanguage\":\"de\",\"@id\":\"https:\\\/\\\/www.cordm.com\\\/de\\\/#\\\/schema\\\/logo\\\/image\\\/\",\"url\":\"https:\\\/\\\/www.cordm.com\\\/wp-content\\\/uploads\\\/2024\\\/10\\\/cordm_logo.png\",\"contentUrl\":\"https:\\\/\\\/www.cordm.com\\\/wp-content\\\/uploads\\\/2024\\\/10\\\/cordm_logo.png\",\"width\":332,\"height\":98,\"caption\":\"CORDM Gears\"},\"image\":{\"@id\":\"https:\\\/\\\/www.cordm.com\\\/de\\\/#\\\/schema\\\/logo\\\/image\\\/\"}}]}<\/script>\n<!-- \/ Yoast SEO plugin. -->","yoast_head_json":{"title":"Forschung und Entwicklung - CORDM Gears","robots":{"index":"index","follow":"follow","max-snippet":"max-snippet:-1","max-image-preview":"max-image-preview:large","max-video-preview":"max-video-preview:-1"},"canonical":"https:\/\/www.cordm.com\/de\/dienstleistungen\/forschung-und-entwicklung\/","og_locale":"de_DE","og_type":"article","og_title":"Forschung und Entwicklung - CORDM Gears","og_description":"Unsere F&amp;E-Abteilung, die sich aus hochqualifizierten Technikern zusammensetzt, steht Ihnen zur Verf\u00fcgung, um Sie bei der Dimensionierung und den Konstruktionsberechnungen f\u00fcr mechanische Getriebe zu unterst\u00fctzen. Dimensionierung von Zahnr\u00e4dern, Festigkeitsberechnungen, Simulationswerkzeuge, 3D-Konstruktion und Scannen sowie Zeichnen sind nur einige der Dienstleistungen, die CORDM Ihnen anbieten kann. Diese Mess-, Berechnungs- und Simulationstools k\u00f6nnen sogar f\u00fcr das Reverse-Engineering [&hellip;]","og_url":"https:\/\/www.cordm.com\/de\/dienstleistungen\/forschung-und-entwicklung\/","og_site_name":"CORDM Gears","article_modified_time":"2024-12-17T13:41:54+00:00","twitter_card":"summary_large_image","twitter_misc":{"Gesch\u00e4tzte Lesezeit":"1\u00a0Minute"},"schema":{"@context":"https:\/\/schema.org","@graph":[{"@type":"WebPage","@id":"https:\/\/www.cordm.com\/de\/dienstleistungen\/forschung-und-entwicklung\/","url":"https:\/\/www.cordm.com\/de\/dienstleistungen\/forschung-und-entwicklung\/","name":"Forschung und Entwicklung - CORDM Gears","isPartOf":{"@id":"https:\/\/www.cordm.com\/de\/#website"},"datePublished":"2024-11-22T09:57:34+00:00","dateModified":"2024-12-17T13:41:54+00:00","breadcrumb":{"@id":"https:\/\/www.cordm.com\/de\/dienstleistungen\/forschung-und-entwicklung\/#breadcrumb"},"inLanguage":"de","potentialAction":[{"@type":"ReadAction","target":["https:\/\/www.cordm.com\/de\/dienstleistungen\/forschung-und-entwicklung\/"]}]},{"@type":"BreadcrumbList","@id":"https:\/\/www.cordm.com\/de\/dienstleistungen\/forschung-und-entwicklung\/#breadcrumb","itemListElement":[{"@type":"ListItem","position":1,"name":"CORDM Gears","item":"https:\/\/www.cordm.com\/de\/"},{"@type":"ListItem","position":2,"name":"Dienstleistungen","item":"https:\/\/www.cordm.com\/de\/dienstleistungen\/"},{"@type":"ListItem","position":3,"name":"Forschung und Entwicklung"}]},{"@type":"WebSite","@id":"https:\/\/www.cordm.com\/de\/#website","url":"https:\/\/www.cordm.com\/de\/","name":"CORDM Gears","description":"","publisher":{"@id":"https:\/\/www.cordm.com\/de\/#organization"},"potentialAction":[{"@type":"SearchAction","target":{"@type":"EntryPoint","urlTemplate":"https:\/\/www.cordm.com\/de\/?s={search_term_string}"},"query-input":{"@type":"PropertyValueSpecification","valueRequired":true,"valueName":"search_term_string"}}],"inLanguage":"de"},{"@type":"Organization","@id":"https:\/\/www.cordm.com\/de\/#organization","name":"CORDM Gears","url":"https:\/\/www.cordm.com\/de\/","logo":{"@type":"ImageObject","inLanguage":"de","@id":"https:\/\/www.cordm.com\/de\/#\/schema\/logo\/image\/","url":"https:\/\/www.cordm.com\/wp-content\/uploads\/2024\/10\/cordm_logo.png","contentUrl":"https:\/\/www.cordm.com\/wp-content\/uploads\/2024\/10\/cordm_logo.png","width":332,"height":98,"caption":"CORDM Gears"},"image":{"@id":"https:\/\/www.cordm.com\/de\/#\/schema\/logo\/image\/"}}]}},"_links":{"self":[{"href":"https:\/\/www.cordm.com\/de\/wp-json\/wp\/v2\/pages\/3712","targetHints":{"allow":["GET"]}}],"collection":[{"href":"https:\/\/www.cordm.com\/de\/wp-json\/wp\/v2\/pages"}],"about":[{"href":"https:\/\/www.cordm.com\/de\/wp-json\/wp\/v2\/types\/page"}],"author":[{"embeddable":true,"href":"https:\/\/www.cordm.com\/de\/wp-json\/wp\/v2\/users\/1"}],"replies":[{"embeddable":true,"href":"https:\/\/www.cordm.com\/de\/wp-json\/wp\/v2\/comments?post=3712"}],"version-history":[{"count":4,"href":"https:\/\/www.cordm.com\/de\/wp-json\/wp\/v2\/pages\/3712\/revisions"}],"predecessor-version":[{"id":4014,"href":"https:\/\/www.cordm.com\/de\/wp-json\/wp\/v2\/pages\/3712\/revisions\/4014"}],"up":[{"embeddable":true,"href":"https:\/\/www.cordm.com\/de\/wp-json\/wp\/v2\/pages\/3710"}],"wp:attachment":[{"href":"https:\/\/www.cordm.com\/de\/wp-json\/wp\/v2\/media?parent=3712"}],"curies":[{"name":"wp","href":"https:\/\/api.w.org\/{rel}","templated":true}]}}